{"id":9637,"date":"2019-12-28T12:38:13","date_gmt":"2019-12-28T11:38:13","guid":{"rendered":"https:\/\/lacerretaterme.it\/prodotto\/matis\/"},"modified":"2022-10-14T10:06:58","modified_gmt":"2022-10-14T08:06:58","slug":"matis","status":"publish","type":"product","link":"https:\/\/lacerretaterme.it\/de\/prodotto\/matis\/","title":{"rendered":"Matis"},"content":{"rendered":"<h3>Beschreibung:<\/h3> <p>Wein aus Trauben aus biologisch-dynamischer Landwirtschaft, die von ICEA und DEMETER zertifiziert sind. Die agronomische Bewirtschaftung der Weinberge und die Z\u00fcchtungstechniken sind so angelegt, dass die Pflanze ein gro\u00dfes Gleichgewicht erh\u00e4lt. Die Hauptd\u00fcngung erfolgt mit Gr\u00fcnd\u00fcngung von H\u00fclsenfr\u00fcchten, Kreuzbl\u00fctlern, Gr\u00e4sern und der Verwendung unseres Kompostd\u00fcngers. Die Pestizidbehandlungen basieren ausschlie\u00dflich auf Schwefel, Bentonit, sehr wenig Kupfer und nat\u00fcrlich auf biologisch-dynamischen Pr\u00e4paraten. Der Wein, der aus diesen Trauben stammt, spiegelt das Gleichgewicht und die Harmonie zwischen Pflanze und Boden wider und bringt unser Gebiet maximal zum Ausdruck.<\/p> <h3>Anmerkungen zur Verkostung:<\/h3> <p>Der Wei\u00dfwein des Hauses ist ein strohgelber Wein mit goldenen Reflexen; er hat eine volle und kr\u00e4ftige Nase mit Noten von Zitrusfr\u00fcchten und exotischen, pflanzlichen Noten von Salbei und wildem Fenchel. Im Ziel gibt es noch mehr honigs\u00fc\u00dfe Hinweise. Im Mund ist das Ganze angenehm, ausgewogen, rund und vollmundig, zeigt eine interessante Schmackhaftigkeit und eine angenehme L\u00e4nge. Insgesamt eine harmonische chorische Darbietung unseres einzigartigen Wei\u00df.<\/p> <h3>Seine Tugend:<\/h3> <p>Die W\u00e4rme, die ausstrahlt<\/p> <h3>Neugierde:<\/h3> <p>Das Etikett dieses Weins ist Mattia (genannt Matis) gewidmet, der seit seiner Kindheit den Traum hatte, gro\u00dfe Weine herzustellen und dies ist der erste Wein, der von unserem Unternehmen hergestellt und abgef\u00fcllt wird. Die Grafik stellt Mattia dar, der aus der Welt der Tr\u00e4ume in die Realit\u00e4t hinabsteigt (der stilisierte Weinberg am Fu\u00dfe) und im Hintergrund das helle Sternbild Krebs hat, unter dem er geboren wurde.<\/p> ","protected":false},"excerpt":{"rendered":"<p>Beschreibung: Wein aus Trauben aus biologisch-dynamischer Landwirtschaft, die von ICEA und DEMETER zertifiziert sind. Die agronomische Bewirtschaftung der Weinberge und die Z\u00fcchtungstechniken sind so angelegt, dass die Pflanze ein gro\u00dfes Gleichgewicht erh\u00e4lt. Die Hauptd\u00fcngung erfolgt mit Gr\u00fcnd\u00fcngung von H\u00fclsenfr\u00fcchten, Kreuzbl\u00fctlern, Gr\u00e4sern und der Verwendung unseres Kompostd\u00fcngers. Die Pestizidbehandlungen basieren ausschlie\u00dflich auf Schwefel, Bentonit, sehr wenig [&hellip;]<\/p>\n","protected":false},"featured_media":7202,"comment_status":"closed","ping_status":"closed","template":"","meta":{"_acf_changed":false},"product_cat":[127],"product_tag":[],"acf":[],"yoast_head":"<!-- This site is optimized with the Yoast SEO plugin v22.7 - https:\/\/yoast.com\/wordpress\/plugins\/seo\/ -->\n<title>Matis - La Cerreta<\/title>\n<meta name=\"robots\" content=\"index, follow, max-snippet:-1, max-image-preview:large, max-video-preview:-1\" \/>\n<link rel=\"canonical\" href=\"https:\/\/lacerretaterme.it\/de\/prodotto\/matis\/\" \/>\n<meta property=\"og:locale\" content=\"de_DE\" \/>\n<meta property=\"og:type\" content=\"article\" \/>\n<meta property=\"og:title\" content=\"Matis - La Cerreta\" \/>\n<meta property=\"og:description\" content=\"Beschreibung: Wein aus Trauben aus biologisch-dynamischer Landwirtschaft, die von ICEA und DEMETER zertifiziert sind. Die agronomische Bewirtschaftung der Weinberge und die Z\u00fcchtungstechniken sind so angelegt, dass die Pflanze ein gro\u00dfes Gleichgewicht erh\u00e4lt. Die Hauptd\u00fcngung erfolgt mit Gr\u00fcnd\u00fcngung von H\u00fclsenfr\u00fcchten, Kreuzbl\u00fctlern, Gr\u00e4sern und der Verwendung unseres Kompostd\u00fcngers. Die Pestizidbehandlungen basieren ausschlie\u00dflich auf Schwefel, Bentonit, sehr wenig [&hellip;]\" \/>\n<meta property=\"og:url\" content=\"https:\/\/lacerretaterme.it\/de\/prodotto\/matis\/\" \/>\n<meta property=\"og:site_name\" content=\"La Cerreta\" \/>\n<meta property=\"article:modified_time\" content=\"2022-10-14T08:06:58+00:00\" \/>\n<meta property=\"og:image\" content=\"https:\/\/lacerretaterme.it\/wp-content\/uploads\/2020\/01\/matis-cerreta.png\" \/>\n\t<meta property=\"og:image:width\" content=\"500\" \/>\n\t<meta property=\"og:image:height\" content=\"1700\" \/>\n\t<meta property=\"og:image:type\" content=\"image\/png\" \/>\n<meta name=\"twitter:card\" content=\"summary_large_image\" \/>\n<meta name=\"twitter:label1\" content=\"Gesch\u00e4tzte Lesezeit\" \/>\n\t<meta name=\"twitter:data1\" content=\"1\u00a0Minute\" \/>\n<script type=\"application\/ld+json\" class=\"yoast-schema-graph\">{\"@context\":\"https:\/\/schema.org\",\"@graph\":[{\"@type\":\"WebPage\",\"@id\":\"https:\/\/lacerretaterme.it\/de\/prodotto\/matis\/\",\"url\":\"https:\/\/lacerretaterme.it\/de\/prodotto\/matis\/\",\"name\":\"Matis - La Cerreta\",\"isPartOf\":{\"@id\":\"https:\/\/lacerretaterme.it\/de\/#website\"},\"primaryImageOfPage\":{\"@id\":\"https:\/\/lacerretaterme.it\/de\/prodotto\/matis\/#primaryimage\"},\"image\":{\"@id\":\"https:\/\/lacerretaterme.it\/de\/prodotto\/matis\/#primaryimage\"},\"thumbnailUrl\":\"https:\/\/lacerretaterme.it\/wp-content\/uploads\/2020\/01\/matis-cerreta.png\",\"datePublished\":\"2019-12-28T11:38:13+00:00\",\"dateModified\":\"2022-10-14T08:06:58+00:00\",\"breadcrumb\":{\"@id\":\"https:\/\/lacerretaterme.it\/de\/prodotto\/matis\/#breadcrumb\"},\"inLanguage\":\"de\",\"potentialAction\":[{\"@type\":\"ReadAction\",\"target\":[\"https:\/\/lacerretaterme.it\/de\/prodotto\/matis\/\"]}]},{\"@type\":\"ImageObject\",\"inLanguage\":\"de\",\"@id\":\"https:\/\/lacerretaterme.it\/de\/prodotto\/matis\/#primaryimage\",\"url\":\"https:\/\/lacerretaterme.it\/wp-content\/uploads\/2020\/01\/matis-cerreta.png\",\"contentUrl\":\"https:\/\/lacerretaterme.it\/wp-content\/uploads\/2020\/01\/matis-cerreta.png\",\"width\":500,\"height\":1700},{\"@type\":\"BreadcrumbList\",\"@id\":\"https:\/\/lacerretaterme.it\/de\/prodotto\/matis\/#breadcrumb\",\"itemListElement\":[{\"@type\":\"ListItem\",\"position\":1,\"name\":\"Shop\",\"item\":\"https:\/\/lacerretaterme.it\/de\/negozio\/\"},{\"@type\":\"ListItem\",\"position\":2,\"name\":\"Matis\"}]},{\"@type\":\"WebSite\",\"@id\":\"https:\/\/lacerretaterme.it\/de\/#website\",\"url\":\"https:\/\/lacerretaterme.it\/de\/\",\"name\":\"La Cerreta\",\"description\":\"Biodynamical thermal farmhouse\",\"potentialAction\":[{\"@type\":\"SearchAction\",\"target\":{\"@type\":\"EntryPoint\",\"urlTemplate\":\"https:\/\/lacerretaterme.it\/de\/?s={search_term_string}\"},\"query-input\":\"required name=search_term_string\"}],\"inLanguage\":\"de\"}]}<\/script>\n<!-- \/ Yoast SEO plugin. -->","yoast_head_json":{"title":"Matis - La Cerreta","robots":{"index":"index","follow":"follow","max-snippet":"max-snippet:-1","max-image-preview":"max-image-preview:large","max-video-preview":"max-video-preview:-1"},"canonical":"https:\/\/lacerretaterme.it\/de\/prodotto\/matis\/","og_locale":"de_DE","og_type":"article","og_title":"Matis - La Cerreta","og_description":"Beschreibung: Wein aus Trauben aus biologisch-dynamischer Landwirtschaft, die von ICEA und DEMETER zertifiziert sind. Die agronomische Bewirtschaftung der Weinberge und die Z\u00fcchtungstechniken sind so angelegt, dass die Pflanze ein gro\u00dfes Gleichgewicht erh\u00e4lt. Die Hauptd\u00fcngung erfolgt mit Gr\u00fcnd\u00fcngung von H\u00fclsenfr\u00fcchten, Kreuzbl\u00fctlern, Gr\u00e4sern und der Verwendung unseres Kompostd\u00fcngers. Die Pestizidbehandlungen basieren ausschlie\u00dflich auf Schwefel, Bentonit, sehr wenig [&hellip;]","og_url":"https:\/\/lacerretaterme.it\/de\/prodotto\/matis\/","og_site_name":"La Cerreta","article_modified_time":"2022-10-14T08:06:58+00:00","og_image":[{"width":500,"height":1700,"url":"https:\/\/lacerretaterme.it\/wp-content\/uploads\/2020\/01\/matis-cerreta.png","type":"image\/png"}],"twitter_card":"summary_large_image","twitter_misc":{"Gesch\u00e4tzte Lesezeit":"1\u00a0Minute"},"schema":{"@context":"https:\/\/schema.org","@graph":[{"@type":"WebPage","@id":"https:\/\/lacerretaterme.it\/de\/prodotto\/matis\/","url":"https:\/\/lacerretaterme.it\/de\/prodotto\/matis\/","name":"Matis - La Cerreta","isPartOf":{"@id":"https:\/\/lacerretaterme.it\/de\/#website"},"primaryImageOfPage":{"@id":"https:\/\/lacerretaterme.it\/de\/prodotto\/matis\/#primaryimage"},"image":{"@id":"https:\/\/lacerretaterme.it\/de\/prodotto\/matis\/#primaryimage"},"thumbnailUrl":"https:\/\/lacerretaterme.it\/wp-content\/uploads\/2020\/01\/matis-cerreta.png","datePublished":"2019-12-28T11:38:13+00:00","dateModified":"2022-10-14T08:06:58+00:00","breadcrumb":{"@id":"https:\/\/lacerretaterme.it\/de\/prodotto\/matis\/#breadcrumb"},"inLanguage":"de","potentialAction":[{"@type":"ReadAction","target":["https:\/\/lacerretaterme.it\/de\/prodotto\/matis\/"]}]},{"@type":"ImageObject","inLanguage":"de","@id":"https:\/\/lacerretaterme.it\/de\/prodotto\/matis\/#primaryimage","url":"https:\/\/lacerretaterme.it\/wp-content\/uploads\/2020\/01\/matis-cerreta.png","contentUrl":"https:\/\/lacerretaterme.it\/wp-content\/uploads\/2020\/01\/matis-cerreta.png","width":500,"height":1700},{"@type":"BreadcrumbList","@id":"https:\/\/lacerretaterme.it\/de\/prodotto\/matis\/#breadcrumb","itemListElement":[{"@type":"ListItem","position":1,"name":"Shop","item":"https:\/\/lacerretaterme.it\/de\/negozio\/"},{"@type":"ListItem","position":2,"name":"Matis"}]},{"@type":"WebSite","@id":"https:\/\/lacerretaterme.it\/de\/#website","url":"https:\/\/lacerretaterme.it\/de\/","name":"La Cerreta","description":"Biodynamical thermal farmhouse","potentialAction":[{"@type":"SearchAction","target":{"@type":"EntryPoint","urlTemplate":"https:\/\/lacerretaterme.it\/de\/?s={search_term_string}"},"query-input":"required name=search_term_string"}],"inLanguage":"de"}]}},"_links":{"self":[{"href":"https:\/\/lacerretaterme.it\/de\/wp-json\/wp\/v2\/product\/9637"}],"collection":[{"href":"https:\/\/lacerretaterme.it\/de\/wp-json\/wp\/v2\/product"}],"about":[{"href":"https:\/\/lacerretaterme.it\/de\/wp-json\/wp\/v2\/types\/product"}],"replies":[{"embeddable":true,"href":"https:\/\/lacerretaterme.it\/de\/wp-json\/wp\/v2\/comments?post=9637"}],"wp:featuredmedia":[{"embeddable":true,"href":"https:\/\/lacerretaterme.it\/de\/wp-json\/wp\/v2\/media\/7202"}],"wp:attachment":[{"href":"https:\/\/lacerretaterme.it\/de\/wp-json\/wp\/v2\/media?parent=9637"}],"wp:term":[{"taxonomy":"product_cat","embeddable":true,"href":"https:\/\/lacerretaterme.it\/de\/wp-json\/wp\/v2\/product_cat?post=9637"},{"taxonomy":"product_tag","embeddable":true,"href":"https:\/\/lacerretaterme.it\/de\/wp-json\/wp\/v2\/product_tag?post=9637"}],"curies":[{"name":"wp","href":"https:\/\/api.w.org\/{rel}","templated":true}]}}