{"id":9635,"date":"2020-01-08T16:41:39","date_gmt":"2020-01-08T15:41:39","guid":{"rendered":"https:\/\/lacerretaterme.it\/prodotto\/spargivento\/"},"modified":"2020-04-15T16:09:33","modified_gmt":"2020-04-15T14:09:33","slug":"spargivento","status":"publish","type":"product","link":"https:\/\/lacerretaterme.it\/de\/prodotto\/spargivento\/","title":{"rendered":"Spargivento"},"content":{"rendered":"<h2>Beschreibung:<\/h2> <p>Wein aus Trauben aus biologisch-dynamischer Landwirtschaft, die von ICEA und DEMETER zertifiziert sind. Die agronomische Bewirtschaftung der Weinberge und die Z\u00fcchtungstechniken sind so angelegt, dass die Pflanze ein gro\u00dfes Gleichgewicht erh\u00e4lt. Die Hauptd\u00fcngung erfolgt mit Gr\u00fcnd\u00fcngung von H\u00fclsenfr\u00fcchten, Kreuzbl\u00fctlern, Gr\u00e4sern und der Verwendung unseres Kompostd\u00fcngers. Die Pestizidbehandlungen basieren ausschlie\u00dflich auf Schwefel, Bentonit, sehr wenig Kupfer und nat\u00fcrlich auf biologisch-dynamischen Pr\u00e4paraten. Der Wein, der aus diesen Trauben stammt, spiegelt das Gleichgewicht und die Harmonie zwischen Pflanze und Boden wider und bringt unser Gebiet maximal zum Ausdruck.<\/p> <h2>Verkostungsnotizen:<\/h2> <p>Wie die Trauben, aus denen er sich zusammensetzt, hebt dieser Wein das Gebiet und die Toskana auf das Beste hervor. Eine intensive rote Farbe. Die Nase riecht sofort kr\u00e4ftige Fruchtnoten, die an Blaubeere und Pflaume erinnern, und l\u00e4sst dann Raum f\u00fcr komplexe D\u00fcfte von Leder und Gew\u00fcrzen. Der Geschmack ist lang, mineralisch und tief, mit einer ausgezeichneten S\u00e4ure, die die Angenehmheit eines Weines mit einer wichtigen Struktur und einem wichtigen Extrakt unterst\u00fctzt.<\/p> <h2>Seine Tugend:<\/h2> <p>Authentizit\u00e4t.<\/p> <h2>Neugierde:<\/h2> <p>Sogar das Etikett dieses Weins ist km0. Tats\u00e4chlich war es die Hausherrin, Frau Vilma, die die Grafiken unter Ber\u00fccksichtigung der Geschichte der Familie Mazzanti und Cerreta entworfen hat. Insbesondere die Biene mit dem Laub der Zirreiche stellt die Begegnung der Familie Mazzanti mit diesem Ort dar, der dank der nomadischen Imkerei, die Daniele bereits in den achtziger Jahren betrieben hatte, entdeckt wurde.<\/p> ","protected":false},"excerpt":{"rendered":"<p>Beschreibung: Wein aus Trauben aus biologisch-dynamischer Landwirtschaft, die von ICEA und DEMETER zertifiziert sind. Die agronomische Bewirtschaftung der Weinberge und die Z\u00fcchtungstechniken sind so angelegt, dass die Pflanze ein gro\u00dfes Gleichgewicht erh\u00e4lt. Die Hauptd\u00fcngung erfolgt mit Gr\u00fcnd\u00fcngung von H\u00fclsenfr\u00fcchten, Kreuzbl\u00fctlern, Gr\u00e4sern und der Verwendung unseres Kompostd\u00fcngers. Die Pestizidbehandlungen basieren ausschlie\u00dflich auf Schwefel, Bentonit, sehr wenig [&hellip;]<\/p>\n","protected":false},"featured_media":7481,"comment_status":"closed","ping_status":"closed","template":"","meta":{"_acf_changed":false},"product_cat":[127],"product_tag":[],"acf":[],"yoast_head":"<!-- This site is optimized with the Yoast SEO plugin v22.7 - https:\/\/yoast.com\/wordpress\/plugins\/seo\/ -->\n<title>Spargivento - La Cerreta<\/title>\n<meta name=\"robots\" content=\"index, follow, max-snippet:-1, max-image-preview:large, max-video-preview:-1\" \/>\n<link rel=\"canonical\" href=\"https:\/\/lacerretaterme.it\/de\/prodotto\/spargivento\/\" \/>\n<meta property=\"og:locale\" content=\"de_DE\" \/>\n<meta property=\"og:type\" content=\"article\" \/>\n<meta property=\"og:title\" content=\"Spargivento - La Cerreta\" \/>\n<meta property=\"og:description\" content=\"Beschreibung: Wein aus Trauben aus biologisch-dynamischer Landwirtschaft, die von ICEA und DEMETER zertifiziert sind. Die agronomische Bewirtschaftung der Weinberge und die Z\u00fcchtungstechniken sind so angelegt, dass die Pflanze ein gro\u00dfes Gleichgewicht erh\u00e4lt. Die Hauptd\u00fcngung erfolgt mit Gr\u00fcnd\u00fcngung von H\u00fclsenfr\u00fcchten, Kreuzbl\u00fctlern, Gr\u00e4sern und der Verwendung unseres Kompostd\u00fcngers. Die Pestizidbehandlungen basieren ausschlie\u00dflich auf Schwefel, Bentonit, sehr wenig [&hellip;]\" \/>\n<meta property=\"og:url\" content=\"https:\/\/lacerretaterme.it\/de\/prodotto\/spargivento\/\" \/>\n<meta property=\"og:site_name\" content=\"La Cerreta\" \/>\n<meta property=\"article:modified_time\" content=\"2020-04-15T14:09:33+00:00\" \/>\n<meta property=\"og:image\" content=\"https:\/\/lacerretaterme.it\/wp-content\/uploads\/2020\/01\/spargivento-cerreta.png\" \/>\n\t<meta property=\"og:image:width\" content=\"500\" \/>\n\t<meta property=\"og:image:height\" content=\"1700\" \/>\n\t<meta property=\"og:image:type\" content=\"image\/png\" \/>\n<meta name=\"twitter:card\" content=\"summary_large_image\" \/>\n<meta name=\"twitter:label1\" content=\"Gesch\u00e4tzte Lesezeit\" \/>\n\t<meta name=\"twitter:data1\" content=\"1\u00a0Minute\" \/>\n<script type=\"application\/ld+json\" class=\"yoast-schema-graph\">{\"@context\":\"https:\/\/schema.org\",\"@graph\":[{\"@type\":\"WebPage\",\"@id\":\"https:\/\/lacerretaterme.it\/de\/prodotto\/spargivento\/\",\"url\":\"https:\/\/lacerretaterme.it\/de\/prodotto\/spargivento\/\",\"name\":\"Spargivento - La Cerreta\",\"isPartOf\":{\"@id\":\"https:\/\/lacerretaterme.it\/de\/#website\"},\"primaryImageOfPage\":{\"@id\":\"https:\/\/lacerretaterme.it\/de\/prodotto\/spargivento\/#primaryimage\"},\"image\":{\"@id\":\"https:\/\/lacerretaterme.it\/de\/prodotto\/spargivento\/#primaryimage\"},\"thumbnailUrl\":\"https:\/\/lacerretaterme.it\/wp-content\/uploads\/2020\/01\/spargivento-cerreta.png\",\"datePublished\":\"2020-01-08T15:41:39+00:00\",\"dateModified\":\"2020-04-15T14:09:33+00:00\",\"breadcrumb\":{\"@id\":\"https:\/\/lacerretaterme.it\/de\/prodotto\/spargivento\/#breadcrumb\"},\"inLanguage\":\"de\",\"potentialAction\":[{\"@type\":\"ReadAction\",\"target\":[\"https:\/\/lacerretaterme.it\/de\/prodotto\/spargivento\/\"]}]},{\"@type\":\"ImageObject\",\"inLanguage\":\"de\",\"@id\":\"https:\/\/lacerretaterme.it\/de\/prodotto\/spargivento\/#primaryimage\",\"url\":\"https:\/\/lacerretaterme.it\/wp-content\/uploads\/2020\/01\/spargivento-cerreta.png\",\"contentUrl\":\"https:\/\/lacerretaterme.it\/wp-content\/uploads\/2020\/01\/spargivento-cerreta.png\",\"width\":500,\"height\":1700},{\"@type\":\"BreadcrumbList\",\"@id\":\"https:\/\/lacerretaterme.it\/de\/prodotto\/spargivento\/#breadcrumb\",\"itemListElement\":[{\"@type\":\"ListItem\",\"position\":1,\"name\":\"Shop\",\"item\":\"https:\/\/lacerretaterme.it\/de\/negozio\/\"},{\"@type\":\"ListItem\",\"position\":2,\"name\":\"Spargivento\"}]},{\"@type\":\"WebSite\",\"@id\":\"https:\/\/lacerretaterme.it\/de\/#website\",\"url\":\"https:\/\/lacerretaterme.it\/de\/\",\"name\":\"La Cerreta\",\"description\":\"Biodynamical thermal farmhouse\",\"potentialAction\":[{\"@type\":\"SearchAction\",\"target\":{\"@type\":\"EntryPoint\",\"urlTemplate\":\"https:\/\/lacerretaterme.it\/de\/?s={search_term_string}\"},\"query-input\":\"required name=search_term_string\"}],\"inLanguage\":\"de\"}]}<\/script>\n<!-- \/ Yoast SEO plugin. -->","yoast_head_json":{"title":"Spargivento - La Cerreta","robots":{"index":"index","follow":"follow","max-snippet":"max-snippet:-1","max-image-preview":"max-image-preview:large","max-video-preview":"max-video-preview:-1"},"canonical":"https:\/\/lacerretaterme.it\/de\/prodotto\/spargivento\/","og_locale":"de_DE","og_type":"article","og_title":"Spargivento - La Cerreta","og_description":"Beschreibung: Wein aus Trauben aus biologisch-dynamischer Landwirtschaft, die von ICEA und DEMETER zertifiziert sind. Die agronomische Bewirtschaftung der Weinberge und die Z\u00fcchtungstechniken sind so angelegt, dass die Pflanze ein gro\u00dfes Gleichgewicht erh\u00e4lt. Die Hauptd\u00fcngung erfolgt mit Gr\u00fcnd\u00fcngung von H\u00fclsenfr\u00fcchten, Kreuzbl\u00fctlern, Gr\u00e4sern und der Verwendung unseres Kompostd\u00fcngers. Die Pestizidbehandlungen basieren ausschlie\u00dflich auf Schwefel, Bentonit, sehr wenig [&hellip;]","og_url":"https:\/\/lacerretaterme.it\/de\/prodotto\/spargivento\/","og_site_name":"La Cerreta","article_modified_time":"2020-04-15T14:09:33+00:00","og_image":[{"width":500,"height":1700,"url":"https:\/\/lacerretaterme.it\/wp-content\/uploads\/2020\/01\/spargivento-cerreta.png","type":"image\/png"}],"twitter_card":"summary_large_image","twitter_misc":{"Gesch\u00e4tzte Lesezeit":"1\u00a0Minute"},"schema":{"@context":"https:\/\/schema.org","@graph":[{"@type":"WebPage","@id":"https:\/\/lacerretaterme.it\/de\/prodotto\/spargivento\/","url":"https:\/\/lacerretaterme.it\/de\/prodotto\/spargivento\/","name":"Spargivento - La Cerreta","isPartOf":{"@id":"https:\/\/lacerretaterme.it\/de\/#website"},"primaryImageOfPage":{"@id":"https:\/\/lacerretaterme.it\/de\/prodotto\/spargivento\/#primaryimage"},"image":{"@id":"https:\/\/lacerretaterme.it\/de\/prodotto\/spargivento\/#primaryimage"},"thumbnailUrl":"https:\/\/lacerretaterme.it\/wp-content\/uploads\/2020\/01\/spargivento-cerreta.png","datePublished":"2020-01-08T15:41:39+00:00","dateModified":"2020-04-15T14:09:33+00:00","breadcrumb":{"@id":"https:\/\/lacerretaterme.it\/de\/prodotto\/spargivento\/#breadcrumb"},"inLanguage":"de","potentialAction":[{"@type":"ReadAction","target":["https:\/\/lacerretaterme.it\/de\/prodotto\/spargivento\/"]}]},{"@type":"ImageObject","inLanguage":"de","@id":"https:\/\/lacerretaterme.it\/de\/prodotto\/spargivento\/#primaryimage","url":"https:\/\/lacerretaterme.it\/wp-content\/uploads\/2020\/01\/spargivento-cerreta.png","contentUrl":"https:\/\/lacerretaterme.it\/wp-content\/uploads\/2020\/01\/spargivento-cerreta.png","width":500,"height":1700},{"@type":"BreadcrumbList","@id":"https:\/\/lacerretaterme.it\/de\/prodotto\/spargivento\/#breadcrumb","itemListElement":[{"@type":"ListItem","position":1,"name":"Shop","item":"https:\/\/lacerretaterme.it\/de\/negozio\/"},{"@type":"ListItem","position":2,"name":"Spargivento"}]},{"@type":"WebSite","@id":"https:\/\/lacerretaterme.it\/de\/#website","url":"https:\/\/lacerretaterme.it\/de\/","name":"La Cerreta","description":"Biodynamical thermal farmhouse","potentialAction":[{"@type":"SearchAction","target":{"@type":"EntryPoint","urlTemplate":"https:\/\/lacerretaterme.it\/de\/?s={search_term_string}"},"query-input":"required name=search_term_string"}],"inLanguage":"de"}]}},"_links":{"self":[{"href":"https:\/\/lacerretaterme.it\/de\/wp-json\/wp\/v2\/product\/9635"}],"collection":[{"href":"https:\/\/lacerretaterme.it\/de\/wp-json\/wp\/v2\/product"}],"about":[{"href":"https:\/\/lacerretaterme.it\/de\/wp-json\/wp\/v2\/types\/product"}],"replies":[{"embeddable":true,"href":"https:\/\/lacerretaterme.it\/de\/wp-json\/wp\/v2\/comments?post=9635"}],"wp:featuredmedia":[{"embeddable":true,"href":"https:\/\/lacerretaterme.it\/de\/wp-json\/wp\/v2\/media\/7481"}],"wp:attachment":[{"href":"https:\/\/lacerretaterme.it\/de\/wp-json\/wp\/v2\/media?parent=9635"}],"wp:term":[{"taxonomy":"product_cat","embeddable":true,"href":"https:\/\/lacerretaterme.it\/de\/wp-json\/wp\/v2\/product_cat?post=9635"},{"taxonomy":"product_tag","embeddable":true,"href":"https:\/\/lacerretaterme.it\/de\/wp-json\/wp\/v2\/product_tag?post=9635"}],"curies":[{"name":"wp","href":"https:\/\/api.w.org\/{rel}","templated":true}]}}