{"id":9540,"date":"2020-01-08T16:41:54","date_gmt":"2020-01-08T15:41:54","guid":{"rendered":"https:\/\/lacerretaterme.it\/prodotto\/rio-de-messi\/"},"modified":"2022-10-14T10:06:58","modified_gmt":"2022-10-14T08:06:58","slug":"rio-de-messi","status":"publish","type":"product","link":"https:\/\/lacerretaterme.it\/de\/prodotto\/rio-de-messi\/","title":{"rendered":"Rio de&#8216; Messi"},"content":{"rendered":"<h2>Beschreibung:<\/h2> <p>Wein aus Trauben aus biologisch-dynamischer Landwirtschaft, die von ICEA und DEMETER zertifiziert sind. Die agronomische Bewirtschaftung der Weinberge und die Z\u00fcchtungstechniken sind so angelegt, dass die Pflanze ein gro\u00dfes Gleichgewicht erh\u00e4lt. Die Hauptd\u00fcngung erfolgt mit Gr\u00fcnd\u00fcngung von H\u00fclsenfr\u00fcchten, Kreuzbl\u00fctlern, Gr\u00e4sern und der Verwendung unseres Kompostd\u00fcngers. Die Pestizidbehandlungen basieren ausschlie\u00dflich auf Schwefel, Bentonit, sehr wenig Kupfer und nat\u00fcrlich auf biologisch-dynamischen Pr\u00e4paraten. Der Wein, der aus diesen Trauben stammt, spiegelt das Gleichgewicht und die Harmonie zwischen Pflanze und Boden wider und bringt unser Gebiet maximal zum Ausdruck.<\/p> <h2>Verkostungsnotizen:<\/h2> <p>Der kieselhaltige, lehmige Boden mit starkem Skelettanteil, einem sehr niedrigen Hektarertrag und einer langsamen Alterung zeigen deutlich die Bedeutung unseres Weins. Dunkles, zum Violett tendierendes Rot, brillant und transparent trotz des materiellen Wesens, das beim langsamen Drehen im Glas wahrnehmbar ist. Die Nase riecht sofort fruchtige Noten von Sauerkirsche und Heidelbeere. Pflanzliche Aromen, die zu Balsamico tendieren, nehmen die dunklen Noten von Leder auf einem Hintergrund von Tabak und Schokolade vorweg. Die Tannine sind pr\u00e4sent, aber nicht aufdringlich, w\u00e4hrend ein bemerkenswertes S\u00e4urer\u00fcckgrat den Schub unterst\u00fctzt und ihn langsam trinken l\u00e4sst, wobei der Schritt zu einer leichten alkoholischen R\u00fcckkehr erfolgt.<\/p> <h2>Seine Tugend:<\/h2> <p>Die Leidenschaft<\/p> <h2>Neugierde:<\/h2> <p>Sogar das Etikett dieses Weins ist km0. Tats\u00e4chlich war es die Hausherrin, Frau Vilma, die die Grafiken unter Ber\u00fccksichtigung der Geschichte der Familie Mazzanti und Cerreta entworfen hat. Insbesondere der Fluss, der das Etikett charakterisiert, gibt das Gesicht von Tommaso, Vilmas Sohn, wieder.<\/p> ","protected":false},"excerpt":{"rendered":"<p>Beschreibung: Wein aus Trauben aus biologisch-dynamischer Landwirtschaft, die von ICEA und DEMETER zertifiziert sind. Die agronomische Bewirtschaftung der Weinberge und die Z\u00fcchtungstechniken sind so angelegt, dass die Pflanze ein gro\u00dfes Gleichgewicht erh\u00e4lt. Die Hauptd\u00fcngung erfolgt mit Gr\u00fcnd\u00fcngung von H\u00fclsenfr\u00fcchten, Kreuzbl\u00fctlern, Gr\u00e4sern und der Verwendung unseres Kompostd\u00fcngers. Die Pestizidbehandlungen basieren ausschlie\u00dflich auf Schwefel, Bentonit, sehr wenig [&hellip;]<\/p>\n","protected":false},"featured_media":7206,"comment_status":"closed","ping_status":"closed","template":"","meta":{"_acf_changed":false},"product_cat":[127],"product_tag":[],"acf":[],"yoast_head":"<!-- This site is optimized with the Yoast SEO plugin v22.7 - https:\/\/yoast.com\/wordpress\/plugins\/seo\/ -->\n<title>Rio de&#039; Messi - La Cerreta<\/title>\n<meta name=\"robots\" content=\"index, follow, max-snippet:-1, max-image-preview:large, max-video-preview:-1\" \/>\n<link rel=\"canonical\" href=\"https:\/\/lacerretaterme.it\/de\/prodotto\/rio-de-messi\/\" \/>\n<meta property=\"og:locale\" content=\"de_DE\" \/>\n<meta property=\"og:type\" content=\"article\" \/>\n<meta property=\"og:title\" content=\"Rio de&#039; Messi - La Cerreta\" \/>\n<meta property=\"og:description\" content=\"Beschreibung: Wein aus Trauben aus biologisch-dynamischer Landwirtschaft, die von ICEA und DEMETER zertifiziert sind. Die agronomische Bewirtschaftung der Weinberge und die Z\u00fcchtungstechniken sind so angelegt, dass die Pflanze ein gro\u00dfes Gleichgewicht erh\u00e4lt. Die Hauptd\u00fcngung erfolgt mit Gr\u00fcnd\u00fcngung von H\u00fclsenfr\u00fcchten, Kreuzbl\u00fctlern, Gr\u00e4sern und der Verwendung unseres Kompostd\u00fcngers. Die Pestizidbehandlungen basieren ausschlie\u00dflich auf Schwefel, Bentonit, sehr wenig [&hellip;]\" \/>\n<meta property=\"og:url\" content=\"https:\/\/lacerretaterme.it\/de\/prodotto\/rio-de-messi\/\" \/>\n<meta property=\"og:site_name\" content=\"La Cerreta\" \/>\n<meta property=\"article:modified_time\" content=\"2022-10-14T08:06:58+00:00\" \/>\n<meta property=\"og:image\" content=\"https:\/\/lacerretaterme.it\/wp-content\/uploads\/2020\/01\/rio-de-messi-cerreta.png\" \/>\n\t<meta property=\"og:image:width\" content=\"500\" \/>\n\t<meta property=\"og:image:height\" content=\"1700\" \/>\n\t<meta property=\"og:image:type\" content=\"image\/png\" \/>\n<meta name=\"twitter:card\" content=\"summary_large_image\" \/>\n<meta name=\"twitter:label1\" content=\"Gesch\u00e4tzte Lesezeit\" \/>\n\t<meta name=\"twitter:data1\" content=\"1\u00a0Minute\" \/>\n<script type=\"application\/ld+json\" class=\"yoast-schema-graph\">{\"@context\":\"https:\/\/schema.org\",\"@graph\":[{\"@type\":\"WebPage\",\"@id\":\"https:\/\/lacerretaterme.it\/de\/prodotto\/rio-de-messi\/\",\"url\":\"https:\/\/lacerretaterme.it\/de\/prodotto\/rio-de-messi\/\",\"name\":\"Rio de' Messi - La Cerreta\",\"isPartOf\":{\"@id\":\"https:\/\/lacerretaterme.it\/de\/#website\"},\"primaryImageOfPage\":{\"@id\":\"https:\/\/lacerretaterme.it\/de\/prodotto\/rio-de-messi\/#primaryimage\"},\"image\":{\"@id\":\"https:\/\/lacerretaterme.it\/de\/prodotto\/rio-de-messi\/#primaryimage\"},\"thumbnailUrl\":\"https:\/\/lacerretaterme.it\/wp-content\/uploads\/2020\/01\/rio-de-messi-cerreta.png\",\"datePublished\":\"2020-01-08T15:41:54+00:00\",\"dateModified\":\"2022-10-14T08:06:58+00:00\",\"breadcrumb\":{\"@id\":\"https:\/\/lacerretaterme.it\/de\/prodotto\/rio-de-messi\/#breadcrumb\"},\"inLanguage\":\"de\",\"potentialAction\":[{\"@type\":\"ReadAction\",\"target\":[\"https:\/\/lacerretaterme.it\/de\/prodotto\/rio-de-messi\/\"]}]},{\"@type\":\"ImageObject\",\"inLanguage\":\"de\",\"@id\":\"https:\/\/lacerretaterme.it\/de\/prodotto\/rio-de-messi\/#primaryimage\",\"url\":\"https:\/\/lacerretaterme.it\/wp-content\/uploads\/2020\/01\/rio-de-messi-cerreta.png\",\"contentUrl\":\"https:\/\/lacerretaterme.it\/wp-content\/uploads\/2020\/01\/rio-de-messi-cerreta.png\",\"width\":500,\"height\":1700},{\"@type\":\"BreadcrumbList\",\"@id\":\"https:\/\/lacerretaterme.it\/de\/prodotto\/rio-de-messi\/#breadcrumb\",\"itemListElement\":[{\"@type\":\"ListItem\",\"position\":1,\"name\":\"Shop\",\"item\":\"https:\/\/lacerretaterme.it\/de\/negozio\/\"},{\"@type\":\"ListItem\",\"position\":2,\"name\":\"Rio de&#8216; Messi\"}]},{\"@type\":\"WebSite\",\"@id\":\"https:\/\/lacerretaterme.it\/de\/#website\",\"url\":\"https:\/\/lacerretaterme.it\/de\/\",\"name\":\"La Cerreta\",\"description\":\"Biodynamical thermal farmhouse\",\"potentialAction\":[{\"@type\":\"SearchAction\",\"target\":{\"@type\":\"EntryPoint\",\"urlTemplate\":\"https:\/\/lacerretaterme.it\/de\/?s={search_term_string}\"},\"query-input\":\"required name=search_term_string\"}],\"inLanguage\":\"de\"}]}<\/script>\n<!-- \/ Yoast SEO plugin. -->","yoast_head_json":{"title":"Rio de' Messi - La Cerreta","robots":{"index":"index","follow":"follow","max-snippet":"max-snippet:-1","max-image-preview":"max-image-preview:large","max-video-preview":"max-video-preview:-1"},"canonical":"https:\/\/lacerretaterme.it\/de\/prodotto\/rio-de-messi\/","og_locale":"de_DE","og_type":"article","og_title":"Rio de' Messi - La Cerreta","og_description":"Beschreibung: Wein aus Trauben aus biologisch-dynamischer Landwirtschaft, die von ICEA und DEMETER zertifiziert sind. Die agronomische Bewirtschaftung der Weinberge und die Z\u00fcchtungstechniken sind so angelegt, dass die Pflanze ein gro\u00dfes Gleichgewicht erh\u00e4lt. Die Hauptd\u00fcngung erfolgt mit Gr\u00fcnd\u00fcngung von H\u00fclsenfr\u00fcchten, Kreuzbl\u00fctlern, Gr\u00e4sern und der Verwendung unseres Kompostd\u00fcngers. Die Pestizidbehandlungen basieren ausschlie\u00dflich auf Schwefel, Bentonit, sehr wenig [&hellip;]","og_url":"https:\/\/lacerretaterme.it\/de\/prodotto\/rio-de-messi\/","og_site_name":"La Cerreta","article_modified_time":"2022-10-14T08:06:58+00:00","og_image":[{"width":500,"height":1700,"url":"https:\/\/lacerretaterme.it\/wp-content\/uploads\/2020\/01\/rio-de-messi-cerreta.png","type":"image\/png"}],"twitter_card":"summary_large_image","twitter_misc":{"Gesch\u00e4tzte Lesezeit":"1\u00a0Minute"},"schema":{"@context":"https:\/\/schema.org","@graph":[{"@type":"WebPage","@id":"https:\/\/lacerretaterme.it\/de\/prodotto\/rio-de-messi\/","url":"https:\/\/lacerretaterme.it\/de\/prodotto\/rio-de-messi\/","name":"Rio de' Messi - La Cerreta","isPartOf":{"@id":"https:\/\/lacerretaterme.it\/de\/#website"},"primaryImageOfPage":{"@id":"https:\/\/lacerretaterme.it\/de\/prodotto\/rio-de-messi\/#primaryimage"},"image":{"@id":"https:\/\/lacerretaterme.it\/de\/prodotto\/rio-de-messi\/#primaryimage"},"thumbnailUrl":"https:\/\/lacerretaterme.it\/wp-content\/uploads\/2020\/01\/rio-de-messi-cerreta.png","datePublished":"2020-01-08T15:41:54+00:00","dateModified":"2022-10-14T08:06:58+00:00","breadcrumb":{"@id":"https:\/\/lacerretaterme.it\/de\/prodotto\/rio-de-messi\/#breadcrumb"},"inLanguage":"de","potentialAction":[{"@type":"ReadAction","target":["https:\/\/lacerretaterme.it\/de\/prodotto\/rio-de-messi\/"]}]},{"@type":"ImageObject","inLanguage":"de","@id":"https:\/\/lacerretaterme.it\/de\/prodotto\/rio-de-messi\/#primaryimage","url":"https:\/\/lacerretaterme.it\/wp-content\/uploads\/2020\/01\/rio-de-messi-cerreta.png","contentUrl":"https:\/\/lacerretaterme.it\/wp-content\/uploads\/2020\/01\/rio-de-messi-cerreta.png","width":500,"height":1700},{"@type":"BreadcrumbList","@id":"https:\/\/lacerretaterme.it\/de\/prodotto\/rio-de-messi\/#breadcrumb","itemListElement":[{"@type":"ListItem","position":1,"name":"Shop","item":"https:\/\/lacerretaterme.it\/de\/negozio\/"},{"@type":"ListItem","position":2,"name":"Rio de&#8216; Messi"}]},{"@type":"WebSite","@id":"https:\/\/lacerretaterme.it\/de\/#website","url":"https:\/\/lacerretaterme.it\/de\/","name":"La Cerreta","description":"Biodynamical thermal farmhouse","potentialAction":[{"@type":"SearchAction","target":{"@type":"EntryPoint","urlTemplate":"https:\/\/lacerretaterme.it\/de\/?s={search_term_string}"},"query-input":"required name=search_term_string"}],"inLanguage":"de"}]}},"_links":{"self":[{"href":"https:\/\/lacerretaterme.it\/de\/wp-json\/wp\/v2\/product\/9540"}],"collection":[{"href":"https:\/\/lacerretaterme.it\/de\/wp-json\/wp\/v2\/product"}],"about":[{"href":"https:\/\/lacerretaterme.it\/de\/wp-json\/wp\/v2\/types\/product"}],"replies":[{"embeddable":true,"href":"https:\/\/lacerretaterme.it\/de\/wp-json\/wp\/v2\/comments?post=9540"}],"wp:featuredmedia":[{"embeddable":true,"href":"https:\/\/lacerretaterme.it\/de\/wp-json\/wp\/v2\/media\/7206"}],"wp:attachment":[{"href":"https:\/\/lacerretaterme.it\/de\/wp-json\/wp\/v2\/media?parent=9540"}],"wp:term":[{"taxonomy":"product_cat","embeddable":true,"href":"https:\/\/lacerretaterme.it\/de\/wp-json\/wp\/v2\/product_cat?post=9540"},{"taxonomy":"product_tag","embeddable":true,"href":"https:\/\/lacerretaterme.it\/de\/wp-json\/wp\/v2\/product_tag?post=9540"}],"curies":[{"name":"wp","href":"https:\/\/api.w.org\/{rel}","templated":true}]}}