{"id":9533,"date":"2020-01-16T15:54:44","date_gmt":"2020-01-16T14:54:44","guid":{"rendered":"https:\/\/lacerretaterme.it\/prodotto\/rito-etrusco-thesan-il-sentiero-della-bellezza-da-110-minuti\/"},"modified":"2020-04-14T10:34:14","modified_gmt":"2020-04-14T08:34:14","slug":"rito-etrusco-thesan-il-sentiero-della-bellezza-da-110-minuti","status":"publish","type":"product","link":"https:\/\/lacerretaterme.it\/de\/prodotto\/rito-etrusco-thesan-il-sentiero-della-bellezza-da-110-minuti\/","title":{"rendered":"DER ETRUSKISCHE RITUS: DER 110-MIN\u00dcTIGE SCH\u00d6NHEITSPFAD"},"content":{"rendered":"<p><strong>Etruskischer Ritus Thesan &#8211; Der Pfad der Sch\u00f6nheit<\/strong> verdankt seinen Namen der G\u00f6ttin Thesan, der etruskischen G\u00f6ttin der Morgend\u00e4mmerung, die mit der Erzeugung von Leben verbunden ist.<\/p> <ul> <li>Warmer Schwamm mit Thermalwasser<\/li> <li>Honig und thermische Tonerde-Gesichtspackung<\/li> <li>Feuchtigkeitsspendende Peeling-Maske mit Milch, Weizenmehl und Kleie<\/li> <li>Warmer Schwamm mit Thermalwasser<\/li> <li>Etruskische Massage 50 Minuten<\/li> <\/ul> <p>Dauer: etwa 110 Minuten<\/p> ","protected":false},"excerpt":{"rendered":"<p>Etruskischer Ritus Thesan &#8211; Der Pfad der Sch\u00f6nheit verdankt seinen Namen der G\u00f6ttin Thesan, der etruskischen G\u00f6ttin der Morgend\u00e4mmerung, die mit der Erzeugung von Leben verbunden ist. Warmer Schwamm mit Thermalwasser Honig und thermische Tonerde-Gesichtspackung Feuchtigkeitsspendende Peeling-Maske mit Milch, Weizenmehl und Kleie Warmer Schwamm mit Thermalwasser Etruskische Massage 50 Minuten Dauer: etwa 110 Minuten<\/p>\n","protected":false},"featured_media":7399,"comment_status":"closed","ping_status":"closed","template":"","meta":{"_acf_changed":false},"product_cat":[],"product_tag":[],"acf":[],"yoast_head":"<!-- This site is optimized with the Yoast SEO plugin v22.7 - https:\/\/yoast.com\/wordpress\/plugins\/seo\/ -->\n<title>DER ETRUSKISCHE RITUS: DER 110-MIN\u00dcTIGE SCH\u00d6NHEITSPFAD - La Cerreta<\/title>\n<meta name=\"robots\" content=\"index, follow, max-snippet:-1, max-image-preview:large, max-video-preview:-1\" \/>\n<link rel=\"canonical\" href=\"https:\/\/lacerretaterme.it\/de\/prodotto\/rito-etrusco-thesan-il-sentiero-della-bellezza-da-110-minuti\/\" \/>\n<meta property=\"og:locale\" content=\"de_DE\" \/>\n<meta property=\"og:type\" content=\"article\" \/>\n<meta property=\"og:title\" content=\"DER ETRUSKISCHE RITUS: DER 110-MIN\u00dcTIGE SCH\u00d6NHEITSPFAD - La Cerreta\" \/>\n<meta property=\"og:description\" content=\"Etruskischer Ritus Thesan &#8211; Der Pfad der Sch\u00f6nheit verdankt seinen Namen der G\u00f6ttin Thesan, der etruskischen G\u00f6ttin der Morgend\u00e4mmerung, die mit der Erzeugung von Leben verbunden ist. Warmer Schwamm mit Thermalwasser Honig und thermische Tonerde-Gesichtspackung Feuchtigkeitsspendende Peeling-Maske mit Milch, Weizenmehl und Kleie Warmer Schwamm mit Thermalwasser Etruskische Massage 50 Minuten Dauer: etwa 110 Minuten\" \/>\n<meta property=\"og:url\" content=\"https:\/\/lacerretaterme.it\/de\/prodotto\/rito-etrusco-thesan-il-sentiero-della-bellezza-da-110-minuti\/\" \/>\n<meta property=\"og:site_name\" content=\"La Cerreta\" \/>\n<meta property=\"article:modified_time\" content=\"2020-04-14T08:34:14+00:00\" \/>\n<meta property=\"og:image\" content=\"https:\/\/lacerretaterme.it\/wp-content\/uploads\/2020\/01\/ZZ_8452.jpg\" \/>\n\t<meta property=\"og:image:width\" content=\"1980\" \/>\n\t<meta property=\"og:image:height\" content=\"1320\" \/>\n\t<meta property=\"og:image:type\" content=\"image\/jpeg\" \/>\n<meta name=\"twitter:card\" content=\"summary_large_image\" \/>\n<script type=\"application\/ld+json\" class=\"yoast-schema-graph\">{\"@context\":\"https:\/\/schema.org\",\"@graph\":[{\"@type\":\"WebPage\",\"@id\":\"https:\/\/lacerretaterme.it\/de\/prodotto\/rito-etrusco-thesan-il-sentiero-della-bellezza-da-110-minuti\/\",\"url\":\"https:\/\/lacerretaterme.it\/de\/prodotto\/rito-etrusco-thesan-il-sentiero-della-bellezza-da-110-minuti\/\",\"name\":\"DER ETRUSKISCHE RITUS: DER 110-MIN\u00dcTIGE SCH\u00d6NHEITSPFAD - La Cerreta\",\"isPartOf\":{\"@id\":\"https:\/\/lacerretaterme.it\/de\/#website\"},\"primaryImageOfPage\":{\"@id\":\"https:\/\/lacerretaterme.it\/de\/prodotto\/rito-etrusco-thesan-il-sentiero-della-bellezza-da-110-minuti\/#primaryimage\"},\"image\":{\"@id\":\"https:\/\/lacerretaterme.it\/de\/prodotto\/rito-etrusco-thesan-il-sentiero-della-bellezza-da-110-minuti\/#primaryimage\"},\"thumbnailUrl\":\"https:\/\/lacerretaterme.it\/wp-content\/uploads\/2020\/01\/ZZ_8452.jpg\",\"datePublished\":\"2020-01-16T14:54:44+00:00\",\"dateModified\":\"2020-04-14T08:34:14+00:00\",\"breadcrumb\":{\"@id\":\"https:\/\/lacerretaterme.it\/de\/prodotto\/rito-etrusco-thesan-il-sentiero-della-bellezza-da-110-minuti\/#breadcrumb\"},\"inLanguage\":\"de\",\"potentialAction\":[{\"@type\":\"ReadAction\",\"target\":[\"https:\/\/lacerretaterme.it\/de\/prodotto\/rito-etrusco-thesan-il-sentiero-della-bellezza-da-110-minuti\/\"]}]},{\"@type\":\"ImageObject\",\"inLanguage\":\"de\",\"@id\":\"https:\/\/lacerretaterme.it\/de\/prodotto\/rito-etrusco-thesan-il-sentiero-della-bellezza-da-110-minuti\/#primaryimage\",\"url\":\"https:\/\/lacerretaterme.it\/wp-content\/uploads\/2020\/01\/ZZ_8452.jpg\",\"contentUrl\":\"https:\/\/lacerretaterme.it\/wp-content\/uploads\/2020\/01\/ZZ_8452.jpg\",\"width\":1980,\"height\":1320},{\"@type\":\"BreadcrumbList\",\"@id\":\"https:\/\/lacerretaterme.it\/de\/prodotto\/rito-etrusco-thesan-il-sentiero-della-bellezza-da-110-minuti\/#breadcrumb\",\"itemListElement\":[{\"@type\":\"ListItem\",\"position\":1,\"name\":\"Shop\",\"item\":\"https:\/\/lacerretaterme.it\/de\/negozio\/\"},{\"@type\":\"ListItem\",\"position\":2,\"name\":\"DER ETRUSKISCHE RITUS: DER 110-MIN\u00dcTIGE SCH\u00d6NHEITSPFAD\"}]},{\"@type\":\"WebSite\",\"@id\":\"https:\/\/lacerretaterme.it\/de\/#website\",\"url\":\"https:\/\/lacerretaterme.it\/de\/\",\"name\":\"La Cerreta\",\"description\":\"Biodynamical thermal farmhouse\",\"potentialAction\":[{\"@type\":\"SearchAction\",\"target\":{\"@type\":\"EntryPoint\",\"urlTemplate\":\"https:\/\/lacerretaterme.it\/de\/?s={search_term_string}\"},\"query-input\":\"required name=search_term_string\"}],\"inLanguage\":\"de\"}]}<\/script>\n<!-- \/ Yoast SEO plugin. -->","yoast_head_json":{"title":"DER ETRUSKISCHE RITUS: DER 110-MIN\u00dcTIGE SCH\u00d6NHEITSPFAD - La Cerreta","robots":{"index":"index","follow":"follow","max-snippet":"max-snippet:-1","max-image-preview":"max-image-preview:large","max-video-preview":"max-video-preview:-1"},"canonical":"https:\/\/lacerretaterme.it\/de\/prodotto\/rito-etrusco-thesan-il-sentiero-della-bellezza-da-110-minuti\/","og_locale":"de_DE","og_type":"article","og_title":"DER ETRUSKISCHE RITUS: DER 110-MIN\u00dcTIGE SCH\u00d6NHEITSPFAD - La Cerreta","og_description":"Etruskischer Ritus Thesan &#8211; Der Pfad der Sch\u00f6nheit verdankt seinen Namen der G\u00f6ttin Thesan, der etruskischen G\u00f6ttin der Morgend\u00e4mmerung, die mit der Erzeugung von Leben verbunden ist. Warmer Schwamm mit Thermalwasser Honig und thermische Tonerde-Gesichtspackung Feuchtigkeitsspendende Peeling-Maske mit Milch, Weizenmehl und Kleie Warmer Schwamm mit Thermalwasser Etruskische Massage 50 Minuten Dauer: etwa 110 Minuten","og_url":"https:\/\/lacerretaterme.it\/de\/prodotto\/rito-etrusco-thesan-il-sentiero-della-bellezza-da-110-minuti\/","og_site_name":"La Cerreta","article_modified_time":"2020-04-14T08:34:14+00:00","og_image":[{"width":1980,"height":1320,"url":"https:\/\/lacerretaterme.it\/wp-content\/uploads\/2020\/01\/ZZ_8452.jpg","type":"image\/jpeg"}],"twitter_card":"summary_large_image","schema":{"@context":"https:\/\/schema.org","@graph":[{"@type":"WebPage","@id":"https:\/\/lacerretaterme.it\/de\/prodotto\/rito-etrusco-thesan-il-sentiero-della-bellezza-da-110-minuti\/","url":"https:\/\/lacerretaterme.it\/de\/prodotto\/rito-etrusco-thesan-il-sentiero-della-bellezza-da-110-minuti\/","name":"DER ETRUSKISCHE RITUS: DER 110-MIN\u00dcTIGE SCH\u00d6NHEITSPFAD - La Cerreta","isPartOf":{"@id":"https:\/\/lacerretaterme.it\/de\/#website"},"primaryImageOfPage":{"@id":"https:\/\/lacerretaterme.it\/de\/prodotto\/rito-etrusco-thesan-il-sentiero-della-bellezza-da-110-minuti\/#primaryimage"},"image":{"@id":"https:\/\/lacerretaterme.it\/de\/prodotto\/rito-etrusco-thesan-il-sentiero-della-bellezza-da-110-minuti\/#primaryimage"},"thumbnailUrl":"https:\/\/lacerretaterme.it\/wp-content\/uploads\/2020\/01\/ZZ_8452.jpg","datePublished":"2020-01-16T14:54:44+00:00","dateModified":"2020-04-14T08:34:14+00:00","breadcrumb":{"@id":"https:\/\/lacerretaterme.it\/de\/prodotto\/rito-etrusco-thesan-il-sentiero-della-bellezza-da-110-minuti\/#breadcrumb"},"inLanguage":"de","potentialAction":[{"@type":"ReadAction","target":["https:\/\/lacerretaterme.it\/de\/prodotto\/rito-etrusco-thesan-il-sentiero-della-bellezza-da-110-minuti\/"]}]},{"@type":"ImageObject","inLanguage":"de","@id":"https:\/\/lacerretaterme.it\/de\/prodotto\/rito-etrusco-thesan-il-sentiero-della-bellezza-da-110-minuti\/#primaryimage","url":"https:\/\/lacerretaterme.it\/wp-content\/uploads\/2020\/01\/ZZ_8452.jpg","contentUrl":"https:\/\/lacerretaterme.it\/wp-content\/uploads\/2020\/01\/ZZ_8452.jpg","width":1980,"height":1320},{"@type":"BreadcrumbList","@id":"https:\/\/lacerretaterme.it\/de\/prodotto\/rito-etrusco-thesan-il-sentiero-della-bellezza-da-110-minuti\/#breadcrumb","itemListElement":[{"@type":"ListItem","position":1,"name":"Shop","item":"https:\/\/lacerretaterme.it\/de\/negozio\/"},{"@type":"ListItem","position":2,"name":"DER ETRUSKISCHE RITUS: DER 110-MIN\u00dcTIGE SCH\u00d6NHEITSPFAD"}]},{"@type":"WebSite","@id":"https:\/\/lacerretaterme.it\/de\/#website","url":"https:\/\/lacerretaterme.it\/de\/","name":"La Cerreta","description":"Biodynamical thermal farmhouse","potentialAction":[{"@type":"SearchAction","target":{"@type":"EntryPoint","urlTemplate":"https:\/\/lacerretaterme.it\/de\/?s={search_term_string}"},"query-input":"required name=search_term_string"}],"inLanguage":"de"}]}},"_links":{"self":[{"href":"https:\/\/lacerretaterme.it\/de\/wp-json\/wp\/v2\/product\/9533"}],"collection":[{"href":"https:\/\/lacerretaterme.it\/de\/wp-json\/wp\/v2\/product"}],"about":[{"href":"https:\/\/lacerretaterme.it\/de\/wp-json\/wp\/v2\/types\/product"}],"replies":[{"embeddable":true,"href":"https:\/\/lacerretaterme.it\/de\/wp-json\/wp\/v2\/comments?post=9533"}],"wp:featuredmedia":[{"embeddable":true,"href":"https:\/\/lacerretaterme.it\/de\/wp-json\/wp\/v2\/media\/7399"}],"wp:attachment":[{"href":"https:\/\/lacerretaterme.it\/de\/wp-json\/wp\/v2\/media?parent=9533"}],"wp:term":[{"taxonomy":"product_cat","embeddable":true,"href":"https:\/\/lacerretaterme.it\/de\/wp-json\/wp\/v2\/product_cat?post=9533"},{"taxonomy":"product_tag","embeddable":true,"href":"https:\/\/lacerretaterme.it\/de\/wp-json\/wp\/v2\/product_tag?post=9533"}],"curies":[{"name":"wp","href":"https:\/\/api.w.org\/{rel}","templated":true}]}}