{"id":9529,"date":"2020-01-16T16:05:27","date_gmt":"2020-01-16T15:05:27","guid":{"rendered":"https:\/\/lacerretaterme.it\/prodotto\/lutum-oleum-et-strigilis-il-rito-romano-alle-terme-singolo-da-80-minuti\/"},"modified":"2020-04-14T10:29:39","modified_gmt":"2020-04-14T08:29:39","slug":"lutum-oleum-et-strigilis-il-rito-romano-alle-terme-singolo-da-80-minuti","status":"publish","type":"product","link":"https:\/\/lacerretaterme.it\/de\/prodotto\/lutum-oleum-et-strigilis-il-rito-romano-alle-terme-singolo-da-80-minuti\/","title":{"rendered":"LUTUM, OLEUM ET STRIGILIS: DER R\u00d6MISCHE RITUS IM KURBAD, 80 MINUTEN LANG"},"content":{"rendered":"<p><strong>l R\u00f6mischer Ritus in den B\u00e4dern &#8211; Lutum, Oleum, Strigilis<\/strong><\/p> <p>Eine umh\u00fcllende und tiefe Behandlung mit dem gelben Gold der G\u00f6tter: Natives Oliven\u00f6l extra.<\/p> <p>Das \u00d6l bereitet die Muskeln auf die Anwendung des warmen Thermalschlamms vor, ein regenerierendes Mittel der Erde, das auf den ganzen K\u00f6rper aufgetragen wird. Die <strong>Schlammpackung<\/strong> wird mit dem<strong> Strigil<\/strong> entfernt, einem tausendj\u00e4hrigen Instrument mit einer speziellen Form, das \u00d6l und Schlamm abkratzt und durch Reiben und Kompressionen den Muskeln Ton und<strong> neue Energie<\/strong> verleiht. F\u00fcr eine befeuchtete, elastische und strahlende Haut.<\/p> <p>Dauer etwa 80 Minuten<\/p> ","protected":false},"excerpt":{"rendered":"<p>l R\u00f6mischer Ritus in den B\u00e4dern &#8211; Lutum, Oleum, Strigilis Eine umh\u00fcllende und tiefe Behandlung mit dem gelben Gold der G\u00f6tter: Natives Oliven\u00f6l extra. Das \u00d6l bereitet die Muskeln auf die Anwendung des warmen Thermalschlamms vor, ein regenerierendes Mittel der Erde, das auf den ganzen K\u00f6rper aufgetragen wird. Die Schlammpackung wird mit dem Strigil entfernt, [&hellip;]<\/p>\n","protected":false},"featured_media":7486,"comment_status":"closed","ping_status":"closed","template":"","meta":{"_acf_changed":false},"product_cat":[],"product_tag":[],"acf":[],"yoast_head":"<!-- This site is optimized with the Yoast SEO plugin v22.7 - https:\/\/yoast.com\/wordpress\/plugins\/seo\/ -->\n<title>LUTUM, OLEUM ET STRIGILIS: DER R\u00d6MISCHE RITUS IM KURBAD, 80 MINUTEN LANG - La Cerreta<\/title>\n<meta name=\"robots\" content=\"index, follow, max-snippet:-1, max-image-preview:large, max-video-preview:-1\" \/>\n<link rel=\"canonical\" href=\"https:\/\/lacerretaterme.it\/de\/prodotto\/lutum-oleum-et-strigilis-il-rito-romano-alle-terme-singolo-da-80-minuti\/\" \/>\n<meta property=\"og:locale\" content=\"de_DE\" \/>\n<meta property=\"og:type\" content=\"article\" \/>\n<meta property=\"og:title\" content=\"LUTUM, OLEUM ET STRIGILIS: DER R\u00d6MISCHE RITUS IM KURBAD, 80 MINUTEN LANG - La Cerreta\" \/>\n<meta property=\"og:description\" content=\"l R\u00f6mischer Ritus in den B\u00e4dern &#8211; Lutum, Oleum, Strigilis Eine umh\u00fcllende und tiefe Behandlung mit dem gelben Gold der G\u00f6tter: Natives Oliven\u00f6l extra. Das \u00d6l bereitet die Muskeln auf die Anwendung des warmen Thermalschlamms vor, ein regenerierendes Mittel der Erde, das auf den ganzen K\u00f6rper aufgetragen wird. Die Schlammpackung wird mit dem Strigil entfernt, [&hellip;]\" \/>\n<meta property=\"og:url\" content=\"https:\/\/lacerretaterme.it\/de\/prodotto\/lutum-oleum-et-strigilis-il-rito-romano-alle-terme-singolo-da-80-minuti\/\" \/>\n<meta property=\"og:site_name\" content=\"La Cerreta\" \/>\n<meta property=\"article:modified_time\" content=\"2020-04-14T08:29:39+00:00\" \/>\n<meta property=\"og:image\" content=\"https:\/\/lacerretaterme.it\/wp-content\/uploads\/2020\/01\/ZZ_8629.jpg\" \/>\n\t<meta property=\"og:image:width\" content=\"1980\" \/>\n\t<meta property=\"og:image:height\" content=\"1320\" \/>\n\t<meta property=\"og:image:type\" content=\"image\/jpeg\" \/>\n<meta name=\"twitter:card\" content=\"summary_large_image\" \/>\n<script type=\"application\/ld+json\" class=\"yoast-schema-graph\">{\"@context\":\"https:\/\/schema.org\",\"@graph\":[{\"@type\":\"WebPage\",\"@id\":\"https:\/\/lacerretaterme.it\/de\/prodotto\/lutum-oleum-et-strigilis-il-rito-romano-alle-terme-singolo-da-80-minuti\/\",\"url\":\"https:\/\/lacerretaterme.it\/de\/prodotto\/lutum-oleum-et-strigilis-il-rito-romano-alle-terme-singolo-da-80-minuti\/\",\"name\":\"LUTUM, OLEUM ET STRIGILIS: DER R\u00d6MISCHE RITUS IM KURBAD, 80 MINUTEN LANG - La Cerreta\",\"isPartOf\":{\"@id\":\"https:\/\/lacerretaterme.it\/de\/#website\"},\"primaryImageOfPage\":{\"@id\":\"https:\/\/lacerretaterme.it\/de\/prodotto\/lutum-oleum-et-strigilis-il-rito-romano-alle-terme-singolo-da-80-minuti\/#primaryimage\"},\"image\":{\"@id\":\"https:\/\/lacerretaterme.it\/de\/prodotto\/lutum-oleum-et-strigilis-il-rito-romano-alle-terme-singolo-da-80-minuti\/#primaryimage\"},\"thumbnailUrl\":\"https:\/\/lacerretaterme.it\/wp-content\/uploads\/2020\/01\/ZZ_8629.jpg\",\"datePublished\":\"2020-01-16T15:05:27+00:00\",\"dateModified\":\"2020-04-14T08:29:39+00:00\",\"breadcrumb\":{\"@id\":\"https:\/\/lacerretaterme.it\/de\/prodotto\/lutum-oleum-et-strigilis-il-rito-romano-alle-terme-singolo-da-80-minuti\/#breadcrumb\"},\"inLanguage\":\"de\",\"potentialAction\":[{\"@type\":\"ReadAction\",\"target\":[\"https:\/\/lacerretaterme.it\/de\/prodotto\/lutum-oleum-et-strigilis-il-rito-romano-alle-terme-singolo-da-80-minuti\/\"]}]},{\"@type\":\"ImageObject\",\"inLanguage\":\"de\",\"@id\":\"https:\/\/lacerretaterme.it\/de\/prodotto\/lutum-oleum-et-strigilis-il-rito-romano-alle-terme-singolo-da-80-minuti\/#primaryimage\",\"url\":\"https:\/\/lacerretaterme.it\/wp-content\/uploads\/2020\/01\/ZZ_8629.jpg\",\"contentUrl\":\"https:\/\/lacerretaterme.it\/wp-content\/uploads\/2020\/01\/ZZ_8629.jpg\",\"width\":1980,\"height\":1320,\"caption\":\"Pacchetti Benessere d'Autunno 2021\"},{\"@type\":\"BreadcrumbList\",\"@id\":\"https:\/\/lacerretaterme.it\/de\/prodotto\/lutum-oleum-et-strigilis-il-rito-romano-alle-terme-singolo-da-80-minuti\/#breadcrumb\",\"itemListElement\":[{\"@type\":\"ListItem\",\"position\":1,\"name\":\"Shop\",\"item\":\"https:\/\/lacerretaterme.it\/de\/negozio\/\"},{\"@type\":\"ListItem\",\"position\":2,\"name\":\"LUTUM, OLEUM ET STRIGILIS: DER R\u00d6MISCHE RITUS IM KURBAD, 80 MINUTEN LANG\"}]},{\"@type\":\"WebSite\",\"@id\":\"https:\/\/lacerretaterme.it\/de\/#website\",\"url\":\"https:\/\/lacerretaterme.it\/de\/\",\"name\":\"La Cerreta\",\"description\":\"Biodynamical thermal farmhouse\",\"potentialAction\":[{\"@type\":\"SearchAction\",\"target\":{\"@type\":\"EntryPoint\",\"urlTemplate\":\"https:\/\/lacerretaterme.it\/de\/?s={search_term_string}\"},\"query-input\":\"required name=search_term_string\"}],\"inLanguage\":\"de\"}]}<\/script>\n<!-- \/ Yoast SEO plugin. -->","yoast_head_json":{"title":"LUTUM, OLEUM ET STRIGILIS: DER R\u00d6MISCHE RITUS IM KURBAD, 80 MINUTEN LANG - La Cerreta","robots":{"index":"index","follow":"follow","max-snippet":"max-snippet:-1","max-image-preview":"max-image-preview:large","max-video-preview":"max-video-preview:-1"},"canonical":"https:\/\/lacerretaterme.it\/de\/prodotto\/lutum-oleum-et-strigilis-il-rito-romano-alle-terme-singolo-da-80-minuti\/","og_locale":"de_DE","og_type":"article","og_title":"LUTUM, OLEUM ET STRIGILIS: DER R\u00d6MISCHE RITUS IM KURBAD, 80 MINUTEN LANG - La Cerreta","og_description":"l R\u00f6mischer Ritus in den B\u00e4dern &#8211; Lutum, Oleum, Strigilis Eine umh\u00fcllende und tiefe Behandlung mit dem gelben Gold der G\u00f6tter: Natives Oliven\u00f6l extra. Das \u00d6l bereitet die Muskeln auf die Anwendung des warmen Thermalschlamms vor, ein regenerierendes Mittel der Erde, das auf den ganzen K\u00f6rper aufgetragen wird. Die Schlammpackung wird mit dem Strigil entfernt, [&hellip;]","og_url":"https:\/\/lacerretaterme.it\/de\/prodotto\/lutum-oleum-et-strigilis-il-rito-romano-alle-terme-singolo-da-80-minuti\/","og_site_name":"La Cerreta","article_modified_time":"2020-04-14T08:29:39+00:00","og_image":[{"width":1980,"height":1320,"url":"https:\/\/lacerretaterme.it\/wp-content\/uploads\/2020\/01\/ZZ_8629.jpg","type":"image\/jpeg"}],"twitter_card":"summary_large_image","schema":{"@context":"https:\/\/schema.org","@graph":[{"@type":"WebPage","@id":"https:\/\/lacerretaterme.it\/de\/prodotto\/lutum-oleum-et-strigilis-il-rito-romano-alle-terme-singolo-da-80-minuti\/","url":"https:\/\/lacerretaterme.it\/de\/prodotto\/lutum-oleum-et-strigilis-il-rito-romano-alle-terme-singolo-da-80-minuti\/","name":"LUTUM, OLEUM ET STRIGILIS: DER R\u00d6MISCHE RITUS IM KURBAD, 80 MINUTEN LANG - La Cerreta","isPartOf":{"@id":"https:\/\/lacerretaterme.it\/de\/#website"},"primaryImageOfPage":{"@id":"https:\/\/lacerretaterme.it\/de\/prodotto\/lutum-oleum-et-strigilis-il-rito-romano-alle-terme-singolo-da-80-minuti\/#primaryimage"},"image":{"@id":"https:\/\/lacerretaterme.it\/de\/prodotto\/lutum-oleum-et-strigilis-il-rito-romano-alle-terme-singolo-da-80-minuti\/#primaryimage"},"thumbnailUrl":"https:\/\/lacerretaterme.it\/wp-content\/uploads\/2020\/01\/ZZ_8629.jpg","datePublished":"2020-01-16T15:05:27+00:00","dateModified":"2020-04-14T08:29:39+00:00","breadcrumb":{"@id":"https:\/\/lacerretaterme.it\/de\/prodotto\/lutum-oleum-et-strigilis-il-rito-romano-alle-terme-singolo-da-80-minuti\/#breadcrumb"},"inLanguage":"de","potentialAction":[{"@type":"ReadAction","target":["https:\/\/lacerretaterme.it\/de\/prodotto\/lutum-oleum-et-strigilis-il-rito-romano-alle-terme-singolo-da-80-minuti\/"]}]},{"@type":"ImageObject","inLanguage":"de","@id":"https:\/\/lacerretaterme.it\/de\/prodotto\/lutum-oleum-et-strigilis-il-rito-romano-alle-terme-singolo-da-80-minuti\/#primaryimage","url":"https:\/\/lacerretaterme.it\/wp-content\/uploads\/2020\/01\/ZZ_8629.jpg","contentUrl":"https:\/\/lacerretaterme.it\/wp-content\/uploads\/2020\/01\/ZZ_8629.jpg","width":1980,"height":1320,"caption":"Pacchetti Benessere d'Autunno 2021"},{"@type":"BreadcrumbList","@id":"https:\/\/lacerretaterme.it\/de\/prodotto\/lutum-oleum-et-strigilis-il-rito-romano-alle-terme-singolo-da-80-minuti\/#breadcrumb","itemListElement":[{"@type":"ListItem","position":1,"name":"Shop","item":"https:\/\/lacerretaterme.it\/de\/negozio\/"},{"@type":"ListItem","position":2,"name":"LUTUM, OLEUM ET STRIGILIS: DER R\u00d6MISCHE RITUS IM KURBAD, 80 MINUTEN LANG"}]},{"@type":"WebSite","@id":"https:\/\/lacerretaterme.it\/de\/#website","url":"https:\/\/lacerretaterme.it\/de\/","name":"La Cerreta","description":"Biodynamical thermal farmhouse","potentialAction":[{"@type":"SearchAction","target":{"@type":"EntryPoint","urlTemplate":"https:\/\/lacerretaterme.it\/de\/?s={search_term_string}"},"query-input":"required name=search_term_string"}],"inLanguage":"de"}]}},"_links":{"self":[{"href":"https:\/\/lacerretaterme.it\/de\/wp-json\/wp\/v2\/product\/9529"}],"collection":[{"href":"https:\/\/lacerretaterme.it\/de\/wp-json\/wp\/v2\/product"}],"about":[{"href":"https:\/\/lacerretaterme.it\/de\/wp-json\/wp\/v2\/types\/product"}],"replies":[{"embeddable":true,"href":"https:\/\/lacerretaterme.it\/de\/wp-json\/wp\/v2\/comments?post=9529"}],"wp:featuredmedia":[{"embeddable":true,"href":"https:\/\/lacerretaterme.it\/de\/wp-json\/wp\/v2\/media\/7486"}],"wp:attachment":[{"href":"https:\/\/lacerretaterme.it\/de\/wp-json\/wp\/v2\/media?parent=9529"}],"wp:term":[{"taxonomy":"product_cat","embeddable":true,"href":"https:\/\/lacerretaterme.it\/de\/wp-json\/wp\/v2\/product_cat?post=9529"},{"taxonomy":"product_tag","embeddable":true,"href":"https:\/\/lacerretaterme.it\/de\/wp-json\/wp\/v2\/product_tag?post=9529"}],"curies":[{"name":"wp","href":"https:\/\/api.w.org\/{rel}","templated":true}]}}