{"id":9523,"date":"2020-01-16T16:43:02","date_gmt":"2020-01-16T15:43:02","guid":{"rendered":"https:\/\/lacerretaterme.it\/prodotto\/ingresso-terme-con-menu-degustazione-per-2-persone\/"},"modified":"2020-04-14T10:18:02","modified_gmt":"2020-04-14T08:18:02","slug":"ingresso-terme-con-menu-degustazione-per-2-persone","status":"publish","type":"product","link":"https:\/\/lacerretaterme.it\/de\/prodotto\/ingresso-terme-con-menu-degustazione-per-2-persone\/","title":{"rendered":"EINTRITT IN DAS THERMALBAD MIT VERKOSTUNGSMEN\u00dc F\u00dcR 2 PERSONEN"},"content":{"rendered":"<p>Mit diesem Geschenkgutschein k\u00f6nnen Sie einen Thermalpfad &#8222;Salus per Aquam&#8220; mit Verkostungsmen\u00fc in der Osteria delle Terme f\u00fcr 2 Personen kaufen.<\/p> <p>Der Eintritt hat eine Dauer von 4 Stunden an Wochentagen oder 3 Stunden an Feiertagen und Vorfeiertagen (einschlie\u00dflich Samstag und Sonntag) in der Winterzeit oder 4 Stunden an jedem Wochentag in der Sommerzeit.<\/p> <p>Die komplette SPA &#8222;<strong>Salus Per Aquam<\/strong>&#8220; Thermalroute beinhaltet:<\/p> <ul> <li><strong>Calidarium<\/strong> &#8211; Hallenbad f\u00fcr Balneotherapie (38\u00b0C)<\/li> <li><strong>Tepidarium<\/strong> &#8211; Balneotherapie-Freibad (36\u00b0C) mit Jacuzzi und Wasserf\u00e4llen<\/li> <li><strong>Frigidarium<\/strong> &#8211; Balneotherapie-Freibad (24\u00b0C)<\/li> <li><strong>Laconicum<\/strong> &#8211; Sudatoriumsraum (T\u00fcrkisches Bad) in Flussstein<\/li> <li><strong>Bio-Aromatherapie-Sauna<\/strong> mit Essenzen<\/li> <li><strong>Chromotherapie und Aromatherapie<\/strong> &#8211; Emotionale Duschen<\/li> <li><strong>Kneipp-Pfad<\/strong> (abwechselndes Hei\u00df-Kalt-Bad)<\/li> <li>Hausgemachter <strong>Bio-Joghurt<\/strong>, nat\u00fcrlich oder mit Fr\u00fcchten<\/li> <li>Kr\u00e4utertees und Aufg\u00fcsse aus eigener Herstellung<\/li> <li>Entspannungsbereich mit Sonnenb\u00e4nken und Solarium<\/li> <\/ul> <p>Das im Geschenkgutschein enthaltene &#8222;<strong>Verkostungsmen\u00fc<\/strong>&#8220; ist f\u00fcr ein leichtes Mittagessen in der Osteria delle Terme (neben dem Empfangsbereich) g\u00fcltig, die von 12.00 bis 15.00 Uhr ge\u00f6ffnet ist.<\/p> <p><strong>Dieses Men\u00fc ist in zwei Varianten verf\u00fcgbar:<\/strong><\/p> <ul> <li><strong>Vegetarisches Degustationsmen\u00fc<\/strong>: ein vegetarisches Schneidebrett, ein Wasser, ein Glas Rotwein vom Fass und ein Kaffee.<\/li> <li><strong>Traditionelles Degustationsmen\u00fc<\/strong>: ein Schneidebrett mit Aufschnitt und K\u00e4se, ein Wasser, ein Glas Rotwein vom Fass und ein Kaffee.<\/li> <\/ul> <p>Eine Reservierung ist verpflichtend.<\/p> <p>Weitere Einzelheiten finden Sie auf der Seite \u00d6ffnungszeiten und Preise, wo Sie die geltenden Zeiten finden, um die notwendige Buchung zu w\u00e4hlen und fortzusetzen.<\/p> <p>Mit dem Kauf des Gutscheins erkl\u00e4ren Sie sich mit den N<a href=\"https:\/\/lacerretaterme.it\/de\/regole-di-utilizzo-dei-voucher\/\">utzungsbedingungen<\/a> einverstanden.<\/p> ","protected":false},"excerpt":{"rendered":"<p>Mit diesem Geschenkgutschein k\u00f6nnen Sie einen Thermalpfad &#8222;Salus per Aquam&#8220; mit Verkostungsmen\u00fc in der Osteria delle Terme f\u00fcr 2 Personen kaufen. Der Eintritt hat eine Dauer von 4 Stunden an Wochentagen oder 3 Stunden an Feiertagen und Vorfeiertagen (einschlie\u00dflich Samstag und Sonntag) in der Winterzeit oder 4 Stunden an jedem Wochentag in der Sommerzeit. Die [&hellip;]<\/p>\n","protected":false},"featured_media":7452,"comment_status":"closed","ping_status":"closed","template":"","meta":{"_acf_changed":false},"product_cat":[137],"product_tag":[],"acf":[],"yoast_head":"<!-- This site is optimized with the Yoast SEO plugin v22.7 - https:\/\/yoast.com\/wordpress\/plugins\/seo\/ -->\n<title>EINTRITT IN DAS THERMALBAD MIT VERKOSTUNGSMEN\u00dc F\u00dcR 2 PERSONEN - La Cerreta<\/title>\n<meta name=\"robots\" content=\"index, follow, max-snippet:-1, max-image-preview:large, max-video-preview:-1\" \/>\n<link rel=\"canonical\" href=\"https:\/\/lacerretaterme.it\/de\/prodotto\/ingresso-terme-con-menu-degustazione-per-2-persone\/\" \/>\n<meta property=\"og:locale\" content=\"de_DE\" \/>\n<meta property=\"og:type\" content=\"article\" \/>\n<meta property=\"og:title\" content=\"EINTRITT IN DAS THERMALBAD MIT VERKOSTUNGSMEN\u00dc F\u00dcR 2 PERSONEN - La Cerreta\" \/>\n<meta property=\"og:description\" content=\"Mit diesem Geschenkgutschein k\u00f6nnen Sie einen Thermalpfad &#8222;Salus per Aquam&#8220; mit Verkostungsmen\u00fc in der Osteria delle Terme f\u00fcr 2 Personen kaufen. Der Eintritt hat eine Dauer von 4 Stunden an Wochentagen oder 3 Stunden an Feiertagen und Vorfeiertagen (einschlie\u00dflich Samstag und Sonntag) in der Winterzeit oder 4 Stunden an jedem Wochentag in der Sommerzeit. Die [&hellip;]\" \/>\n<meta property=\"og:url\" content=\"https:\/\/lacerretaterme.it\/de\/prodotto\/ingresso-terme-con-menu-degustazione-per-2-persone\/\" \/>\n<meta property=\"og:site_name\" content=\"La Cerreta\" \/>\n<meta property=\"article:modified_time\" content=\"2020-04-14T08:18:02+00:00\" \/>\n<meta property=\"og:image\" content=\"https:\/\/lacerretaterme.it\/wp-content\/uploads\/2020\/01\/22V0591-1.jpg\" \/>\n\t<meta property=\"og:image:width\" content=\"2560\" \/>\n\t<meta property=\"og:image:height\" content=\"1675\" \/>\n\t<meta property=\"og:image:type\" content=\"image\/jpeg\" \/>\n<meta name=\"twitter:card\" content=\"summary_large_image\" \/>\n<meta name=\"twitter:label1\" content=\"Gesch\u00e4tzte Lesezeit\" \/>\n\t<meta name=\"twitter:data1\" content=\"1\u00a0Minute\" \/>\n<script type=\"application\/ld+json\" class=\"yoast-schema-graph\">{\"@context\":\"https:\/\/schema.org\",\"@graph\":[{\"@type\":\"WebPage\",\"@id\":\"https:\/\/lacerretaterme.it\/de\/prodotto\/ingresso-terme-con-menu-degustazione-per-2-persone\/\",\"url\":\"https:\/\/lacerretaterme.it\/de\/prodotto\/ingresso-terme-con-menu-degustazione-per-2-persone\/\",\"name\":\"EINTRITT IN DAS THERMALBAD MIT VERKOSTUNGSMEN\u00dc F\u00dcR 2 PERSONEN - La Cerreta\",\"isPartOf\":{\"@id\":\"https:\/\/lacerretaterme.it\/de\/#website\"},\"primaryImageOfPage\":{\"@id\":\"https:\/\/lacerretaterme.it\/de\/prodotto\/ingresso-terme-con-menu-degustazione-per-2-persone\/#primaryimage\"},\"image\":{\"@id\":\"https:\/\/lacerretaterme.it\/de\/prodotto\/ingresso-terme-con-menu-degustazione-per-2-persone\/#primaryimage\"},\"thumbnailUrl\":\"https:\/\/lacerretaterme.it\/wp-content\/uploads\/2020\/01\/22V0591-1.jpg\",\"datePublished\":\"2020-01-16T15:43:02+00:00\",\"dateModified\":\"2020-04-14T08:18:02+00:00\",\"breadcrumb\":{\"@id\":\"https:\/\/lacerretaterme.it\/de\/prodotto\/ingresso-terme-con-menu-degustazione-per-2-persone\/#breadcrumb\"},\"inLanguage\":\"de\",\"potentialAction\":[{\"@type\":\"ReadAction\",\"target\":[\"https:\/\/lacerretaterme.it\/de\/prodotto\/ingresso-terme-con-menu-degustazione-per-2-persone\/\"]}]},{\"@type\":\"ImageObject\",\"inLanguage\":\"de\",\"@id\":\"https:\/\/lacerretaterme.it\/de\/prodotto\/ingresso-terme-con-menu-degustazione-per-2-persone\/#primaryimage\",\"url\":\"https:\/\/lacerretaterme.it\/wp-content\/uploads\/2020\/01\/22V0591-1.jpg\",\"contentUrl\":\"https:\/\/lacerretaterme.it\/wp-content\/uploads\/2020\/01\/22V0591-1.jpg\",\"width\":2560,\"height\":1675},{\"@type\":\"BreadcrumbList\",\"@id\":\"https:\/\/lacerretaterme.it\/de\/prodotto\/ingresso-terme-con-menu-degustazione-per-2-persone\/#breadcrumb\",\"itemListElement\":[{\"@type\":\"ListItem\",\"position\":1,\"name\":\"Shop\",\"item\":\"https:\/\/lacerretaterme.it\/de\/negozio\/\"},{\"@type\":\"ListItem\",\"position\":2,\"name\":\"EINTRITT IN DAS THERMALBAD MIT VERKOSTUNGSMEN\u00dc F\u00dcR 2 PERSONEN\"}]},{\"@type\":\"WebSite\",\"@id\":\"https:\/\/lacerretaterme.it\/de\/#website\",\"url\":\"https:\/\/lacerretaterme.it\/de\/\",\"name\":\"La Cerreta\",\"description\":\"Biodynamical thermal farmhouse\",\"potentialAction\":[{\"@type\":\"SearchAction\",\"target\":{\"@type\":\"EntryPoint\",\"urlTemplate\":\"https:\/\/lacerretaterme.it\/de\/?s={search_term_string}\"},\"query-input\":\"required name=search_term_string\"}],\"inLanguage\":\"de\"}]}<\/script>\n<!-- \/ Yoast SEO plugin. -->","yoast_head_json":{"title":"EINTRITT IN DAS THERMALBAD MIT VERKOSTUNGSMEN\u00dc F\u00dcR 2 PERSONEN - La Cerreta","robots":{"index":"index","follow":"follow","max-snippet":"max-snippet:-1","max-image-preview":"max-image-preview:large","max-video-preview":"max-video-preview:-1"},"canonical":"https:\/\/lacerretaterme.it\/de\/prodotto\/ingresso-terme-con-menu-degustazione-per-2-persone\/","og_locale":"de_DE","og_type":"article","og_title":"EINTRITT IN DAS THERMALBAD MIT VERKOSTUNGSMEN\u00dc F\u00dcR 2 PERSONEN - La Cerreta","og_description":"Mit diesem Geschenkgutschein k\u00f6nnen Sie einen Thermalpfad &#8222;Salus per Aquam&#8220; mit Verkostungsmen\u00fc in der Osteria delle Terme f\u00fcr 2 Personen kaufen. Der Eintritt hat eine Dauer von 4 Stunden an Wochentagen oder 3 Stunden an Feiertagen und Vorfeiertagen (einschlie\u00dflich Samstag und Sonntag) in der Winterzeit oder 4 Stunden an jedem Wochentag in der Sommerzeit. Die [&hellip;]","og_url":"https:\/\/lacerretaterme.it\/de\/prodotto\/ingresso-terme-con-menu-degustazione-per-2-persone\/","og_site_name":"La Cerreta","article_modified_time":"2020-04-14T08:18:02+00:00","og_image":[{"width":2560,"height":1675,"url":"https:\/\/lacerretaterme.it\/wp-content\/uploads\/2020\/01\/22V0591-1.jpg","type":"image\/jpeg"}],"twitter_card":"summary_large_image","twitter_misc":{"Gesch\u00e4tzte Lesezeit":"1\u00a0Minute"},"schema":{"@context":"https:\/\/schema.org","@graph":[{"@type":"WebPage","@id":"https:\/\/lacerretaterme.it\/de\/prodotto\/ingresso-terme-con-menu-degustazione-per-2-persone\/","url":"https:\/\/lacerretaterme.it\/de\/prodotto\/ingresso-terme-con-menu-degustazione-per-2-persone\/","name":"EINTRITT IN DAS THERMALBAD MIT VERKOSTUNGSMEN\u00dc F\u00dcR 2 PERSONEN - La Cerreta","isPartOf":{"@id":"https:\/\/lacerretaterme.it\/de\/#website"},"primaryImageOfPage":{"@id":"https:\/\/lacerretaterme.it\/de\/prodotto\/ingresso-terme-con-menu-degustazione-per-2-persone\/#primaryimage"},"image":{"@id":"https:\/\/lacerretaterme.it\/de\/prodotto\/ingresso-terme-con-menu-degustazione-per-2-persone\/#primaryimage"},"thumbnailUrl":"https:\/\/lacerretaterme.it\/wp-content\/uploads\/2020\/01\/22V0591-1.jpg","datePublished":"2020-01-16T15:43:02+00:00","dateModified":"2020-04-14T08:18:02+00:00","breadcrumb":{"@id":"https:\/\/lacerretaterme.it\/de\/prodotto\/ingresso-terme-con-menu-degustazione-per-2-persone\/#breadcrumb"},"inLanguage":"de","potentialAction":[{"@type":"ReadAction","target":["https:\/\/lacerretaterme.it\/de\/prodotto\/ingresso-terme-con-menu-degustazione-per-2-persone\/"]}]},{"@type":"ImageObject","inLanguage":"de","@id":"https:\/\/lacerretaterme.it\/de\/prodotto\/ingresso-terme-con-menu-degustazione-per-2-persone\/#primaryimage","url":"https:\/\/lacerretaterme.it\/wp-content\/uploads\/2020\/01\/22V0591-1.jpg","contentUrl":"https:\/\/lacerretaterme.it\/wp-content\/uploads\/2020\/01\/22V0591-1.jpg","width":2560,"height":1675},{"@type":"BreadcrumbList","@id":"https:\/\/lacerretaterme.it\/de\/prodotto\/ingresso-terme-con-menu-degustazione-per-2-persone\/#breadcrumb","itemListElement":[{"@type":"ListItem","position":1,"name":"Shop","item":"https:\/\/lacerretaterme.it\/de\/negozio\/"},{"@type":"ListItem","position":2,"name":"EINTRITT IN DAS THERMALBAD MIT VERKOSTUNGSMEN\u00dc F\u00dcR 2 PERSONEN"}]},{"@type":"WebSite","@id":"https:\/\/lacerretaterme.it\/de\/#website","url":"https:\/\/lacerretaterme.it\/de\/","name":"La Cerreta","description":"Biodynamical thermal farmhouse","potentialAction":[{"@type":"SearchAction","target":{"@type":"EntryPoint","urlTemplate":"https:\/\/lacerretaterme.it\/de\/?s={search_term_string}"},"query-input":"required name=search_term_string"}],"inLanguage":"de"}]}},"_links":{"self":[{"href":"https:\/\/lacerretaterme.it\/de\/wp-json\/wp\/v2\/product\/9523"}],"collection":[{"href":"https:\/\/lacerretaterme.it\/de\/wp-json\/wp\/v2\/product"}],"about":[{"href":"https:\/\/lacerretaterme.it\/de\/wp-json\/wp\/v2\/types\/product"}],"replies":[{"embeddable":true,"href":"https:\/\/lacerretaterme.it\/de\/wp-json\/wp\/v2\/comments?post=9523"}],"wp:featuredmedia":[{"embeddable":true,"href":"https:\/\/lacerretaterme.it\/de\/wp-json\/wp\/v2\/media\/7452"}],"wp:attachment":[{"href":"https:\/\/lacerretaterme.it\/de\/wp-json\/wp\/v2\/media?parent=9523"}],"wp:term":[{"taxonomy":"product_cat","embeddable":true,"href":"https:\/\/lacerretaterme.it\/de\/wp-json\/wp\/v2\/product_cat?post=9523"},{"taxonomy":"product_tag","embeddable":true,"href":"https:\/\/lacerretaterme.it\/de\/wp-json\/wp\/v2\/product_tag?post=9523"}],"curies":[{"name":"wp","href":"https:\/\/api.w.org\/{rel}","templated":true}]}}