{"id":9521,"date":"2020-01-16T16:43:05","date_gmt":"2020-01-16T15:43:05","guid":{"rendered":"https:\/\/lacerretaterme.it\/prodotto\/ingresso-terme-con-menu-degustazione-per-1-persona\/"},"modified":"2020-04-14T10:14:38","modified_gmt":"2020-04-14T08:14:38","slug":"ingresso-terme-con-menu-degustazione-per-1-persona","status":"publish","type":"product","link":"https:\/\/lacerretaterme.it\/de\/prodotto\/ingresso-terme-con-menu-degustazione-per-1-persona\/","title":{"rendered":"SPA-EINTRITT MIT VERKOSTUNGSMEN\u00dc F\u00dcR 1 PERSON"},"content":{"rendered":"<p>Mit diesem Geschenkgutschein k\u00f6nnen Sie einen Thermalpfad &#8222;Salus per Aquam&#8220; mit Verkostungsmen\u00fc in der Osteria f\u00fcr 1 Person kaufen.<\/p> <p>Der Eintritt hat eine Dauer von 4 Stunden an Wochentagen oder 3 Stunden an Feiertagen und Vorfeiertagen (einschlie\u00dflich Samstag und Sonntag) in der Winterzeit oder 4 Stunden an jedem Wochentag in der Sommerzeit.<\/p> <p>Die komplette SPA<strong> &#8222;Salus Per Aquam&#8220;<\/strong> Thermalroute beinhaltet:<\/p> <ul> <li>Calidarium &#8211; Balneotherapie-Innenbecken (38\u00b0C)<\/li> <li>Tepidarium &#8211; Balneotherapie-Freibad (36\u00b0C) mit Whirlpools und Wasserf\u00e4llen<\/li> <li>Frigidarium &#8211; Balneotherapie-Freibad (32\u00b0C)<\/li> <li>Laconicum &#8211; Schwitzraum (T\u00fcrkisches Bad) in Flussstein<\/li> <li>Bio-Aromatherapie-Sauna mit Essenzen<\/li> <li>Chromotherapie und aromatherapeutische Gef\u00fchlsduschen<\/li> <li>Kneipp-Pfad (abwechselnd hei\u00dfes und kaltes Bad)<\/li> <li>Kr\u00e4utertees und Aufg\u00fcsse aus eigener Herstellung<\/li> <li>Ein Geschmack von biologisch-dynamischem, handwerklich hergestelltem Joghurt mit Obst oder Naturjoghurt<\/li> <li>Entspannungsbereich mit Sonnenb\u00e4nken und Solarium<\/li> <\/ul> <p>Das im Geschenkgutschein enthaltene &#8222;<strong>Verkostungsmen\u00fc<\/strong>&#8220; ist f\u00fcr ein leichtes Mittagessen in der Osteria delle Terme (neben dem Empfangsbereich) g\u00fcltig, die von 12.00 bis 15.00 Uhr ge\u00f6ffnet ist.<\/p> <p><strong>Dieses Men\u00fc ist in zwei Varianten verf\u00fcgbar:<\/strong><\/p> <ul> <li><strong>Vegetarisches Degustationsmen\u00fc<\/strong>: ein vegetarisches Schneidebrett, ein Wasser, ein Glas Rotwein vom Fass und ein Kaffee.<\/li> <li><strong>Traditionelles Degustationsmen\u00fc:<\/strong> ein Schneidebrett mit Aufschnitt und K\u00e4se, ein Wasser, ein Glas Rotwein vom Fass und einen Kaffee.<\/li> <\/ul> ","protected":false},"excerpt":{"rendered":"<p>Mit diesem Geschenkgutschein k\u00f6nnen Sie einen Thermalpfad &#8222;Salus per Aquam&#8220; mit Verkostungsmen\u00fc in der Osteria f\u00fcr 1 Person kaufen. Der Eintritt hat eine Dauer von 4 Stunden an Wochentagen oder 3 Stunden an Feiertagen und Vorfeiertagen (einschlie\u00dflich Samstag und Sonntag) in der Winterzeit oder 4 Stunden an jedem Wochentag in der Sommerzeit. Die komplette SPA [&hellip;]<\/p>\n","protected":false},"featured_media":7447,"comment_status":"closed","ping_status":"closed","template":"","meta":{"_acf_changed":false},"product_cat":[137],"product_tag":[],"acf":[],"yoast_head":"<!-- This site is optimized with the Yoast SEO plugin v22.7 - https:\/\/yoast.com\/wordpress\/plugins\/seo\/ -->\n<title>SPA-EINTRITT MIT VERKOSTUNGSMEN\u00dc F\u00dcR 1 PERSON - La Cerreta<\/title>\n<meta name=\"robots\" content=\"index, follow, max-snippet:-1, max-image-preview:large, max-video-preview:-1\" \/>\n<link rel=\"canonical\" href=\"https:\/\/lacerretaterme.it\/de\/prodotto\/ingresso-terme-con-menu-degustazione-per-1-persona\/\" \/>\n<meta property=\"og:locale\" content=\"de_DE\" \/>\n<meta property=\"og:type\" content=\"article\" \/>\n<meta property=\"og:title\" content=\"SPA-EINTRITT MIT VERKOSTUNGSMEN\u00dc F\u00dcR 1 PERSON - La Cerreta\" \/>\n<meta property=\"og:description\" content=\"Mit diesem Geschenkgutschein k\u00f6nnen Sie einen Thermalpfad &#8222;Salus per Aquam&#8220; mit Verkostungsmen\u00fc in der Osteria f\u00fcr 1 Person kaufen. Der Eintritt hat eine Dauer von 4 Stunden an Wochentagen oder 3 Stunden an Feiertagen und Vorfeiertagen (einschlie\u00dflich Samstag und Sonntag) in der Winterzeit oder 4 Stunden an jedem Wochentag in der Sommerzeit. Die komplette SPA [&hellip;]\" \/>\n<meta property=\"og:url\" content=\"https:\/\/lacerretaterme.it\/de\/prodotto\/ingresso-terme-con-menu-degustazione-per-1-persona\/\" \/>\n<meta property=\"og:site_name\" content=\"La Cerreta\" \/>\n<meta property=\"article:modified_time\" content=\"2020-04-14T08:14:38+00:00\" \/>\n<meta property=\"og:image\" content=\"https:\/\/lacerretaterme.it\/wp-content\/uploads\/2020\/01\/22V9542.jpg\" \/>\n\t<meta property=\"og:image:width\" content=\"2560\" \/>\n\t<meta property=\"og:image:height\" content=\"1707\" \/>\n\t<meta property=\"og:image:type\" content=\"image\/jpeg\" \/>\n<meta name=\"twitter:card\" content=\"summary_large_image\" \/>\n<meta name=\"twitter:label1\" content=\"Gesch\u00e4tzte Lesezeit\" \/>\n\t<meta name=\"twitter:data1\" content=\"1\u00a0Minute\" \/>\n<script type=\"application\/ld+json\" class=\"yoast-schema-graph\">{\"@context\":\"https:\/\/schema.org\",\"@graph\":[{\"@type\":\"WebPage\",\"@id\":\"https:\/\/lacerretaterme.it\/de\/prodotto\/ingresso-terme-con-menu-degustazione-per-1-persona\/\",\"url\":\"https:\/\/lacerretaterme.it\/de\/prodotto\/ingresso-terme-con-menu-degustazione-per-1-persona\/\",\"name\":\"SPA-EINTRITT MIT VERKOSTUNGSMEN\u00dc F\u00dcR 1 PERSON - La Cerreta\",\"isPartOf\":{\"@id\":\"https:\/\/lacerretaterme.it\/de\/#website\"},\"primaryImageOfPage\":{\"@id\":\"https:\/\/lacerretaterme.it\/de\/prodotto\/ingresso-terme-con-menu-degustazione-per-1-persona\/#primaryimage\"},\"image\":{\"@id\":\"https:\/\/lacerretaterme.it\/de\/prodotto\/ingresso-terme-con-menu-degustazione-per-1-persona\/#primaryimage\"},\"thumbnailUrl\":\"https:\/\/lacerretaterme.it\/wp-content\/uploads\/2020\/01\/22V9542.jpg\",\"datePublished\":\"2020-01-16T15:43:05+00:00\",\"dateModified\":\"2020-04-14T08:14:38+00:00\",\"breadcrumb\":{\"@id\":\"https:\/\/lacerretaterme.it\/de\/prodotto\/ingresso-terme-con-menu-degustazione-per-1-persona\/#breadcrumb\"},\"inLanguage\":\"de\",\"potentialAction\":[{\"@type\":\"ReadAction\",\"target\":[\"https:\/\/lacerretaterme.it\/de\/prodotto\/ingresso-terme-con-menu-degustazione-per-1-persona\/\"]}]},{\"@type\":\"ImageObject\",\"inLanguage\":\"de\",\"@id\":\"https:\/\/lacerretaterme.it\/de\/prodotto\/ingresso-terme-con-menu-degustazione-per-1-persona\/#primaryimage\",\"url\":\"https:\/\/lacerretaterme.it\/wp-content\/uploads\/2020\/01\/22V9542.jpg\",\"contentUrl\":\"https:\/\/lacerretaterme.it\/wp-content\/uploads\/2020\/01\/22V9542.jpg\",\"width\":2560,\"height\":1707},{\"@type\":\"BreadcrumbList\",\"@id\":\"https:\/\/lacerretaterme.it\/de\/prodotto\/ingresso-terme-con-menu-degustazione-per-1-persona\/#breadcrumb\",\"itemListElement\":[{\"@type\":\"ListItem\",\"position\":1,\"name\":\"Shop\",\"item\":\"https:\/\/lacerretaterme.it\/de\/negozio\/\"},{\"@type\":\"ListItem\",\"position\":2,\"name\":\"SPA-EINTRITT MIT VERKOSTUNGSMEN\u00dc F\u00dcR 1 PERSON\"}]},{\"@type\":\"WebSite\",\"@id\":\"https:\/\/lacerretaterme.it\/de\/#website\",\"url\":\"https:\/\/lacerretaterme.it\/de\/\",\"name\":\"La Cerreta\",\"description\":\"Biodynamical thermal farmhouse\",\"potentialAction\":[{\"@type\":\"SearchAction\",\"target\":{\"@type\":\"EntryPoint\",\"urlTemplate\":\"https:\/\/lacerretaterme.it\/de\/?s={search_term_string}\"},\"query-input\":\"required name=search_term_string\"}],\"inLanguage\":\"de\"}]}<\/script>\n<!-- \/ Yoast SEO plugin. -->","yoast_head_json":{"title":"SPA-EINTRITT MIT VERKOSTUNGSMEN\u00dc F\u00dcR 1 PERSON - La Cerreta","robots":{"index":"index","follow":"follow","max-snippet":"max-snippet:-1","max-image-preview":"max-image-preview:large","max-video-preview":"max-video-preview:-1"},"canonical":"https:\/\/lacerretaterme.it\/de\/prodotto\/ingresso-terme-con-menu-degustazione-per-1-persona\/","og_locale":"de_DE","og_type":"article","og_title":"SPA-EINTRITT MIT VERKOSTUNGSMEN\u00dc F\u00dcR 1 PERSON - La Cerreta","og_description":"Mit diesem Geschenkgutschein k\u00f6nnen Sie einen Thermalpfad &#8222;Salus per Aquam&#8220; mit Verkostungsmen\u00fc in der Osteria f\u00fcr 1 Person kaufen. Der Eintritt hat eine Dauer von 4 Stunden an Wochentagen oder 3 Stunden an Feiertagen und Vorfeiertagen (einschlie\u00dflich Samstag und Sonntag) in der Winterzeit oder 4 Stunden an jedem Wochentag in der Sommerzeit. Die komplette SPA [&hellip;]","og_url":"https:\/\/lacerretaterme.it\/de\/prodotto\/ingresso-terme-con-menu-degustazione-per-1-persona\/","og_site_name":"La Cerreta","article_modified_time":"2020-04-14T08:14:38+00:00","og_image":[{"width":2560,"height":1707,"url":"https:\/\/lacerretaterme.it\/wp-content\/uploads\/2020\/01\/22V9542.jpg","type":"image\/jpeg"}],"twitter_card":"summary_large_image","twitter_misc":{"Gesch\u00e4tzte Lesezeit":"1\u00a0Minute"},"schema":{"@context":"https:\/\/schema.org","@graph":[{"@type":"WebPage","@id":"https:\/\/lacerretaterme.it\/de\/prodotto\/ingresso-terme-con-menu-degustazione-per-1-persona\/","url":"https:\/\/lacerretaterme.it\/de\/prodotto\/ingresso-terme-con-menu-degustazione-per-1-persona\/","name":"SPA-EINTRITT MIT VERKOSTUNGSMEN\u00dc F\u00dcR 1 PERSON - La Cerreta","isPartOf":{"@id":"https:\/\/lacerretaterme.it\/de\/#website"},"primaryImageOfPage":{"@id":"https:\/\/lacerretaterme.it\/de\/prodotto\/ingresso-terme-con-menu-degustazione-per-1-persona\/#primaryimage"},"image":{"@id":"https:\/\/lacerretaterme.it\/de\/prodotto\/ingresso-terme-con-menu-degustazione-per-1-persona\/#primaryimage"},"thumbnailUrl":"https:\/\/lacerretaterme.it\/wp-content\/uploads\/2020\/01\/22V9542.jpg","datePublished":"2020-01-16T15:43:05+00:00","dateModified":"2020-04-14T08:14:38+00:00","breadcrumb":{"@id":"https:\/\/lacerretaterme.it\/de\/prodotto\/ingresso-terme-con-menu-degustazione-per-1-persona\/#breadcrumb"},"inLanguage":"de","potentialAction":[{"@type":"ReadAction","target":["https:\/\/lacerretaterme.it\/de\/prodotto\/ingresso-terme-con-menu-degustazione-per-1-persona\/"]}]},{"@type":"ImageObject","inLanguage":"de","@id":"https:\/\/lacerretaterme.it\/de\/prodotto\/ingresso-terme-con-menu-degustazione-per-1-persona\/#primaryimage","url":"https:\/\/lacerretaterme.it\/wp-content\/uploads\/2020\/01\/22V9542.jpg","contentUrl":"https:\/\/lacerretaterme.it\/wp-content\/uploads\/2020\/01\/22V9542.jpg","width":2560,"height":1707},{"@type":"BreadcrumbList","@id":"https:\/\/lacerretaterme.it\/de\/prodotto\/ingresso-terme-con-menu-degustazione-per-1-persona\/#breadcrumb","itemListElement":[{"@type":"ListItem","position":1,"name":"Shop","item":"https:\/\/lacerretaterme.it\/de\/negozio\/"},{"@type":"ListItem","position":2,"name":"SPA-EINTRITT MIT VERKOSTUNGSMEN\u00dc F\u00dcR 1 PERSON"}]},{"@type":"WebSite","@id":"https:\/\/lacerretaterme.it\/de\/#website","url":"https:\/\/lacerretaterme.it\/de\/","name":"La Cerreta","description":"Biodynamical thermal farmhouse","potentialAction":[{"@type":"SearchAction","target":{"@type":"EntryPoint","urlTemplate":"https:\/\/lacerretaterme.it\/de\/?s={search_term_string}"},"query-input":"required name=search_term_string"}],"inLanguage":"de"}]}},"_links":{"self":[{"href":"https:\/\/lacerretaterme.it\/de\/wp-json\/wp\/v2\/product\/9521"}],"collection":[{"href":"https:\/\/lacerretaterme.it\/de\/wp-json\/wp\/v2\/product"}],"about":[{"href":"https:\/\/lacerretaterme.it\/de\/wp-json\/wp\/v2\/types\/product"}],"replies":[{"embeddable":true,"href":"https:\/\/lacerretaterme.it\/de\/wp-json\/wp\/v2\/comments?post=9521"}],"wp:featuredmedia":[{"embeddable":true,"href":"https:\/\/lacerretaterme.it\/de\/wp-json\/wp\/v2\/media\/7447"}],"wp:attachment":[{"href":"https:\/\/lacerretaterme.it\/de\/wp-json\/wp\/v2\/media?parent=9521"}],"wp:term":[{"taxonomy":"product_cat","embeddable":true,"href":"https:\/\/lacerretaterme.it\/de\/wp-json\/wp\/v2\/product_cat?post=9521"},{"taxonomy":"product_tag","embeddable":true,"href":"https:\/\/lacerretaterme.it\/de\/wp-json\/wp\/v2\/product_tag?post=9521"}],"curies":[{"name":"wp","href":"https:\/\/api.w.org\/{rel}","templated":true}]}}