{"id":9499,"date":"2020-01-08T11:12:18","date_gmt":"2020-01-08T10:12:18","guid":{"rendered":"https:\/\/lacerretaterme.it\/prodotto\/carta-regalo-euro-150\/"},"modified":"2020-04-09T09:21:29","modified_gmt":"2020-04-09T07:21:29","slug":"carta-regalo-euro-150","status":"publish","type":"product","link":"https:\/\/lacerretaterme.it\/de\/prodotto\/carta-regalo-euro-150\/","title":{"rendered":"GESCHENKKARTE EURO 150"},"content":{"rendered":"<p>Verschenken Sie eine <strong>Geschenkkarte ab \u20ac 500,00<\/strong>! Wer sie erh\u00e4lt, kann sie f\u00fcr alle unsere Dienstleistungen nutzen: <strong>Aufenthalte, Verpflegung, Eintritt in das Spa, Gesichts- und K\u00f6rperbehandlungen!<\/strong><\/p> <p>Lassen Sie die Freiheit zu w\u00e4hlen, wer den Gutschein erh\u00e4lt!<\/p> <p>Beachten Sie: Im Falle der Verwendung der Geschenkkarte f\u00fcr einen Aufenthalt h\u00e4ngt der <a href=\"https:\/\/lacerretaterme.it\/de\/regole-di-utilizzo-dei-voucher\/\">Gutschein<\/a> von der Verf\u00fcgbarkeit und den von der Struktur angewandten <a href=\"https:\/\/lacerretaterme.it\/de\/condizioni-di-prenotazione\/\">Buchungsrichtlinien<\/a> ab.<\/p> ","protected":false},"excerpt":{"rendered":"<p>Verschenken Sie eine Geschenkkarte ab \u20ac 500,00! Wer sie erh\u00e4lt, kann sie f\u00fcr alle unsere Dienstleistungen nutzen: Aufenthalte, Verpflegung, Eintritt in das Spa, Gesichts- und K\u00f6rperbehandlungen! Lassen Sie die Freiheit zu w\u00e4hlen, wer den Gutschein erh\u00e4lt! Beachten Sie: Im Falle der Verwendung der Geschenkkarte f\u00fcr einen Aufenthalt h\u00e4ngt der Gutschein von der Verf\u00fcgbarkeit und den [&hellip;]<\/p>\n","protected":false},"featured_media":1405,"comment_status":"closed","ping_status":"closed","template":"","meta":{"_acf_changed":false},"product_cat":[126],"product_tag":[],"acf":[],"yoast_head":"<!-- This site is optimized with the Yoast SEO plugin v22.7 - https:\/\/yoast.com\/wordpress\/plugins\/seo\/ -->\n<title>GESCHENKKARTE EURO 150 - La Cerreta<\/title>\n<meta name=\"robots\" content=\"index, follow, max-snippet:-1, max-image-preview:large, max-video-preview:-1\" \/>\n<link rel=\"canonical\" href=\"https:\/\/lacerretaterme.it\/de\/prodotto\/carta-regalo-euro-150\/\" \/>\n<meta property=\"og:locale\" content=\"de_DE\" \/>\n<meta property=\"og:type\" content=\"article\" \/>\n<meta property=\"og:title\" content=\"GESCHENKKARTE EURO 150 - La Cerreta\" \/>\n<meta property=\"og:description\" content=\"Verschenken Sie eine Geschenkkarte ab \u20ac 500,00! Wer sie erh\u00e4lt, kann sie f\u00fcr alle unsere Dienstleistungen nutzen: Aufenthalte, Verpflegung, Eintritt in das Spa, Gesichts- und K\u00f6rperbehandlungen! Lassen Sie die Freiheit zu w\u00e4hlen, wer den Gutschein erh\u00e4lt! Beachten Sie: Im Falle der Verwendung der Geschenkkarte f\u00fcr einen Aufenthalt h\u00e4ngt der Gutschein von der Verf\u00fcgbarkeit und den [&hellip;]\" \/>\n<meta property=\"og:url\" content=\"https:\/\/lacerretaterme.it\/de\/prodotto\/carta-regalo-euro-150\/\" \/>\n<meta property=\"og:site_name\" content=\"La Cerreta\" \/>\n<meta property=\"article:modified_time\" content=\"2020-04-09T07:21:29+00:00\" \/>\n<meta property=\"og:image\" content=\"https:\/\/lacerretaterme.it\/wp-content\/uploads\/2020\/01\/giftcard3@2x.jpg\" \/>\n\t<meta property=\"og:image:width\" content=\"766\" \/>\n\t<meta property=\"og:image:height\" content=\"766\" \/>\n\t<meta property=\"og:image:type\" content=\"image\/jpeg\" \/>\n<meta name=\"twitter:card\" content=\"summary_large_image\" \/>\n<script type=\"application\/ld+json\" class=\"yoast-schema-graph\">{\"@context\":\"https:\/\/schema.org\",\"@graph\":[{\"@type\":\"WebPage\",\"@id\":\"https:\/\/lacerretaterme.it\/de\/prodotto\/carta-regalo-euro-150\/\",\"url\":\"https:\/\/lacerretaterme.it\/de\/prodotto\/carta-regalo-euro-150\/\",\"name\":\"GESCHENKKARTE EURO 150 - La Cerreta\",\"isPartOf\":{\"@id\":\"https:\/\/lacerretaterme.it\/de\/#website\"},\"primaryImageOfPage\":{\"@id\":\"https:\/\/lacerretaterme.it\/de\/prodotto\/carta-regalo-euro-150\/#primaryimage\"},\"image\":{\"@id\":\"https:\/\/lacerretaterme.it\/de\/prodotto\/carta-regalo-euro-150\/#primaryimage\"},\"thumbnailUrl\":\"https:\/\/lacerretaterme.it\/wp-content\/uploads\/2020\/01\/giftcard3@2x.jpg\",\"datePublished\":\"2020-01-08T10:12:18+00:00\",\"dateModified\":\"2020-04-09T07:21:29+00:00\",\"breadcrumb\":{\"@id\":\"https:\/\/lacerretaterme.it\/de\/prodotto\/carta-regalo-euro-150\/#breadcrumb\"},\"inLanguage\":\"de\",\"potentialAction\":[{\"@type\":\"ReadAction\",\"target\":[\"https:\/\/lacerretaterme.it\/de\/prodotto\/carta-regalo-euro-150\/\"]}]},{\"@type\":\"ImageObject\",\"inLanguage\":\"de\",\"@id\":\"https:\/\/lacerretaterme.it\/de\/prodotto\/carta-regalo-euro-150\/#primaryimage\",\"url\":\"https:\/\/lacerretaterme.it\/wp-content\/uploads\/2020\/01\/giftcard3@2x.jpg\",\"contentUrl\":\"https:\/\/lacerretaterme.it\/wp-content\/uploads\/2020\/01\/giftcard3@2x.jpg\",\"width\":766,\"height\":766},{\"@type\":\"BreadcrumbList\",\"@id\":\"https:\/\/lacerretaterme.it\/de\/prodotto\/carta-regalo-euro-150\/#breadcrumb\",\"itemListElement\":[{\"@type\":\"ListItem\",\"position\":1,\"name\":\"Shop\",\"item\":\"https:\/\/lacerretaterme.it\/de\/negozio\/\"},{\"@type\":\"ListItem\",\"position\":2,\"name\":\"GESCHENKKARTE EURO 150\"}]},{\"@type\":\"WebSite\",\"@id\":\"https:\/\/lacerretaterme.it\/de\/#website\",\"url\":\"https:\/\/lacerretaterme.it\/de\/\",\"name\":\"La Cerreta\",\"description\":\"Biodynamical thermal farmhouse\",\"potentialAction\":[{\"@type\":\"SearchAction\",\"target\":{\"@type\":\"EntryPoint\",\"urlTemplate\":\"https:\/\/lacerretaterme.it\/de\/?s={search_term_string}\"},\"query-input\":\"required name=search_term_string\"}],\"inLanguage\":\"de\"}]}<\/script>\n<!-- \/ Yoast SEO plugin. -->","yoast_head_json":{"title":"GESCHENKKARTE EURO 150 - La Cerreta","robots":{"index":"index","follow":"follow","max-snippet":"max-snippet:-1","max-image-preview":"max-image-preview:large","max-video-preview":"max-video-preview:-1"},"canonical":"https:\/\/lacerretaterme.it\/de\/prodotto\/carta-regalo-euro-150\/","og_locale":"de_DE","og_type":"article","og_title":"GESCHENKKARTE EURO 150 - La Cerreta","og_description":"Verschenken Sie eine Geschenkkarte ab \u20ac 500,00! Wer sie erh\u00e4lt, kann sie f\u00fcr alle unsere Dienstleistungen nutzen: Aufenthalte, Verpflegung, Eintritt in das Spa, Gesichts- und K\u00f6rperbehandlungen! Lassen Sie die Freiheit zu w\u00e4hlen, wer den Gutschein erh\u00e4lt! Beachten Sie: Im Falle der Verwendung der Geschenkkarte f\u00fcr einen Aufenthalt h\u00e4ngt der Gutschein von der Verf\u00fcgbarkeit und den [&hellip;]","og_url":"https:\/\/lacerretaterme.it\/de\/prodotto\/carta-regalo-euro-150\/","og_site_name":"La Cerreta","article_modified_time":"2020-04-09T07:21:29+00:00","og_image":[{"width":766,"height":766,"url":"https:\/\/lacerretaterme.it\/wp-content\/uploads\/2020\/01\/giftcard3@2x.jpg","type":"image\/jpeg"}],"twitter_card":"summary_large_image","schema":{"@context":"https:\/\/schema.org","@graph":[{"@type":"WebPage","@id":"https:\/\/lacerretaterme.it\/de\/prodotto\/carta-regalo-euro-150\/","url":"https:\/\/lacerretaterme.it\/de\/prodotto\/carta-regalo-euro-150\/","name":"GESCHENKKARTE EURO 150 - La Cerreta","isPartOf":{"@id":"https:\/\/lacerretaterme.it\/de\/#website"},"primaryImageOfPage":{"@id":"https:\/\/lacerretaterme.it\/de\/prodotto\/carta-regalo-euro-150\/#primaryimage"},"image":{"@id":"https:\/\/lacerretaterme.it\/de\/prodotto\/carta-regalo-euro-150\/#primaryimage"},"thumbnailUrl":"https:\/\/lacerretaterme.it\/wp-content\/uploads\/2020\/01\/giftcard3@2x.jpg","datePublished":"2020-01-08T10:12:18+00:00","dateModified":"2020-04-09T07:21:29+00:00","breadcrumb":{"@id":"https:\/\/lacerretaterme.it\/de\/prodotto\/carta-regalo-euro-150\/#breadcrumb"},"inLanguage":"de","potentialAction":[{"@type":"ReadAction","target":["https:\/\/lacerretaterme.it\/de\/prodotto\/carta-regalo-euro-150\/"]}]},{"@type":"ImageObject","inLanguage":"de","@id":"https:\/\/lacerretaterme.it\/de\/prodotto\/carta-regalo-euro-150\/#primaryimage","url":"https:\/\/lacerretaterme.it\/wp-content\/uploads\/2020\/01\/giftcard3@2x.jpg","contentUrl":"https:\/\/lacerretaterme.it\/wp-content\/uploads\/2020\/01\/giftcard3@2x.jpg","width":766,"height":766},{"@type":"BreadcrumbList","@id":"https:\/\/lacerretaterme.it\/de\/prodotto\/carta-regalo-euro-150\/#breadcrumb","itemListElement":[{"@type":"ListItem","position":1,"name":"Shop","item":"https:\/\/lacerretaterme.it\/de\/negozio\/"},{"@type":"ListItem","position":2,"name":"GESCHENKKARTE EURO 150"}]},{"@type":"WebSite","@id":"https:\/\/lacerretaterme.it\/de\/#website","url":"https:\/\/lacerretaterme.it\/de\/","name":"La Cerreta","description":"Biodynamical thermal farmhouse","potentialAction":[{"@type":"SearchAction","target":{"@type":"EntryPoint","urlTemplate":"https:\/\/lacerretaterme.it\/de\/?s={search_term_string}"},"query-input":"required name=search_term_string"}],"inLanguage":"de"}]}},"_links":{"self":[{"href":"https:\/\/lacerretaterme.it\/de\/wp-json\/wp\/v2\/product\/9499"}],"collection":[{"href":"https:\/\/lacerretaterme.it\/de\/wp-json\/wp\/v2\/product"}],"about":[{"href":"https:\/\/lacerretaterme.it\/de\/wp-json\/wp\/v2\/types\/product"}],"replies":[{"embeddable":true,"href":"https:\/\/lacerretaterme.it\/de\/wp-json\/wp\/v2\/comments?post=9499"}],"wp:featuredmedia":[{"embeddable":true,"href":"https:\/\/lacerretaterme.it\/de\/wp-json\/wp\/v2\/media\/1405"}],"wp:attachment":[{"href":"https:\/\/lacerretaterme.it\/de\/wp-json\/wp\/v2\/media?parent=9499"}],"wp:term":[{"taxonomy":"product_cat","embeddable":true,"href":"https:\/\/lacerretaterme.it\/de\/wp-json\/wp\/v2\/product_cat?post=9499"},{"taxonomy":"product_tag","embeddable":true,"href":"https:\/\/lacerretaterme.it\/de\/wp-json\/wp\/v2\/product_tag?post=9499"}],"curies":[{"name":"wp","href":"https:\/\/api.w.org\/{rel}","templated":true}]}}