{"id":9411,"date":"2020-01-07T12:51:04","date_gmt":"2020-01-07T11:51:04","guid":{"rendered":"https:\/\/lacerretaterme.it\/attivita\/"},"modified":"2020-04-08T13:08:17","modified_gmt":"2020-04-08T11:08:17","slug":"attivita","status":"publish","type":"page","link":"https:\/\/lacerretaterme.it\/de\/essere-cerreta\/attivita\/","title":{"rendered":"Aktivit\u00e4ten"},"content":{"rendered":"<p>Nur wenige Kilometer von Ihrem Zimmer entfernt finden Sie ein breites Angebot an Aktivit\u00e4ten, kulturellen Attraktionen und M\u00f6glichkeiten f\u00fcr Interesse und Spa\u00df. Von Themenparks bis zu den wunderbaren Str\u00e4nden der K\u00fcste, von den Tausenden von Pfaden, die sich ideal zum Wandern und Mountainbiken eignen, \u00fcber die K\u00f6stlichkeiten der lokalen Gastronomie und Weintradition bis hin zur \u00fcberraschenden Entdeckung der antiken Nekropole und der etruskischen Arch\u00e4ologiemuseen.<\/p> ","protected":false},"excerpt":{"rendered":"<p>Nur wenige Kilometer von Ihrem Zimmer entfernt finden Sie ein breites Angebot an Aktivit\u00e4ten, kulturellen Attraktionen und M\u00f6glichkeiten f\u00fcr Interesse und Spa\u00df. Von Themenparks bis zu den wunderbaren Str\u00e4nden der K\u00fcste, von den Tausenden von Pfaden, die sich ideal zum Wandern und Mountainbiken eignen, \u00fcber die K\u00f6stlichkeiten der lokalen Gastronomie und Weintradition bis hin zur [&hellip;]<\/p>\n","protected":false},"author":1,"featured_media":0,"parent":9418,"menu_order":0,"comment_status":"closed","ping_status":"closed","template":"tpl-showcase.php","meta":{"_acf_changed":false,"footnotes":""},"acf":[],"yoast_head":"<!-- This site is optimized with the Yoast SEO plugin v22.7 - https:\/\/yoast.com\/wordpress\/plugins\/seo\/ -->\n<title>Aktivit\u00e4ten - La Cerreta<\/title>\n<meta name=\"robots\" content=\"index, follow, max-snippet:-1, max-image-preview:large, max-video-preview:-1\" \/>\n<link rel=\"canonical\" href=\"https:\/\/lacerretaterme.it\/de\/essere-cerreta\/attivita\/\" \/>\n<meta property=\"og:locale\" content=\"de_DE\" \/>\n<meta property=\"og:type\" content=\"article\" \/>\n<meta property=\"og:title\" content=\"Aktivit\u00e4ten - La Cerreta\" \/>\n<meta property=\"og:description\" content=\"Nur wenige Kilometer von Ihrem Zimmer entfernt finden Sie ein breites Angebot an Aktivit\u00e4ten, kulturellen Attraktionen und M\u00f6glichkeiten f\u00fcr Interesse und Spa\u00df. Von Themenparks bis zu den wunderbaren Str\u00e4nden der K\u00fcste, von den Tausenden von Pfaden, die sich ideal zum Wandern und Mountainbiken eignen, \u00fcber die K\u00f6stlichkeiten der lokalen Gastronomie und Weintradition bis hin zur [&hellip;]\" \/>\n<meta property=\"og:url\" content=\"https:\/\/lacerretaterme.it\/de\/essere-cerreta\/attivita\/\" \/>\n<meta property=\"og:site_name\" content=\"La Cerreta\" \/>\n<meta property=\"article:modified_time\" content=\"2020-04-08T11:08:17+00:00\" \/>\n<meta name=\"twitter:card\" content=\"summary_large_image\" \/>\n<script type=\"application\/ld+json\" class=\"yoast-schema-graph\">{\"@context\":\"https:\/\/schema.org\",\"@graph\":[{\"@type\":\"WebPage\",\"@id\":\"https:\/\/lacerretaterme.it\/de\/essere-cerreta\/attivita\/\",\"url\":\"https:\/\/lacerretaterme.it\/de\/essere-cerreta\/attivita\/\",\"name\":\"Aktivit\u00e4ten - La Cerreta\",\"isPartOf\":{\"@id\":\"https:\/\/lacerretaterme.it\/de\/#website\"},\"datePublished\":\"2020-01-07T11:51:04+00:00\",\"dateModified\":\"2020-04-08T11:08:17+00:00\",\"breadcrumb\":{\"@id\":\"https:\/\/lacerretaterme.it\/de\/essere-cerreta\/attivita\/#breadcrumb\"},\"inLanguage\":\"de\",\"potentialAction\":[{\"@type\":\"ReadAction\",\"target\":[\"https:\/\/lacerretaterme.it\/de\/essere-cerreta\/attivita\/\"]}]},{\"@type\":\"BreadcrumbList\",\"@id\":\"https:\/\/lacerretaterme.it\/de\/essere-cerreta\/attivita\/#breadcrumb\",\"itemListElement\":[{\"@type\":\"ListItem\",\"position\":1,\"name\":\"Cerreta sein\",\"item\":\"https:\/\/lacerretaterme.it\/de\/essere-cerreta\/\"},{\"@type\":\"ListItem\",\"position\":2,\"name\":\"Aktivit\u00e4ten\"}]},{\"@type\":\"WebSite\",\"@id\":\"https:\/\/lacerretaterme.it\/de\/#website\",\"url\":\"https:\/\/lacerretaterme.it\/de\/\",\"name\":\"La Cerreta\",\"description\":\"Biodynamical thermal farmhouse\",\"potentialAction\":[{\"@type\":\"SearchAction\",\"target\":{\"@type\":\"EntryPoint\",\"urlTemplate\":\"https:\/\/lacerretaterme.it\/de\/?s={search_term_string}\"},\"query-input\":\"required name=search_term_string\"}],\"inLanguage\":\"de\"}]}<\/script>\n<!-- \/ Yoast SEO plugin. -->","yoast_head_json":{"title":"Aktivit\u00e4ten - La Cerreta","robots":{"index":"index","follow":"follow","max-snippet":"max-snippet:-1","max-image-preview":"max-image-preview:large","max-video-preview":"max-video-preview:-1"},"canonical":"https:\/\/lacerretaterme.it\/de\/essere-cerreta\/attivita\/","og_locale":"de_DE","og_type":"article","og_title":"Aktivit\u00e4ten - La Cerreta","og_description":"Nur wenige Kilometer von Ihrem Zimmer entfernt finden Sie ein breites Angebot an Aktivit\u00e4ten, kulturellen Attraktionen und M\u00f6glichkeiten f\u00fcr Interesse und Spa\u00df. Von Themenparks bis zu den wunderbaren Str\u00e4nden der K\u00fcste, von den Tausenden von Pfaden, die sich ideal zum Wandern und Mountainbiken eignen, \u00fcber die K\u00f6stlichkeiten der lokalen Gastronomie und Weintradition bis hin zur [&hellip;]","og_url":"https:\/\/lacerretaterme.it\/de\/essere-cerreta\/attivita\/","og_site_name":"La Cerreta","article_modified_time":"2020-04-08T11:08:17+00:00","twitter_card":"summary_large_image","schema":{"@context":"https:\/\/schema.org","@graph":[{"@type":"WebPage","@id":"https:\/\/lacerretaterme.it\/de\/essere-cerreta\/attivita\/","url":"https:\/\/lacerretaterme.it\/de\/essere-cerreta\/attivita\/","name":"Aktivit\u00e4ten - La Cerreta","isPartOf":{"@id":"https:\/\/lacerretaterme.it\/de\/#website"},"datePublished":"2020-01-07T11:51:04+00:00","dateModified":"2020-04-08T11:08:17+00:00","breadcrumb":{"@id":"https:\/\/lacerretaterme.it\/de\/essere-cerreta\/attivita\/#breadcrumb"},"inLanguage":"de","potentialAction":[{"@type":"ReadAction","target":["https:\/\/lacerretaterme.it\/de\/essere-cerreta\/attivita\/"]}]},{"@type":"BreadcrumbList","@id":"https:\/\/lacerretaterme.it\/de\/essere-cerreta\/attivita\/#breadcrumb","itemListElement":[{"@type":"ListItem","position":1,"name":"Cerreta sein","item":"https:\/\/lacerretaterme.it\/de\/essere-cerreta\/"},{"@type":"ListItem","position":2,"name":"Aktivit\u00e4ten"}]},{"@type":"WebSite","@id":"https:\/\/lacerretaterme.it\/de\/#website","url":"https:\/\/lacerretaterme.it\/de\/","name":"La Cerreta","description":"Biodynamical thermal farmhouse","potentialAction":[{"@type":"SearchAction","target":{"@type":"EntryPoint","urlTemplate":"https:\/\/lacerretaterme.it\/de\/?s={search_term_string}"},"query-input":"required name=search_term_string"}],"inLanguage":"de"}]}},"_links":{"self":[{"href":"https:\/\/lacerretaterme.it\/de\/wp-json\/wp\/v2\/pages\/9411"}],"collection":[{"href":"https:\/\/lacerretaterme.it\/de\/wp-json\/wp\/v2\/pages"}],"about":[{"href":"https:\/\/lacerretaterme.it\/de\/wp-json\/wp\/v2\/types\/page"}],"author":[{"embeddable":true,"href":"https:\/\/lacerretaterme.it\/de\/wp-json\/wp\/v2\/users\/1"}],"replies":[{"embeddable":true,"href":"https:\/\/lacerretaterme.it\/de\/wp-json\/wp\/v2\/comments?post=9411"}],"version-history":[{"count":2,"href":"https:\/\/lacerretaterme.it\/de\/wp-json\/wp\/v2\/pages\/9411\/revisions"}],"predecessor-version":[{"id":9413,"href":"https:\/\/lacerretaterme.it\/de\/wp-json\/wp\/v2\/pages\/9411\/revisions\/9413"}],"up":[{"embeddable":true,"href":"https:\/\/lacerretaterme.it\/de\/wp-json\/wp\/v2\/pages\/9418"}],"wp:attachment":[{"href":"https:\/\/lacerretaterme.it\/de\/wp-json\/wp\/v2\/media?parent=9411"}],"curies":[{"name":"wp","href":"https:\/\/api.w.org\/{rel}","templated":true}]}}