{"id":9408,"date":"2020-01-10T10:56:05","date_gmt":"2020-01-10T09:56:05","guid":{"rendered":"https:\/\/lacerretaterme.it\/etruschi\/"},"modified":"2020-04-08T13:03:21","modified_gmt":"2020-04-08T11:03:21","slug":"etruschi","status":"publish","type":"page","link":"https:\/\/lacerretaterme.it\/de\/essere-cerreta\/attivita\/etruschi\/","title":{"rendered":"Etrusker"},"content":{"rendered":"<h3>\u00a0Der arch\u00e4ologische Park von Baratti und Populonia<\/h3> <p><img loading=\"lazy\" decoding=\"async\" class=\"alignnone wp-image-6698\" src=\"https:\/\/lacerretaterme.it\/wp-content\/uploads\/2020\/01\/populonia-rob-scaled.jpg\" alt=\"\" width=\"1082\" height=\"306\" srcset=\"https:\/\/lacerretaterme.it\/wp-content\/uploads\/2020\/01\/populonia-rob-scaled.jpg 2560w, https:\/\/lacerretaterme.it\/wp-content\/uploads\/2020\/01\/populonia-rob-768x217.jpg 768w, https:\/\/lacerretaterme.it\/wp-content\/uploads\/2020\/01\/populonia-rob-1536x434.jpg 1536w, https:\/\/lacerretaterme.it\/wp-content\/uploads\/2020\/01\/populonia-rob-2048x579.jpg 2048w, https:\/\/lacerretaterme.it\/wp-content\/uploads\/2020\/01\/populonia-rob-600x170.jpg 600w, https:\/\/lacerretaterme.it\/wp-content\/uploads\/2020\/01\/populonia-rob-100x28.jpg 100w\" sizes=\"(max-width: 1082px) 100vw, 1082px\" \/><\/p> <p>Zwischen den H\u00e4ngen des Vorgebirges von Piombino und dem wundersch\u00f6nen Golf von Baratti liegt der <strong>Arch\u00e4ologische Park von Baratti und Populonia<\/strong>, ein ideales Ziel f\u00fcr Kultur- und Geschichtsliebhaber, da er ein echtes <strong>Freilichtmuseum<\/strong> \u00fcber die etruskische und r\u00f6mische Kultur ist. In der Tat, etwa vierzig Kilometer von unserem <a href=\"https:\/\/lacerretaterme.it\/de\/\"><strong>Agriturismo<\/strong> <strong>mit den Thermalb\u00e4dern &#8222;La Cerreta&#8220;<\/strong><\/a> entfernt, befindet sich das Gebiet, in dem sich einst die etruskische und r\u00f6mische Stadt Populonia befand, die in der Antike f\u00fcr die Produktion von Eisen und f\u00fcr die wichtige metallurgische T\u00e4tigkeit bekannt war.<\/p> <p>Der Park gliedert sich in zwei Hauptbereiche: einen unteren Teil mit zwei <strong>Nekropolen<\/strong> aus etruskischer Phase, den Industrievierteln und den Kalksteinbr\u00fcchen und einen h\u00f6heren Teil mit Blick auf den Golf, in dem die <strong>Akropolis<\/strong> von Populonia besichtigt werden kann, mit Spuren von Mosaiken, Geb\u00e4uden, Tempeln, gepflasterten Stra\u00dfen r\u00f6mischen Ursprungs und H\u00fctten, die die \u00e4ltesten Aristokratien Populonias beherbergten.<\/p> <p>In diesem Gebiet gibt es zahlreiche Routen mit einem arch\u00e4ologischen Thema wie die <strong>Via del Ferro<\/strong>, zwischen Grabh\u00fcgelgr\u00e4bern und antiken Geb\u00e4uden, die mit der Eisenverarbeitung verbunden sind, die <strong>Via della Romanella<\/strong>, die zu den \u00dcberresten der antiken Mauern von Populonia und dann bis zur Akropolis der Stadt f\u00fchrt oder die<strong> Via delle Cave<\/strong>, die in den Wald getaucht und von antiken Steinbr\u00fcchen und in den Fels gehauenen Kammergr\u00e4bern durchsetzt ist.<\/p> ","protected":false},"excerpt":{"rendered":"<p>\u00a0Der arch\u00e4ologische Park von Baratti und Populonia Zwischen den H\u00e4ngen des Vorgebirges von Piombino und dem wundersch\u00f6nen Golf von Baratti liegt der Arch\u00e4ologische Park von Baratti und Populonia, ein ideales Ziel f\u00fcr Kultur- und Geschichtsliebhaber, da er ein echtes Freilichtmuseum \u00fcber die etruskische und r\u00f6mische Kultur ist. In der Tat, etwa vierzig Kilometer von unserem [&hellip;]<\/p>\n","protected":false},"author":1,"featured_media":0,"parent":9411,"menu_order":0,"comment_status":"closed","ping_status":"closed","template":"tpl-simplepage.php","meta":{"_acf_changed":false,"footnotes":""},"acf":[],"yoast_head":"<!-- This site is optimized with the Yoast SEO plugin v22.7 - https:\/\/yoast.com\/wordpress\/plugins\/seo\/ -->\n<title>Etrusker - La Cerreta<\/title>\n<meta name=\"robots\" content=\"index, follow, max-snippet:-1, max-image-preview:large, max-video-preview:-1\" \/>\n<link rel=\"canonical\" href=\"https:\/\/lacerretaterme.it\/de\/essere-cerreta\/attivita\/etruschi\/\" \/>\n<meta property=\"og:locale\" content=\"de_DE\" \/>\n<meta property=\"og:type\" content=\"article\" \/>\n<meta property=\"og:title\" content=\"Etrusker - La Cerreta\" \/>\n<meta property=\"og:description\" content=\"\u00a0Der arch\u00e4ologische Park von Baratti und Populonia Zwischen den H\u00e4ngen des Vorgebirges von Piombino und dem wundersch\u00f6nen Golf von Baratti liegt der Arch\u00e4ologische Park von Baratti und Populonia, ein ideales Ziel f\u00fcr Kultur- und Geschichtsliebhaber, da er ein echtes Freilichtmuseum \u00fcber die etruskische und r\u00f6mische Kultur ist. In der Tat, etwa vierzig Kilometer von unserem [&hellip;]\" \/>\n<meta property=\"og:url\" content=\"https:\/\/lacerretaterme.it\/de\/essere-cerreta\/attivita\/etruschi\/\" \/>\n<meta property=\"og:site_name\" content=\"La Cerreta\" \/>\n<meta property=\"article:modified_time\" content=\"2020-04-08T11:03:21+00:00\" \/>\n<meta property=\"og:image\" content=\"https:\/\/lacerretaterme.it\/wp-content\/uploads\/2020\/01\/populonia-rob-scaled.jpg\" \/>\n<meta name=\"twitter:card\" content=\"summary_large_image\" \/>\n<meta name=\"twitter:label1\" content=\"Gesch\u00e4tzte Lesezeit\" \/>\n\t<meta name=\"twitter:data1\" content=\"1\u00a0Minute\" \/>\n<script type=\"application\/ld+json\" class=\"yoast-schema-graph\">{\"@context\":\"https:\/\/schema.org\",\"@graph\":[{\"@type\":\"WebPage\",\"@id\":\"https:\/\/lacerretaterme.it\/de\/essere-cerreta\/attivita\/etruschi\/\",\"url\":\"https:\/\/lacerretaterme.it\/de\/essere-cerreta\/attivita\/etruschi\/\",\"name\":\"Etrusker - La Cerreta\",\"isPartOf\":{\"@id\":\"https:\/\/lacerretaterme.it\/de\/#website\"},\"primaryImageOfPage\":{\"@id\":\"https:\/\/lacerretaterme.it\/de\/essere-cerreta\/attivita\/etruschi\/#primaryimage\"},\"image\":{\"@id\":\"https:\/\/lacerretaterme.it\/de\/essere-cerreta\/attivita\/etruschi\/#primaryimage\"},\"thumbnailUrl\":\"https:\/\/lacerretaterme.it\/wp-content\/uploads\/2020\/01\/populonia-rob-scaled.jpg\",\"datePublished\":\"2020-01-10T09:56:05+00:00\",\"dateModified\":\"2020-04-08T11:03:21+00:00\",\"breadcrumb\":{\"@id\":\"https:\/\/lacerretaterme.it\/de\/essere-cerreta\/attivita\/etruschi\/#breadcrumb\"},\"inLanguage\":\"de\",\"potentialAction\":[{\"@type\":\"ReadAction\",\"target\":[\"https:\/\/lacerretaterme.it\/de\/essere-cerreta\/attivita\/etruschi\/\"]}]},{\"@type\":\"ImageObject\",\"inLanguage\":\"de\",\"@id\":\"https:\/\/lacerretaterme.it\/de\/essere-cerreta\/attivita\/etruschi\/#primaryimage\",\"url\":\"https:\/\/lacerretaterme.it\/wp-content\/uploads\/2020\/01\/populonia-rob-scaled.jpg\",\"contentUrl\":\"https:\/\/lacerretaterme.it\/wp-content\/uploads\/2020\/01\/populonia-rob-scaled.jpg\"},{\"@type\":\"BreadcrumbList\",\"@id\":\"https:\/\/lacerretaterme.it\/de\/essere-cerreta\/attivita\/etruschi\/#breadcrumb\",\"itemListElement\":[{\"@type\":\"ListItem\",\"position\":1,\"name\":\"Cerreta sein\",\"item\":\"https:\/\/lacerretaterme.it\/de\/essere-cerreta\/\"},{\"@type\":\"ListItem\",\"position\":2,\"name\":\"Aktivit\u00e4ten\",\"item\":\"https:\/\/lacerretaterme.it\/de\/essere-cerreta\/attivita\/\"},{\"@type\":\"ListItem\",\"position\":3,\"name\":\"Etrusker\"}]},{\"@type\":\"WebSite\",\"@id\":\"https:\/\/lacerretaterme.it\/de\/#website\",\"url\":\"https:\/\/lacerretaterme.it\/de\/\",\"name\":\"La Cerreta\",\"description\":\"Biodynamical thermal farmhouse\",\"potentialAction\":[{\"@type\":\"SearchAction\",\"target\":{\"@type\":\"EntryPoint\",\"urlTemplate\":\"https:\/\/lacerretaterme.it\/de\/?s={search_term_string}\"},\"query-input\":\"required name=search_term_string\"}],\"inLanguage\":\"de\"}]}<\/script>\n<!-- \/ Yoast SEO plugin. -->","yoast_head_json":{"title":"Etrusker - La Cerreta","robots":{"index":"index","follow":"follow","max-snippet":"max-snippet:-1","max-image-preview":"max-image-preview:large","max-video-preview":"max-video-preview:-1"},"canonical":"https:\/\/lacerretaterme.it\/de\/essere-cerreta\/attivita\/etruschi\/","og_locale":"de_DE","og_type":"article","og_title":"Etrusker - La Cerreta","og_description":"\u00a0Der arch\u00e4ologische Park von Baratti und Populonia Zwischen den H\u00e4ngen des Vorgebirges von Piombino und dem wundersch\u00f6nen Golf von Baratti liegt der Arch\u00e4ologische Park von Baratti und Populonia, ein ideales Ziel f\u00fcr Kultur- und Geschichtsliebhaber, da er ein echtes Freilichtmuseum \u00fcber die etruskische und r\u00f6mische Kultur ist. In der Tat, etwa vierzig Kilometer von unserem [&hellip;]","og_url":"https:\/\/lacerretaterme.it\/de\/essere-cerreta\/attivita\/etruschi\/","og_site_name":"La Cerreta","article_modified_time":"2020-04-08T11:03:21+00:00","og_image":[{"url":"https:\/\/lacerretaterme.it\/wp-content\/uploads\/2020\/01\/populonia-rob-scaled.jpg"}],"twitter_card":"summary_large_image","twitter_misc":{"Gesch\u00e4tzte Lesezeit":"1\u00a0Minute"},"schema":{"@context":"https:\/\/schema.org","@graph":[{"@type":"WebPage","@id":"https:\/\/lacerretaterme.it\/de\/essere-cerreta\/attivita\/etruschi\/","url":"https:\/\/lacerretaterme.it\/de\/essere-cerreta\/attivita\/etruschi\/","name":"Etrusker - La Cerreta","isPartOf":{"@id":"https:\/\/lacerretaterme.it\/de\/#website"},"primaryImageOfPage":{"@id":"https:\/\/lacerretaterme.it\/de\/essere-cerreta\/attivita\/etruschi\/#primaryimage"},"image":{"@id":"https:\/\/lacerretaterme.it\/de\/essere-cerreta\/attivita\/etruschi\/#primaryimage"},"thumbnailUrl":"https:\/\/lacerretaterme.it\/wp-content\/uploads\/2020\/01\/populonia-rob-scaled.jpg","datePublished":"2020-01-10T09:56:05+00:00","dateModified":"2020-04-08T11:03:21+00:00","breadcrumb":{"@id":"https:\/\/lacerretaterme.it\/de\/essere-cerreta\/attivita\/etruschi\/#breadcrumb"},"inLanguage":"de","potentialAction":[{"@type":"ReadAction","target":["https:\/\/lacerretaterme.it\/de\/essere-cerreta\/attivita\/etruschi\/"]}]},{"@type":"ImageObject","inLanguage":"de","@id":"https:\/\/lacerretaterme.it\/de\/essere-cerreta\/attivita\/etruschi\/#primaryimage","url":"https:\/\/lacerretaterme.it\/wp-content\/uploads\/2020\/01\/populonia-rob-scaled.jpg","contentUrl":"https:\/\/lacerretaterme.it\/wp-content\/uploads\/2020\/01\/populonia-rob-scaled.jpg"},{"@type":"BreadcrumbList","@id":"https:\/\/lacerretaterme.it\/de\/essere-cerreta\/attivita\/etruschi\/#breadcrumb","itemListElement":[{"@type":"ListItem","position":1,"name":"Cerreta sein","item":"https:\/\/lacerretaterme.it\/de\/essere-cerreta\/"},{"@type":"ListItem","position":2,"name":"Aktivit\u00e4ten","item":"https:\/\/lacerretaterme.it\/de\/essere-cerreta\/attivita\/"},{"@type":"ListItem","position":3,"name":"Etrusker"}]},{"@type":"WebSite","@id":"https:\/\/lacerretaterme.it\/de\/#website","url":"https:\/\/lacerretaterme.it\/de\/","name":"La Cerreta","description":"Biodynamical thermal farmhouse","potentialAction":[{"@type":"SearchAction","target":{"@type":"EntryPoint","urlTemplate":"https:\/\/lacerretaterme.it\/de\/?s={search_term_string}"},"query-input":"required name=search_term_string"}],"inLanguage":"de"}]}},"_links":{"self":[{"href":"https:\/\/lacerretaterme.it\/de\/wp-json\/wp\/v2\/pages\/9408"}],"collection":[{"href":"https:\/\/lacerretaterme.it\/de\/wp-json\/wp\/v2\/pages"}],"about":[{"href":"https:\/\/lacerretaterme.it\/de\/wp-json\/wp\/v2\/types\/page"}],"author":[{"embeddable":true,"href":"https:\/\/lacerretaterme.it\/de\/wp-json\/wp\/v2\/users\/1"}],"replies":[{"embeddable":true,"href":"https:\/\/lacerretaterme.it\/de\/wp-json\/wp\/v2\/comments?post=9408"}],"version-history":[{"count":2,"href":"https:\/\/lacerretaterme.it\/de\/wp-json\/wp\/v2\/pages\/9408\/revisions"}],"predecessor-version":[{"id":9410,"href":"https:\/\/lacerretaterme.it\/de\/wp-json\/wp\/v2\/pages\/9408\/revisions\/9410"}],"up":[{"embeddable":true,"href":"https:\/\/lacerretaterme.it\/de\/wp-json\/wp\/v2\/pages\/9411"}],"wp:attachment":[{"href":"https:\/\/lacerretaterme.it\/de\/wp-json\/wp\/v2\/media?parent=9408"}],"curies":[{"name":"wp","href":"https:\/\/api.w.org\/{rel}","templated":true}]}}