{"id":9405,"date":"2020-01-10T10:47:15","date_gmt":"2020-01-10T09:47:15","guid":{"rendered":"https:\/\/lacerretaterme.it\/oil-wine\/"},"modified":"2020-04-08T13:00:29","modified_gmt":"2020-04-08T11:00:29","slug":"oil-wine","status":"publish","type":"page","link":"https:\/\/lacerretaterme.it\/de\/essere-cerreta\/attivita\/oil-wine\/","title":{"rendered":"\u00d6l und Wein"},"content":{"rendered":"<p><img loading=\"lazy\" decoding=\"async\" class=\"alignnone wp-image-6976\" src=\"https:\/\/lacerretaterme.it\/wp-content\/uploads\/2020\/01\/fooodwine-La-cerreta-scaled.jpg\" alt=\"\" width=\"1080\" height=\"288\" srcset=\"https:\/\/lacerretaterme.it\/wp-content\/uploads\/2020\/01\/fooodwine-La-cerreta-scaled.jpg 2560w, https:\/\/lacerretaterme.it\/wp-content\/uploads\/2020\/01\/fooodwine-La-cerreta-768x205.jpg 768w, https:\/\/lacerretaterme.it\/wp-content\/uploads\/2020\/01\/fooodwine-La-cerreta-1536x410.jpg 1536w, https:\/\/lacerretaterme.it\/wp-content\/uploads\/2020\/01\/fooodwine-La-cerreta-2048x546.jpg 2048w, https:\/\/lacerretaterme.it\/wp-content\/uploads\/2020\/01\/fooodwine-La-cerreta-600x160.jpg 600w, https:\/\/lacerretaterme.it\/wp-content\/uploads\/2020\/01\/fooodwine-La-cerreta-100x27.jpg 100w\" sizes=\"(max-width: 1080px) 100vw, 1080px\" \/><\/p> <p>Nichts ist einfacher, als sich von den typischen Produkten und dem unverwechselbaren Geschmack der reichen toskanischen K\u00fcche verf\u00fchren und erobern zu lassen. Entlang der etruskischen K\u00fcste gibt es eine Route, die dem Wein und dem \u00d6l gewidmet ist, den wahren Exzellenzen unseres Territoriums.<\/p> <p>Die <strong>Strada del Vino e dell&#8217;Olio Costa degli Etruschi<\/strong> umfasst eine <strong>\u00fcber 150 km<\/strong> lange Strecke, die von der tyrrhenischen K\u00fcste und der Insel Elba (in der Provinz Livorno) bis zu einem Abschnitt der Provinz Pisa f\u00fchrt.<\/p> <p>In den Weinkellern &#8211; neben <strong>Sassicaia, Ornellaia und Guado al Tasso<\/strong> &#8211; kann man den Wein vieler junger Erzeuger aus dem Gebiet von <strong><a href=\"https:\/\/lacerretaterme.it\/de\/luoghi\/san-gimignano\/\">Bolgheri<\/a><\/strong> und <strong><a href=\"https:\/\/lacerretaterme.it\/de\/luoghi\/sassetta\/\">Val di Cornia<\/a><\/strong> verkosten, aber auch das kaltgepresste <strong>native Oliven\u00f6l extra<\/strong>, ein wesentlicher Bestandteil von einer ausgezeichneten Bruschetta. All dies in einem Gebiet, das zwischen Meer und Land liegt und von Routen durchzogen ist, die nicht nur \u00f6nogastronomisch, sondern auch kulturell und naturalistisch sind.<\/p> ","protected":false},"excerpt":{"rendered":"<p>Nichts ist einfacher, als sich von den typischen Produkten und dem unverwechselbaren Geschmack der reichen toskanischen K\u00fcche verf\u00fchren und erobern zu lassen. Entlang der etruskischen K\u00fcste gibt es eine Route, die dem Wein und dem \u00d6l gewidmet ist, den wahren Exzellenzen unseres Territoriums. Die Strada del Vino e dell&#8217;Olio Costa degli Etruschi umfasst eine \u00fcber [&hellip;]<\/p>\n","protected":false},"author":1,"featured_media":0,"parent":9411,"menu_order":0,"comment_status":"closed","ping_status":"closed","template":"tpl-simplepage.php","meta":{"_acf_changed":false,"footnotes":""},"acf":[],"yoast_head":"<!-- This site is optimized with the Yoast SEO plugin v22.7 - https:\/\/yoast.com\/wordpress\/plugins\/seo\/ -->\n<title>\u00d6l und Wein - La Cerreta<\/title>\n<meta name=\"robots\" content=\"index, follow, max-snippet:-1, max-image-preview:large, max-video-preview:-1\" \/>\n<link rel=\"canonical\" href=\"https:\/\/lacerretaterme.it\/de\/essere-cerreta\/attivita\/oil-wine\/\" \/>\n<meta property=\"og:locale\" content=\"de_DE\" \/>\n<meta property=\"og:type\" content=\"article\" \/>\n<meta property=\"og:title\" content=\"\u00d6l und Wein - La Cerreta\" \/>\n<meta property=\"og:description\" content=\"Nichts ist einfacher, als sich von den typischen Produkten und dem unverwechselbaren Geschmack der reichen toskanischen K\u00fcche verf\u00fchren und erobern zu lassen. Entlang der etruskischen K\u00fcste gibt es eine Route, die dem Wein und dem \u00d6l gewidmet ist, den wahren Exzellenzen unseres Territoriums. Die Strada del Vino e dell&#8217;Olio Costa degli Etruschi umfasst eine \u00fcber [&hellip;]\" \/>\n<meta property=\"og:url\" content=\"https:\/\/lacerretaterme.it\/de\/essere-cerreta\/attivita\/oil-wine\/\" \/>\n<meta property=\"og:site_name\" content=\"La Cerreta\" \/>\n<meta property=\"article:modified_time\" content=\"2020-04-08T11:00:29+00:00\" \/>\n<meta property=\"og:image\" content=\"https:\/\/lacerretaterme.it\/wp-content\/uploads\/2020\/01\/fooodwine-La-cerreta-scaled.jpg\" \/>\n<meta name=\"twitter:card\" content=\"summary_large_image\" \/>\n<meta name=\"twitter:label1\" content=\"Gesch\u00e4tzte Lesezeit\" \/>\n\t<meta name=\"twitter:data1\" content=\"1\u00a0Minute\" \/>\n<script type=\"application\/ld+json\" class=\"yoast-schema-graph\">{\"@context\":\"https:\/\/schema.org\",\"@graph\":[{\"@type\":\"WebPage\",\"@id\":\"https:\/\/lacerretaterme.it\/de\/essere-cerreta\/attivita\/oil-wine\/\",\"url\":\"https:\/\/lacerretaterme.it\/de\/essere-cerreta\/attivita\/oil-wine\/\",\"name\":\"\u00d6l und Wein - La Cerreta\",\"isPartOf\":{\"@id\":\"https:\/\/lacerretaterme.it\/de\/#website\"},\"primaryImageOfPage\":{\"@id\":\"https:\/\/lacerretaterme.it\/de\/essere-cerreta\/attivita\/oil-wine\/#primaryimage\"},\"image\":{\"@id\":\"https:\/\/lacerretaterme.it\/de\/essere-cerreta\/attivita\/oil-wine\/#primaryimage\"},\"thumbnailUrl\":\"https:\/\/lacerretaterme.it\/wp-content\/uploads\/2020\/01\/fooodwine-La-cerreta-scaled.jpg\",\"datePublished\":\"2020-01-10T09:47:15+00:00\",\"dateModified\":\"2020-04-08T11:00:29+00:00\",\"breadcrumb\":{\"@id\":\"https:\/\/lacerretaterme.it\/de\/essere-cerreta\/attivita\/oil-wine\/#breadcrumb\"},\"inLanguage\":\"de\",\"potentialAction\":[{\"@type\":\"ReadAction\",\"target\":[\"https:\/\/lacerretaterme.it\/de\/essere-cerreta\/attivita\/oil-wine\/\"]}]},{\"@type\":\"ImageObject\",\"inLanguage\":\"de\",\"@id\":\"https:\/\/lacerretaterme.it\/de\/essere-cerreta\/attivita\/oil-wine\/#primaryimage\",\"url\":\"https:\/\/lacerretaterme.it\/wp-content\/uploads\/2020\/01\/fooodwine-La-cerreta-scaled.jpg\",\"contentUrl\":\"https:\/\/lacerretaterme.it\/wp-content\/uploads\/2020\/01\/fooodwine-La-cerreta-scaled.jpg\"},{\"@type\":\"BreadcrumbList\",\"@id\":\"https:\/\/lacerretaterme.it\/de\/essere-cerreta\/attivita\/oil-wine\/#breadcrumb\",\"itemListElement\":[{\"@type\":\"ListItem\",\"position\":1,\"name\":\"Cerreta sein\",\"item\":\"https:\/\/lacerretaterme.it\/de\/essere-cerreta\/\"},{\"@type\":\"ListItem\",\"position\":2,\"name\":\"Aktivit\u00e4ten\",\"item\":\"https:\/\/lacerretaterme.it\/de\/essere-cerreta\/attivita\/\"},{\"@type\":\"ListItem\",\"position\":3,\"name\":\"\u00d6l und Wein\"}]},{\"@type\":\"WebSite\",\"@id\":\"https:\/\/lacerretaterme.it\/de\/#website\",\"url\":\"https:\/\/lacerretaterme.it\/de\/\",\"name\":\"La Cerreta\",\"description\":\"Biodynamical thermal farmhouse\",\"potentialAction\":[{\"@type\":\"SearchAction\",\"target\":{\"@type\":\"EntryPoint\",\"urlTemplate\":\"https:\/\/lacerretaterme.it\/de\/?s={search_term_string}\"},\"query-input\":\"required name=search_term_string\"}],\"inLanguage\":\"de\"}]}<\/script>\n<!-- \/ Yoast SEO plugin. -->","yoast_head_json":{"title":"\u00d6l und Wein - La Cerreta","robots":{"index":"index","follow":"follow","max-snippet":"max-snippet:-1","max-image-preview":"max-image-preview:large","max-video-preview":"max-video-preview:-1"},"canonical":"https:\/\/lacerretaterme.it\/de\/essere-cerreta\/attivita\/oil-wine\/","og_locale":"de_DE","og_type":"article","og_title":"\u00d6l und Wein - La Cerreta","og_description":"Nichts ist einfacher, als sich von den typischen Produkten und dem unverwechselbaren Geschmack der reichen toskanischen K\u00fcche verf\u00fchren und erobern zu lassen. Entlang der etruskischen K\u00fcste gibt es eine Route, die dem Wein und dem \u00d6l gewidmet ist, den wahren Exzellenzen unseres Territoriums. Die Strada del Vino e dell&#8217;Olio Costa degli Etruschi umfasst eine \u00fcber [&hellip;]","og_url":"https:\/\/lacerretaterme.it\/de\/essere-cerreta\/attivita\/oil-wine\/","og_site_name":"La Cerreta","article_modified_time":"2020-04-08T11:00:29+00:00","og_image":[{"url":"https:\/\/lacerretaterme.it\/wp-content\/uploads\/2020\/01\/fooodwine-La-cerreta-scaled.jpg"}],"twitter_card":"summary_large_image","twitter_misc":{"Gesch\u00e4tzte Lesezeit":"1\u00a0Minute"},"schema":{"@context":"https:\/\/schema.org","@graph":[{"@type":"WebPage","@id":"https:\/\/lacerretaterme.it\/de\/essere-cerreta\/attivita\/oil-wine\/","url":"https:\/\/lacerretaterme.it\/de\/essere-cerreta\/attivita\/oil-wine\/","name":"\u00d6l und Wein - La Cerreta","isPartOf":{"@id":"https:\/\/lacerretaterme.it\/de\/#website"},"primaryImageOfPage":{"@id":"https:\/\/lacerretaterme.it\/de\/essere-cerreta\/attivita\/oil-wine\/#primaryimage"},"image":{"@id":"https:\/\/lacerretaterme.it\/de\/essere-cerreta\/attivita\/oil-wine\/#primaryimage"},"thumbnailUrl":"https:\/\/lacerretaterme.it\/wp-content\/uploads\/2020\/01\/fooodwine-La-cerreta-scaled.jpg","datePublished":"2020-01-10T09:47:15+00:00","dateModified":"2020-04-08T11:00:29+00:00","breadcrumb":{"@id":"https:\/\/lacerretaterme.it\/de\/essere-cerreta\/attivita\/oil-wine\/#breadcrumb"},"inLanguage":"de","potentialAction":[{"@type":"ReadAction","target":["https:\/\/lacerretaterme.it\/de\/essere-cerreta\/attivita\/oil-wine\/"]}]},{"@type":"ImageObject","inLanguage":"de","@id":"https:\/\/lacerretaterme.it\/de\/essere-cerreta\/attivita\/oil-wine\/#primaryimage","url":"https:\/\/lacerretaterme.it\/wp-content\/uploads\/2020\/01\/fooodwine-La-cerreta-scaled.jpg","contentUrl":"https:\/\/lacerretaterme.it\/wp-content\/uploads\/2020\/01\/fooodwine-La-cerreta-scaled.jpg"},{"@type":"BreadcrumbList","@id":"https:\/\/lacerretaterme.it\/de\/essere-cerreta\/attivita\/oil-wine\/#breadcrumb","itemListElement":[{"@type":"ListItem","position":1,"name":"Cerreta sein","item":"https:\/\/lacerretaterme.it\/de\/essere-cerreta\/"},{"@type":"ListItem","position":2,"name":"Aktivit\u00e4ten","item":"https:\/\/lacerretaterme.it\/de\/essere-cerreta\/attivita\/"},{"@type":"ListItem","position":3,"name":"\u00d6l und Wein"}]},{"@type":"WebSite","@id":"https:\/\/lacerretaterme.it\/de\/#website","url":"https:\/\/lacerretaterme.it\/de\/","name":"La Cerreta","description":"Biodynamical thermal farmhouse","potentialAction":[{"@type":"SearchAction","target":{"@type":"EntryPoint","urlTemplate":"https:\/\/lacerretaterme.it\/de\/?s={search_term_string}"},"query-input":"required name=search_term_string"}],"inLanguage":"de"}]}},"_links":{"self":[{"href":"https:\/\/lacerretaterme.it\/de\/wp-json\/wp\/v2\/pages\/9405"}],"collection":[{"href":"https:\/\/lacerretaterme.it\/de\/wp-json\/wp\/v2\/pages"}],"about":[{"href":"https:\/\/lacerretaterme.it\/de\/wp-json\/wp\/v2\/types\/page"}],"author":[{"embeddable":true,"href":"https:\/\/lacerretaterme.it\/de\/wp-json\/wp\/v2\/users\/1"}],"replies":[{"embeddable":true,"href":"https:\/\/lacerretaterme.it\/de\/wp-json\/wp\/v2\/comments?post=9405"}],"version-history":[{"count":2,"href":"https:\/\/lacerretaterme.it\/de\/wp-json\/wp\/v2\/pages\/9405\/revisions"}],"predecessor-version":[{"id":9407,"href":"https:\/\/lacerretaterme.it\/de\/wp-json\/wp\/v2\/pages\/9405\/revisions\/9407"}],"up":[{"embeddable":true,"href":"https:\/\/lacerretaterme.it\/de\/wp-json\/wp\/v2\/pages\/9411"}],"wp:attachment":[{"href":"https:\/\/lacerretaterme.it\/de\/wp-json\/wp\/v2\/media?parent=9405"}],"curies":[{"name":"wp","href":"https:\/\/api.w.org\/{rel}","templated":true}]}}