{"id":9402,"date":"2020-01-10T10:37:08","date_gmt":"2020-01-10T09:37:08","guid":{"rendered":"https:\/\/lacerretaterme.it\/baratti\/"},"modified":"2020-04-08T12:57:08","modified_gmt":"2020-04-08T10:57:08","slug":"baratti","status":"publish","type":"page","link":"https:\/\/lacerretaterme.it\/de\/essere-cerreta\/attivita\/baratti\/","title":{"rendered":"Baratti"},"content":{"rendered":"<p>Ein Wal inmitten des Waldes? Mit der magischen Architektur von <strong>Vittorio Giorgini<\/strong> (1926-2010), einem vision\u00e4ren florentinischen Architekten, der von der Natur fasziniert ist, ist alles m\u00f6glich.<\/p> <p>Sie brauchen nur nach Baratti zu fahren, etwa vierzig Autominuten von unserem <a href=\"https:\/\/lacerretaterme.it\/de\/\"><strong>Agriturismo mit den Thermalb\u00e4dern &#8222;La Cerreta<\/strong><\/a>&#8220; entfernt. Wenn Sie hier im Wald spazieren gehen, werden Sie auf experimentelle Meisterwerke der <strong>zeitgen\u00f6ssischen Architektur<\/strong> sto\u00dfen, zwei gewagte und komplexe Konstruktionen aus der Zeit, in der sie gebaut wurden: <strong>Casa Esagono<\/strong> von 1957 und <strong>Casa Balena<\/strong> von 1962.<\/p> <p>Der erste ist bezaubernd und einnehmend, magisch in der Natur schwebend; der zweite \u00e4hnelt einem gro\u00dfen und gewundenen Wal aus Beton und geschwei\u00dftem Netz gebaut wurde und im Gr\u00fcn des mediterranen Gestr\u00fcpps gestrandet ist. <strong>Unumg\u00e4ngliche Ziele<\/strong> um im Namen eines bewussten<strong> Tourismus auf langsame<\/strong> und suggestive Weise die Geheimnisse unseres Territoriums zu entdecken.<\/p> <p>Link:<br \/> <a href=\"http:\/\/www.archiviovittoriogiorgini.it\/\">www.archiviovittoriogiorgini.it<\/a><\/p> ","protected":false},"excerpt":{"rendered":"<p>Ein Wal inmitten des Waldes? Mit der magischen Architektur von Vittorio Giorgini (1926-2010), einem vision\u00e4ren florentinischen Architekten, der von der Natur fasziniert ist, ist alles m\u00f6glich. Sie brauchen nur nach Baratti zu fahren, etwa vierzig Autominuten von unserem Agriturismo mit den Thermalb\u00e4dern &#8222;La Cerreta&#8220; entfernt. Wenn Sie hier im Wald spazieren gehen, werden Sie auf [&hellip;]<\/p>\n","protected":false},"author":1,"featured_media":0,"parent":9411,"menu_order":0,"comment_status":"closed","ping_status":"closed","template":"tpl-simplepage.php","meta":{"_acf_changed":false,"footnotes":""},"acf":[],"yoast_head":"<!-- This site is optimized with the Yoast SEO plugin v22.7 - https:\/\/yoast.com\/wordpress\/plugins\/seo\/ -->\n<title>Baratti - La Cerreta<\/title>\n<meta name=\"robots\" content=\"index, follow, max-snippet:-1, max-image-preview:large, max-video-preview:-1\" \/>\n<link rel=\"canonical\" href=\"https:\/\/lacerretaterme.it\/de\/essere-cerreta\/attivita\/baratti\/\" \/>\n<meta property=\"og:locale\" content=\"de_DE\" \/>\n<meta property=\"og:type\" content=\"article\" \/>\n<meta property=\"og:title\" content=\"Baratti - La Cerreta\" \/>\n<meta property=\"og:description\" content=\"Ein Wal inmitten des Waldes? Mit der magischen Architektur von Vittorio Giorgini (1926-2010), einem vision\u00e4ren florentinischen Architekten, der von der Natur fasziniert ist, ist alles m\u00f6glich. Sie brauchen nur nach Baratti zu fahren, etwa vierzig Autominuten von unserem Agriturismo mit den Thermalb\u00e4dern &#8222;La Cerreta&#8220; entfernt. Wenn Sie hier im Wald spazieren gehen, werden Sie auf [&hellip;]\" \/>\n<meta property=\"og:url\" content=\"https:\/\/lacerretaterme.it\/de\/essere-cerreta\/attivita\/baratti\/\" \/>\n<meta property=\"og:site_name\" content=\"La Cerreta\" \/>\n<meta property=\"article:modified_time\" content=\"2020-04-08T10:57:08+00:00\" \/>\n<meta name=\"twitter:card\" content=\"summary_large_image\" \/>\n<meta name=\"twitter:label1\" content=\"Gesch\u00e4tzte Lesezeit\" \/>\n\t<meta name=\"twitter:data1\" content=\"1\u00a0Minute\" \/>\n<script type=\"application\/ld+json\" class=\"yoast-schema-graph\">{\"@context\":\"https:\/\/schema.org\",\"@graph\":[{\"@type\":\"WebPage\",\"@id\":\"https:\/\/lacerretaterme.it\/de\/essere-cerreta\/attivita\/baratti\/\",\"url\":\"https:\/\/lacerretaterme.it\/de\/essere-cerreta\/attivita\/baratti\/\",\"name\":\"Baratti - La Cerreta\",\"isPartOf\":{\"@id\":\"https:\/\/lacerretaterme.it\/de\/#website\"},\"datePublished\":\"2020-01-10T09:37:08+00:00\",\"dateModified\":\"2020-04-08T10:57:08+00:00\",\"breadcrumb\":{\"@id\":\"https:\/\/lacerretaterme.it\/de\/essere-cerreta\/attivita\/baratti\/#breadcrumb\"},\"inLanguage\":\"de\",\"potentialAction\":[{\"@type\":\"ReadAction\",\"target\":[\"https:\/\/lacerretaterme.it\/de\/essere-cerreta\/attivita\/baratti\/\"]}]},{\"@type\":\"BreadcrumbList\",\"@id\":\"https:\/\/lacerretaterme.it\/de\/essere-cerreta\/attivita\/baratti\/#breadcrumb\",\"itemListElement\":[{\"@type\":\"ListItem\",\"position\":1,\"name\":\"Cerreta sein\",\"item\":\"https:\/\/lacerretaterme.it\/de\/essere-cerreta\/\"},{\"@type\":\"ListItem\",\"position\":2,\"name\":\"Aktivit\u00e4ten\",\"item\":\"https:\/\/lacerretaterme.it\/de\/essere-cerreta\/attivita\/\"},{\"@type\":\"ListItem\",\"position\":3,\"name\":\"Baratti\"}]},{\"@type\":\"WebSite\",\"@id\":\"https:\/\/lacerretaterme.it\/de\/#website\",\"url\":\"https:\/\/lacerretaterme.it\/de\/\",\"name\":\"La Cerreta\",\"description\":\"Biodynamical thermal farmhouse\",\"potentialAction\":[{\"@type\":\"SearchAction\",\"target\":{\"@type\":\"EntryPoint\",\"urlTemplate\":\"https:\/\/lacerretaterme.it\/de\/?s={search_term_string}\"},\"query-input\":\"required name=search_term_string\"}],\"inLanguage\":\"de\"}]}<\/script>\n<!-- \/ Yoast SEO plugin. -->","yoast_head_json":{"title":"Baratti - La Cerreta","robots":{"index":"index","follow":"follow","max-snippet":"max-snippet:-1","max-image-preview":"max-image-preview:large","max-video-preview":"max-video-preview:-1"},"canonical":"https:\/\/lacerretaterme.it\/de\/essere-cerreta\/attivita\/baratti\/","og_locale":"de_DE","og_type":"article","og_title":"Baratti - La Cerreta","og_description":"Ein Wal inmitten des Waldes? Mit der magischen Architektur von Vittorio Giorgini (1926-2010), einem vision\u00e4ren florentinischen Architekten, der von der Natur fasziniert ist, ist alles m\u00f6glich. Sie brauchen nur nach Baratti zu fahren, etwa vierzig Autominuten von unserem Agriturismo mit den Thermalb\u00e4dern &#8222;La Cerreta&#8220; entfernt. Wenn Sie hier im Wald spazieren gehen, werden Sie auf [&hellip;]","og_url":"https:\/\/lacerretaterme.it\/de\/essere-cerreta\/attivita\/baratti\/","og_site_name":"La Cerreta","article_modified_time":"2020-04-08T10:57:08+00:00","twitter_card":"summary_large_image","twitter_misc":{"Gesch\u00e4tzte Lesezeit":"1\u00a0Minute"},"schema":{"@context":"https:\/\/schema.org","@graph":[{"@type":"WebPage","@id":"https:\/\/lacerretaterme.it\/de\/essere-cerreta\/attivita\/baratti\/","url":"https:\/\/lacerretaterme.it\/de\/essere-cerreta\/attivita\/baratti\/","name":"Baratti - La Cerreta","isPartOf":{"@id":"https:\/\/lacerretaterme.it\/de\/#website"},"datePublished":"2020-01-10T09:37:08+00:00","dateModified":"2020-04-08T10:57:08+00:00","breadcrumb":{"@id":"https:\/\/lacerretaterme.it\/de\/essere-cerreta\/attivita\/baratti\/#breadcrumb"},"inLanguage":"de","potentialAction":[{"@type":"ReadAction","target":["https:\/\/lacerretaterme.it\/de\/essere-cerreta\/attivita\/baratti\/"]}]},{"@type":"BreadcrumbList","@id":"https:\/\/lacerretaterme.it\/de\/essere-cerreta\/attivita\/baratti\/#breadcrumb","itemListElement":[{"@type":"ListItem","position":1,"name":"Cerreta sein","item":"https:\/\/lacerretaterme.it\/de\/essere-cerreta\/"},{"@type":"ListItem","position":2,"name":"Aktivit\u00e4ten","item":"https:\/\/lacerretaterme.it\/de\/essere-cerreta\/attivita\/"},{"@type":"ListItem","position":3,"name":"Baratti"}]},{"@type":"WebSite","@id":"https:\/\/lacerretaterme.it\/de\/#website","url":"https:\/\/lacerretaterme.it\/de\/","name":"La Cerreta","description":"Biodynamical thermal farmhouse","potentialAction":[{"@type":"SearchAction","target":{"@type":"EntryPoint","urlTemplate":"https:\/\/lacerretaterme.it\/de\/?s={search_term_string}"},"query-input":"required name=search_term_string"}],"inLanguage":"de"}]}},"_links":{"self":[{"href":"https:\/\/lacerretaterme.it\/de\/wp-json\/wp\/v2\/pages\/9402"}],"collection":[{"href":"https:\/\/lacerretaterme.it\/de\/wp-json\/wp\/v2\/pages"}],"about":[{"href":"https:\/\/lacerretaterme.it\/de\/wp-json\/wp\/v2\/types\/page"}],"author":[{"embeddable":true,"href":"https:\/\/lacerretaterme.it\/de\/wp-json\/wp\/v2\/users\/1"}],"replies":[{"embeddable":true,"href":"https:\/\/lacerretaterme.it\/de\/wp-json\/wp\/v2\/comments?post=9402"}],"version-history":[{"count":2,"href":"https:\/\/lacerretaterme.it\/de\/wp-json\/wp\/v2\/pages\/9402\/revisions"}],"predecessor-version":[{"id":9404,"href":"https:\/\/lacerretaterme.it\/de\/wp-json\/wp\/v2\/pages\/9402\/revisions\/9404"}],"up":[{"embeddable":true,"href":"https:\/\/lacerretaterme.it\/de\/wp-json\/wp\/v2\/pages\/9411"}],"wp:attachment":[{"href":"https:\/\/lacerretaterme.it\/de\/wp-json\/wp\/v2\/media?parent=9402"}],"curies":[{"name":"wp","href":"https:\/\/api.w.org\/{rel}","templated":true}]}}