{"id":9399,"date":"2020-01-10T10:37:05","date_gmt":"2020-01-10T09:37:05","guid":{"rendered":"https:\/\/lacerretaterme.it\/trekking-e-mtb\/"},"modified":"2020-04-08T12:53:06","modified_gmt":"2020-04-08T10:53:06","slug":"trekking-e-mtb","status":"publish","type":"page","link":"https:\/\/lacerretaterme.it\/de\/essere-cerreta\/attivita\/trekking-e-mtb\/","title":{"rendered":"Trekking und MTB"},"content":{"rendered":"<h2><img loading=\"lazy\" decoding=\"async\" class=\"alignnone wp-image-6941\" src=\"https:\/\/lacerretaterme.it\/wp-content\/uploads\/2020\/01\/AdobeStock_74893095-scaled.jpeg\" alt=\"\" width=\"1080\" height=\"412\" srcset=\"https:\/\/lacerretaterme.it\/wp-content\/uploads\/2020\/01\/AdobeStock_74893095-scaled.jpeg 2560w, https:\/\/lacerretaterme.it\/wp-content\/uploads\/2020\/01\/AdobeStock_74893095-768x293.jpeg 768w, https:\/\/lacerretaterme.it\/wp-content\/uploads\/2020\/01\/AdobeStock_74893095-1536x586.jpeg 1536w, https:\/\/lacerretaterme.it\/wp-content\/uploads\/2020\/01\/AdobeStock_74893095-2048x782.jpeg 2048w, https:\/\/lacerretaterme.it\/wp-content\/uploads\/2020\/01\/AdobeStock_74893095-600x229.jpeg 600w, https:\/\/lacerretaterme.it\/wp-content\/uploads\/2020\/01\/AdobeStock_74893095-100x38.jpeg 100w\" sizes=\"(max-width: 1080px) 100vw, 1080px\" \/><\/h2> <p>Das Val di Cornia ist ideal f\u00fcr Trekking-, <strong>Mountainbike<\/strong>&#8211; und <strong>Reitbegeisterte<\/strong>. Auf dem Vorgebirge zwischen Piombino und Populonia gibt es in der Tat <strong>eindrucksvolle Reiserouten<\/strong>, wo der H\u00fcgel auf das Meer trifft. Die Routen, die die Landschaft <strong>von Campiglia Marittina mit dem Meer von San Vincenzo verbinden<\/strong>, haben den gleichen Charme auf einer Reise zwischen Natur, Arch\u00e4ologie und mediterranem Gestr\u00fcpp.<\/p> <p>Und ohne sich allzu weit von unserem <a href=\"https:\/\/lacerretaterme.it\/de\/\"><strong>Agriturismo mit den Thermalb\u00e4dern &#8222;La Cerreta&#8220;<\/strong><\/a> zu entfernen, ist der nahe gelegene <a href=\"https:\/\/lacerretaterme.it\/de\/luoghi\/sassetta\/\">Waldpark Poggio Neri<\/a> das ideale Ziel f\u00fcr diejenigen, die Trekking, Reiten oder abenteuerliche Mountainbike-Ausfl\u00fcge unternehmen m\u00f6chten.<br \/> Der Park umfasst 37 km ausgestattete Wege im Schatten von Eichen, Steineichen und Kastanienb\u00e4umen.<\/p> ","protected":false},"excerpt":{"rendered":"<p>Das Val di Cornia ist ideal f\u00fcr Trekking-, Mountainbike&#8211; und Reitbegeisterte. Auf dem Vorgebirge zwischen Piombino und Populonia gibt es in der Tat eindrucksvolle Reiserouten, wo der H\u00fcgel auf das Meer trifft. Die Routen, die die Landschaft von Campiglia Marittina mit dem Meer von San Vincenzo verbinden, haben den gleichen Charme auf einer Reise zwischen [&hellip;]<\/p>\n","protected":false},"author":1,"featured_media":0,"parent":9411,"menu_order":0,"comment_status":"closed","ping_status":"closed","template":"tpl-simplepage.php","meta":{"_acf_changed":false,"footnotes":""},"acf":[],"yoast_head":"<!-- This site is optimized with the Yoast SEO plugin v22.7 - https:\/\/yoast.com\/wordpress\/plugins\/seo\/ -->\n<title>Trekking und MTB - La Cerreta<\/title>\n<meta name=\"robots\" content=\"index, follow, max-snippet:-1, max-image-preview:large, max-video-preview:-1\" \/>\n<link rel=\"canonical\" href=\"https:\/\/lacerretaterme.it\/de\/essere-cerreta\/attivita\/trekking-e-mtb\/\" \/>\n<meta property=\"og:locale\" content=\"de_DE\" \/>\n<meta property=\"og:type\" content=\"article\" \/>\n<meta property=\"og:title\" content=\"Trekking und MTB - La Cerreta\" \/>\n<meta property=\"og:description\" content=\"Das Val di Cornia ist ideal f\u00fcr Trekking-, Mountainbike&#8211; und Reitbegeisterte. Auf dem Vorgebirge zwischen Piombino und Populonia gibt es in der Tat eindrucksvolle Reiserouten, wo der H\u00fcgel auf das Meer trifft. Die Routen, die die Landschaft von Campiglia Marittina mit dem Meer von San Vincenzo verbinden, haben den gleichen Charme auf einer Reise zwischen [&hellip;]\" \/>\n<meta property=\"og:url\" content=\"https:\/\/lacerretaterme.it\/de\/essere-cerreta\/attivita\/trekking-e-mtb\/\" \/>\n<meta property=\"og:site_name\" content=\"La Cerreta\" \/>\n<meta property=\"article:modified_time\" content=\"2020-04-08T10:53:06+00:00\" \/>\n<meta property=\"og:image\" content=\"https:\/\/lacerretaterme.it\/wp-content\/uploads\/2020\/01\/AdobeStock_74893095-scaled.jpeg\" \/>\n<meta name=\"twitter:card\" content=\"summary_large_image\" \/>\n<meta name=\"twitter:label1\" content=\"Gesch\u00e4tzte Lesezeit\" \/>\n\t<meta name=\"twitter:data1\" content=\"1\u00a0Minute\" \/>\n<script type=\"application\/ld+json\" class=\"yoast-schema-graph\">{\"@context\":\"https:\/\/schema.org\",\"@graph\":[{\"@type\":\"WebPage\",\"@id\":\"https:\/\/lacerretaterme.it\/de\/essere-cerreta\/attivita\/trekking-e-mtb\/\",\"url\":\"https:\/\/lacerretaterme.it\/de\/essere-cerreta\/attivita\/trekking-e-mtb\/\",\"name\":\"Trekking und MTB - La Cerreta\",\"isPartOf\":{\"@id\":\"https:\/\/lacerretaterme.it\/de\/#website\"},\"primaryImageOfPage\":{\"@id\":\"https:\/\/lacerretaterme.it\/de\/essere-cerreta\/attivita\/trekking-e-mtb\/#primaryimage\"},\"image\":{\"@id\":\"https:\/\/lacerretaterme.it\/de\/essere-cerreta\/attivita\/trekking-e-mtb\/#primaryimage\"},\"thumbnailUrl\":\"https:\/\/lacerretaterme.it\/wp-content\/uploads\/2020\/01\/AdobeStock_74893095-scaled.jpeg\",\"datePublished\":\"2020-01-10T09:37:05+00:00\",\"dateModified\":\"2020-04-08T10:53:06+00:00\",\"breadcrumb\":{\"@id\":\"https:\/\/lacerretaterme.it\/de\/essere-cerreta\/attivita\/trekking-e-mtb\/#breadcrumb\"},\"inLanguage\":\"de\",\"potentialAction\":[{\"@type\":\"ReadAction\",\"target\":[\"https:\/\/lacerretaterme.it\/de\/essere-cerreta\/attivita\/trekking-e-mtb\/\"]}]},{\"@type\":\"ImageObject\",\"inLanguage\":\"de\",\"@id\":\"https:\/\/lacerretaterme.it\/de\/essere-cerreta\/attivita\/trekking-e-mtb\/#primaryimage\",\"url\":\"https:\/\/lacerretaterme.it\/wp-content\/uploads\/2020\/01\/AdobeStock_74893095-scaled.jpeg\",\"contentUrl\":\"https:\/\/lacerretaterme.it\/wp-content\/uploads\/2020\/01\/AdobeStock_74893095-scaled.jpeg\"},{\"@type\":\"BreadcrumbList\",\"@id\":\"https:\/\/lacerretaterme.it\/de\/essere-cerreta\/attivita\/trekking-e-mtb\/#breadcrumb\",\"itemListElement\":[{\"@type\":\"ListItem\",\"position\":1,\"name\":\"Cerreta sein\",\"item\":\"https:\/\/lacerretaterme.it\/de\/essere-cerreta\/\"},{\"@type\":\"ListItem\",\"position\":2,\"name\":\"Aktivit\u00e4ten\",\"item\":\"https:\/\/lacerretaterme.it\/de\/essere-cerreta\/attivita\/\"},{\"@type\":\"ListItem\",\"position\":3,\"name\":\"Trekking und MTB\"}]},{\"@type\":\"WebSite\",\"@id\":\"https:\/\/lacerretaterme.it\/de\/#website\",\"url\":\"https:\/\/lacerretaterme.it\/de\/\",\"name\":\"La Cerreta\",\"description\":\"Biodynamical thermal farmhouse\",\"potentialAction\":[{\"@type\":\"SearchAction\",\"target\":{\"@type\":\"EntryPoint\",\"urlTemplate\":\"https:\/\/lacerretaterme.it\/de\/?s={search_term_string}\"},\"query-input\":\"required name=search_term_string\"}],\"inLanguage\":\"de\"}]}<\/script>\n<!-- \/ Yoast SEO plugin. -->","yoast_head_json":{"title":"Trekking und MTB - La Cerreta","robots":{"index":"index","follow":"follow","max-snippet":"max-snippet:-1","max-image-preview":"max-image-preview:large","max-video-preview":"max-video-preview:-1"},"canonical":"https:\/\/lacerretaterme.it\/de\/essere-cerreta\/attivita\/trekking-e-mtb\/","og_locale":"de_DE","og_type":"article","og_title":"Trekking und MTB - La Cerreta","og_description":"Das Val di Cornia ist ideal f\u00fcr Trekking-, Mountainbike&#8211; und Reitbegeisterte. Auf dem Vorgebirge zwischen Piombino und Populonia gibt es in der Tat eindrucksvolle Reiserouten, wo der H\u00fcgel auf das Meer trifft. Die Routen, die die Landschaft von Campiglia Marittina mit dem Meer von San Vincenzo verbinden, haben den gleichen Charme auf einer Reise zwischen [&hellip;]","og_url":"https:\/\/lacerretaterme.it\/de\/essere-cerreta\/attivita\/trekking-e-mtb\/","og_site_name":"La Cerreta","article_modified_time":"2020-04-08T10:53:06+00:00","og_image":[{"url":"https:\/\/lacerretaterme.it\/wp-content\/uploads\/2020\/01\/AdobeStock_74893095-scaled.jpeg"}],"twitter_card":"summary_large_image","twitter_misc":{"Gesch\u00e4tzte Lesezeit":"1\u00a0Minute"},"schema":{"@context":"https:\/\/schema.org","@graph":[{"@type":"WebPage","@id":"https:\/\/lacerretaterme.it\/de\/essere-cerreta\/attivita\/trekking-e-mtb\/","url":"https:\/\/lacerretaterme.it\/de\/essere-cerreta\/attivita\/trekking-e-mtb\/","name":"Trekking und MTB - La Cerreta","isPartOf":{"@id":"https:\/\/lacerretaterme.it\/de\/#website"},"primaryImageOfPage":{"@id":"https:\/\/lacerretaterme.it\/de\/essere-cerreta\/attivita\/trekking-e-mtb\/#primaryimage"},"image":{"@id":"https:\/\/lacerretaterme.it\/de\/essere-cerreta\/attivita\/trekking-e-mtb\/#primaryimage"},"thumbnailUrl":"https:\/\/lacerretaterme.it\/wp-content\/uploads\/2020\/01\/AdobeStock_74893095-scaled.jpeg","datePublished":"2020-01-10T09:37:05+00:00","dateModified":"2020-04-08T10:53:06+00:00","breadcrumb":{"@id":"https:\/\/lacerretaterme.it\/de\/essere-cerreta\/attivita\/trekking-e-mtb\/#breadcrumb"},"inLanguage":"de","potentialAction":[{"@type":"ReadAction","target":["https:\/\/lacerretaterme.it\/de\/essere-cerreta\/attivita\/trekking-e-mtb\/"]}]},{"@type":"ImageObject","inLanguage":"de","@id":"https:\/\/lacerretaterme.it\/de\/essere-cerreta\/attivita\/trekking-e-mtb\/#primaryimage","url":"https:\/\/lacerretaterme.it\/wp-content\/uploads\/2020\/01\/AdobeStock_74893095-scaled.jpeg","contentUrl":"https:\/\/lacerretaterme.it\/wp-content\/uploads\/2020\/01\/AdobeStock_74893095-scaled.jpeg"},{"@type":"BreadcrumbList","@id":"https:\/\/lacerretaterme.it\/de\/essere-cerreta\/attivita\/trekking-e-mtb\/#breadcrumb","itemListElement":[{"@type":"ListItem","position":1,"name":"Cerreta sein","item":"https:\/\/lacerretaterme.it\/de\/essere-cerreta\/"},{"@type":"ListItem","position":2,"name":"Aktivit\u00e4ten","item":"https:\/\/lacerretaterme.it\/de\/essere-cerreta\/attivita\/"},{"@type":"ListItem","position":3,"name":"Trekking und MTB"}]},{"@type":"WebSite","@id":"https:\/\/lacerretaterme.it\/de\/#website","url":"https:\/\/lacerretaterme.it\/de\/","name":"La Cerreta","description":"Biodynamical thermal farmhouse","potentialAction":[{"@type":"SearchAction","target":{"@type":"EntryPoint","urlTemplate":"https:\/\/lacerretaterme.it\/de\/?s={search_term_string}"},"query-input":"required name=search_term_string"}],"inLanguage":"de"}]}},"_links":{"self":[{"href":"https:\/\/lacerretaterme.it\/de\/wp-json\/wp\/v2\/pages\/9399"}],"collection":[{"href":"https:\/\/lacerretaterme.it\/de\/wp-json\/wp\/v2\/pages"}],"about":[{"href":"https:\/\/lacerretaterme.it\/de\/wp-json\/wp\/v2\/types\/page"}],"author":[{"embeddable":true,"href":"https:\/\/lacerretaterme.it\/de\/wp-json\/wp\/v2\/users\/1"}],"replies":[{"embeddable":true,"href":"https:\/\/lacerretaterme.it\/de\/wp-json\/wp\/v2\/comments?post=9399"}],"version-history":[{"count":2,"href":"https:\/\/lacerretaterme.it\/de\/wp-json\/wp\/v2\/pages\/9399\/revisions"}],"predecessor-version":[{"id":9401,"href":"https:\/\/lacerretaterme.it\/de\/wp-json\/wp\/v2\/pages\/9399\/revisions\/9401"}],"up":[{"embeddable":true,"href":"https:\/\/lacerretaterme.it\/de\/wp-json\/wp\/v2\/pages\/9411"}],"wp:attachment":[{"href":"https:\/\/lacerretaterme.it\/de\/wp-json\/wp\/v2\/media?parent=9399"}],"curies":[{"name":"wp","href":"https:\/\/api.w.org\/{rel}","templated":true}]}}