{"id":9396,"date":"2020-01-10T10:36:29","date_gmt":"2020-01-10T09:36:29","guid":{"rendered":"https:\/\/lacerretaterme.it\/mare-relax-e-sport-acquatici\/"},"modified":"2020-04-08T12:49:26","modified_gmt":"2020-04-08T10:49:26","slug":"mare-relax-e-sport-acquatici","status":"publish","type":"page","link":"https:\/\/lacerretaterme.it\/de\/essere-cerreta\/attivita\/mare-relax-e-sport-acquatici\/","title":{"rendered":"See- und Wassersport"},"content":{"rendered":"<p>Sie lieben das Gr\u00fcn der Landschaft, k\u00f6nnen aber das Blau des Meeres nicht aufgeben?<\/p> <p>Unser <a href=\"https:\/\/lacerretaterme.it\/de\/\"><strong>Agriturismo mit den Thermalb\u00e4dern &#8222;La Cerreta&#8220;<\/strong><\/a> bietet Ihnen alles, was Sie f\u00fcr einen Wellnessurlaub brauchen, ohne auf den Spa\u00df eines aktiven Tages am Meer zu verzichten. Etwa 40 Autominuten entfernt befindet sich beispielsweise der wundersch\u00f6ne <strong>Golf von Baratti<\/strong> mit seinen feinen Sandstr\u00e4nden. Hier k\u00f6nnen Sie neben entspannenden B\u00e4dern auch Boote und Kanus mieten. Im Inneren des Kiefernwaldes befindet sich auch eine Struktur, in der Sie w\u00e4hrend der Sommerzeit das Segeln lernen oder verbessern k\u00f6nnen.<\/p> <p>F\u00fcr diejenigen, die gerne tauchen und Schiffswracks besuchen, gibt es auch das &#8222;<strong>Baratti Diving<\/strong>&#8222;, nur wenige Meter von der Einschiffungsstelle entfernt. Von Piombino aus gibt es viele Vorschl\u00e4ge f\u00fcr kleine Kreuzfahrten, um die Inseln des toskanischen Archipels wie <strong>Pianosa<\/strong>, die <strong>Insel Elba<\/strong>,<strong> Capraia<\/strong> und <strong>Giglio<\/strong> zu entdecken.<\/p> <p>N\u00fctzliche Links<br \/> <a href=\"https:\/\/www.golfobaratti.com\/nautica\/\">www.golfobaratti.com<\/a><br \/> <a href=\"http:\/\/www.aquavision.it\/pianosa.html\">www.acquavision.it<\/a><\/p> ","protected":false},"excerpt":{"rendered":"<p>Sie lieben das Gr\u00fcn der Landschaft, k\u00f6nnen aber das Blau des Meeres nicht aufgeben? Unser Agriturismo mit den Thermalb\u00e4dern &#8222;La Cerreta&#8220; bietet Ihnen alles, was Sie f\u00fcr einen Wellnessurlaub brauchen, ohne auf den Spa\u00df eines aktiven Tages am Meer zu verzichten. Etwa 40 Autominuten entfernt befindet sich beispielsweise der wundersch\u00f6ne Golf von Baratti mit seinen [&hellip;]<\/p>\n","protected":false},"author":1,"featured_media":0,"parent":9411,"menu_order":0,"comment_status":"closed","ping_status":"closed","template":"tpl-simplepage.php","meta":{"_acf_changed":false,"footnotes":""},"acf":[],"yoast_head":"<!-- This site is optimized with the Yoast SEO plugin v22.7 - https:\/\/yoast.com\/wordpress\/plugins\/seo\/ -->\n<title>See- und Wassersport - La Cerreta<\/title>\n<meta name=\"robots\" content=\"index, follow, max-snippet:-1, max-image-preview:large, max-video-preview:-1\" \/>\n<link rel=\"canonical\" href=\"https:\/\/lacerretaterme.it\/de\/essere-cerreta\/attivita\/mare-relax-e-sport-acquatici\/\" \/>\n<meta property=\"og:locale\" content=\"de_DE\" \/>\n<meta property=\"og:type\" content=\"article\" \/>\n<meta property=\"og:title\" content=\"See- und Wassersport - La Cerreta\" \/>\n<meta property=\"og:description\" content=\"Sie lieben das Gr\u00fcn der Landschaft, k\u00f6nnen aber das Blau des Meeres nicht aufgeben? Unser Agriturismo mit den Thermalb\u00e4dern &#8222;La Cerreta&#8220; bietet Ihnen alles, was Sie f\u00fcr einen Wellnessurlaub brauchen, ohne auf den Spa\u00df eines aktiven Tages am Meer zu verzichten. Etwa 40 Autominuten entfernt befindet sich beispielsweise der wundersch\u00f6ne Golf von Baratti mit seinen [&hellip;]\" \/>\n<meta property=\"og:url\" content=\"https:\/\/lacerretaterme.it\/de\/essere-cerreta\/attivita\/mare-relax-e-sport-acquatici\/\" \/>\n<meta property=\"og:site_name\" content=\"La Cerreta\" \/>\n<meta property=\"article:modified_time\" content=\"2020-04-08T10:49:26+00:00\" \/>\n<meta name=\"twitter:card\" content=\"summary_large_image\" \/>\n<meta name=\"twitter:label1\" content=\"Gesch\u00e4tzte Lesezeit\" \/>\n\t<meta name=\"twitter:data1\" content=\"1\u00a0Minute\" \/>\n<script type=\"application\/ld+json\" class=\"yoast-schema-graph\">{\"@context\":\"https:\/\/schema.org\",\"@graph\":[{\"@type\":\"WebPage\",\"@id\":\"https:\/\/lacerretaterme.it\/de\/essere-cerreta\/attivita\/mare-relax-e-sport-acquatici\/\",\"url\":\"https:\/\/lacerretaterme.it\/de\/essere-cerreta\/attivita\/mare-relax-e-sport-acquatici\/\",\"name\":\"See- und Wassersport - La Cerreta\",\"isPartOf\":{\"@id\":\"https:\/\/lacerretaterme.it\/de\/#website\"},\"datePublished\":\"2020-01-10T09:36:29+00:00\",\"dateModified\":\"2020-04-08T10:49:26+00:00\",\"breadcrumb\":{\"@id\":\"https:\/\/lacerretaterme.it\/de\/essere-cerreta\/attivita\/mare-relax-e-sport-acquatici\/#breadcrumb\"},\"inLanguage\":\"de\",\"potentialAction\":[{\"@type\":\"ReadAction\",\"target\":[\"https:\/\/lacerretaterme.it\/de\/essere-cerreta\/attivita\/mare-relax-e-sport-acquatici\/\"]}]},{\"@type\":\"BreadcrumbList\",\"@id\":\"https:\/\/lacerretaterme.it\/de\/essere-cerreta\/attivita\/mare-relax-e-sport-acquatici\/#breadcrumb\",\"itemListElement\":[{\"@type\":\"ListItem\",\"position\":1,\"name\":\"Cerreta sein\",\"item\":\"https:\/\/lacerretaterme.it\/de\/essere-cerreta\/\"},{\"@type\":\"ListItem\",\"position\":2,\"name\":\"Aktivit\u00e4ten\",\"item\":\"https:\/\/lacerretaterme.it\/de\/essere-cerreta\/attivita\/\"},{\"@type\":\"ListItem\",\"position\":3,\"name\":\"See- und Wassersport\"}]},{\"@type\":\"WebSite\",\"@id\":\"https:\/\/lacerretaterme.it\/de\/#website\",\"url\":\"https:\/\/lacerretaterme.it\/de\/\",\"name\":\"La Cerreta\",\"description\":\"Biodynamical thermal farmhouse\",\"potentialAction\":[{\"@type\":\"SearchAction\",\"target\":{\"@type\":\"EntryPoint\",\"urlTemplate\":\"https:\/\/lacerretaterme.it\/de\/?s={search_term_string}\"},\"query-input\":\"required name=search_term_string\"}],\"inLanguage\":\"de\"}]}<\/script>\n<!-- \/ Yoast SEO plugin. -->","yoast_head_json":{"title":"See- und Wassersport - La Cerreta","robots":{"index":"index","follow":"follow","max-snippet":"max-snippet:-1","max-image-preview":"max-image-preview:large","max-video-preview":"max-video-preview:-1"},"canonical":"https:\/\/lacerretaterme.it\/de\/essere-cerreta\/attivita\/mare-relax-e-sport-acquatici\/","og_locale":"de_DE","og_type":"article","og_title":"See- und Wassersport - La Cerreta","og_description":"Sie lieben das Gr\u00fcn der Landschaft, k\u00f6nnen aber das Blau des Meeres nicht aufgeben? Unser Agriturismo mit den Thermalb\u00e4dern &#8222;La Cerreta&#8220; bietet Ihnen alles, was Sie f\u00fcr einen Wellnessurlaub brauchen, ohne auf den Spa\u00df eines aktiven Tages am Meer zu verzichten. Etwa 40 Autominuten entfernt befindet sich beispielsweise der wundersch\u00f6ne Golf von Baratti mit seinen [&hellip;]","og_url":"https:\/\/lacerretaterme.it\/de\/essere-cerreta\/attivita\/mare-relax-e-sport-acquatici\/","og_site_name":"La Cerreta","article_modified_time":"2020-04-08T10:49:26+00:00","twitter_card":"summary_large_image","twitter_misc":{"Gesch\u00e4tzte Lesezeit":"1\u00a0Minute"},"schema":{"@context":"https:\/\/schema.org","@graph":[{"@type":"WebPage","@id":"https:\/\/lacerretaterme.it\/de\/essere-cerreta\/attivita\/mare-relax-e-sport-acquatici\/","url":"https:\/\/lacerretaterme.it\/de\/essere-cerreta\/attivita\/mare-relax-e-sport-acquatici\/","name":"See- und Wassersport - La Cerreta","isPartOf":{"@id":"https:\/\/lacerretaterme.it\/de\/#website"},"datePublished":"2020-01-10T09:36:29+00:00","dateModified":"2020-04-08T10:49:26+00:00","breadcrumb":{"@id":"https:\/\/lacerretaterme.it\/de\/essere-cerreta\/attivita\/mare-relax-e-sport-acquatici\/#breadcrumb"},"inLanguage":"de","potentialAction":[{"@type":"ReadAction","target":["https:\/\/lacerretaterme.it\/de\/essere-cerreta\/attivita\/mare-relax-e-sport-acquatici\/"]}]},{"@type":"BreadcrumbList","@id":"https:\/\/lacerretaterme.it\/de\/essere-cerreta\/attivita\/mare-relax-e-sport-acquatici\/#breadcrumb","itemListElement":[{"@type":"ListItem","position":1,"name":"Cerreta sein","item":"https:\/\/lacerretaterme.it\/de\/essere-cerreta\/"},{"@type":"ListItem","position":2,"name":"Aktivit\u00e4ten","item":"https:\/\/lacerretaterme.it\/de\/essere-cerreta\/attivita\/"},{"@type":"ListItem","position":3,"name":"See- und Wassersport"}]},{"@type":"WebSite","@id":"https:\/\/lacerretaterme.it\/de\/#website","url":"https:\/\/lacerretaterme.it\/de\/","name":"La Cerreta","description":"Biodynamical thermal farmhouse","potentialAction":[{"@type":"SearchAction","target":{"@type":"EntryPoint","urlTemplate":"https:\/\/lacerretaterme.it\/de\/?s={search_term_string}"},"query-input":"required name=search_term_string"}],"inLanguage":"de"}]}},"_links":{"self":[{"href":"https:\/\/lacerretaterme.it\/de\/wp-json\/wp\/v2\/pages\/9396"}],"collection":[{"href":"https:\/\/lacerretaterme.it\/de\/wp-json\/wp\/v2\/pages"}],"about":[{"href":"https:\/\/lacerretaterme.it\/de\/wp-json\/wp\/v2\/types\/page"}],"author":[{"embeddable":true,"href":"https:\/\/lacerretaterme.it\/de\/wp-json\/wp\/v2\/users\/1"}],"replies":[{"embeddable":true,"href":"https:\/\/lacerretaterme.it\/de\/wp-json\/wp\/v2\/comments?post=9396"}],"version-history":[{"count":2,"href":"https:\/\/lacerretaterme.it\/de\/wp-json\/wp\/v2\/pages\/9396\/revisions"}],"predecessor-version":[{"id":9398,"href":"https:\/\/lacerretaterme.it\/de\/wp-json\/wp\/v2\/pages\/9396\/revisions\/9398"}],"up":[{"embeddable":true,"href":"https:\/\/lacerretaterme.it\/de\/wp-json\/wp\/v2\/pages\/9411"}],"wp:attachment":[{"href":"https:\/\/lacerretaterme.it\/de\/wp-json\/wp\/v2\/media?parent=9396"}],"curies":[{"name":"wp","href":"https:\/\/api.w.org\/{rel}","templated":true}]}}