{"id":9392,"date":"2020-01-10T10:35:36","date_gmt":"2020-01-10T09:35:36","guid":{"rendered":"https:\/\/lacerretaterme.it\/divertimento-e-svago\/"},"modified":"2020-04-08T12:46:08","modified_gmt":"2020-04-08T10:46:08","slug":"divertimento-e-svago","status":"publish","type":"page","link":"https:\/\/lacerretaterme.it\/de\/essere-cerreta\/attivita\/divertimento-e-svago\/","title":{"rendered":"Spa\u00df und Unterhaltung"},"content":{"rendered":"<h3>Der Cavallino Matto und Naturpark Poggio Neri<\/h3> <p>F\u00fcr Familien mit Kindern ist unser Bauernhaus mit Thermalbad &#8222;<a href=\"https:\/\/lacerretaterme.it\/de\/\">La Cerreta<\/a>&#8220; der ideale Ausgangspunkt f\u00fcr einen Urlaub zwischen <strong>Entspannung und Spa\u00df.<\/strong> Etwa 20 km von den <strong>Terme di Sassetta<\/strong> entfernt befindet sich der ber\u00fchmte &#8222;<strong>Cavallino Matto<\/strong>&#8222;, der &#8222;gr\u00fcnste Vergn\u00fcgungspark, den es gibt&#8220;. Genau der Vergn\u00fcgungspark, der f\u00fcr Naturliebhaber geeignet ist!<\/p> <p>Vollst\u00e4ndig von viel Gr\u00fcn umgeben, schl\u00e4ngeln sich seine Wege durch zehn Hektar \u00fcppigen <strong>Kiefernwald<\/strong>, wo es \u00fcber 30 Attraktionen f\u00fcr alle Altersgruppen gibt. Spiele und Fahrgesch\u00e4fte, aber auch Western-, M\u00e4rchen-, 50er Jahre- und pr\u00e4historische Shows warten auf Sie f\u00fcr einen Tag voller Spa\u00df.<\/p> <p>Und wenn Sie wieder in Sassetta sind, ist es an der Zeit, sich zwischen dem Gr\u00fcn und der Stille unserer H\u00fcgel zu regenerieren. Machen Sie einen sch\u00f6nen Spaziergang im <strong><a href=\"https:\/\/lacerretaterme.it\/de\/luoghi\/sassetta\/\">Waldpark Poggio Neri<\/a> <\/strong>und entdecken Sie die Traditionen unseres Gebietes durch einen Besuch des &#8222;<strong>Waldmuseums<\/strong>&#8222;. Hier finden Sie die H\u00fctte des K\u00f6hlers und seiner Familie, den Platz f\u00fcr das Mittagessen mit Steinofen, den H\u00fchnerstall, das Trockenhaus und alle Werkzeuge f\u00fcr die Kohleherstellung.<\/p> ","protected":false},"excerpt":{"rendered":"<p>Der Cavallino Matto und Naturpark Poggio Neri F\u00fcr Familien mit Kindern ist unser Bauernhaus mit Thermalbad &#8222;La Cerreta&#8220; der ideale Ausgangspunkt f\u00fcr einen Urlaub zwischen Entspannung und Spa\u00df. Etwa 20 km von den Terme di Sassetta entfernt befindet sich der ber\u00fchmte &#8222;Cavallino Matto&#8222;, der &#8222;gr\u00fcnste Vergn\u00fcgungspark, den es gibt&#8220;. Genau der Vergn\u00fcgungspark, der f\u00fcr Naturliebhaber [&hellip;]<\/p>\n","protected":false},"author":1,"featured_media":0,"parent":9411,"menu_order":0,"comment_status":"closed","ping_status":"closed","template":"tpl-simplepage.php","meta":{"_acf_changed":false,"footnotes":""},"acf":[],"yoast_head":"<!-- This site is optimized with the Yoast SEO plugin v22.7 - https:\/\/yoast.com\/wordpress\/plugins\/seo\/ -->\n<title>Spa\u00df und Unterhaltung - La Cerreta<\/title>\n<meta name=\"robots\" content=\"index, follow, max-snippet:-1, max-image-preview:large, max-video-preview:-1\" \/>\n<link rel=\"canonical\" href=\"https:\/\/lacerretaterme.it\/de\/essere-cerreta\/attivita\/divertimento-e-svago\/\" \/>\n<meta property=\"og:locale\" content=\"de_DE\" \/>\n<meta property=\"og:type\" content=\"article\" \/>\n<meta property=\"og:title\" content=\"Spa\u00df und Unterhaltung - La Cerreta\" \/>\n<meta property=\"og:description\" content=\"Der Cavallino Matto und Naturpark Poggio Neri F\u00fcr Familien mit Kindern ist unser Bauernhaus mit Thermalbad &#8222;La Cerreta&#8220; der ideale Ausgangspunkt f\u00fcr einen Urlaub zwischen Entspannung und Spa\u00df. Etwa 20 km von den Terme di Sassetta entfernt befindet sich der ber\u00fchmte &#8222;Cavallino Matto&#8222;, der &#8222;gr\u00fcnste Vergn\u00fcgungspark, den es gibt&#8220;. Genau der Vergn\u00fcgungspark, der f\u00fcr Naturliebhaber [&hellip;]\" \/>\n<meta property=\"og:url\" content=\"https:\/\/lacerretaterme.it\/de\/essere-cerreta\/attivita\/divertimento-e-svago\/\" \/>\n<meta property=\"og:site_name\" content=\"La Cerreta\" \/>\n<meta property=\"article:modified_time\" content=\"2020-04-08T10:46:08+00:00\" \/>\n<meta name=\"twitter:card\" content=\"summary_large_image\" \/>\n<meta name=\"twitter:label1\" content=\"Gesch\u00e4tzte Lesezeit\" \/>\n\t<meta name=\"twitter:data1\" content=\"1\u00a0Minute\" \/>\n<script type=\"application\/ld+json\" class=\"yoast-schema-graph\">{\"@context\":\"https:\/\/schema.org\",\"@graph\":[{\"@type\":\"WebPage\",\"@id\":\"https:\/\/lacerretaterme.it\/de\/essere-cerreta\/attivita\/divertimento-e-svago\/\",\"url\":\"https:\/\/lacerretaterme.it\/de\/essere-cerreta\/attivita\/divertimento-e-svago\/\",\"name\":\"Spa\u00df und Unterhaltung - La Cerreta\",\"isPartOf\":{\"@id\":\"https:\/\/lacerretaterme.it\/de\/#website\"},\"datePublished\":\"2020-01-10T09:35:36+00:00\",\"dateModified\":\"2020-04-08T10:46:08+00:00\",\"breadcrumb\":{\"@id\":\"https:\/\/lacerretaterme.it\/de\/essere-cerreta\/attivita\/divertimento-e-svago\/#breadcrumb\"},\"inLanguage\":\"de\",\"potentialAction\":[{\"@type\":\"ReadAction\",\"target\":[\"https:\/\/lacerretaterme.it\/de\/essere-cerreta\/attivita\/divertimento-e-svago\/\"]}]},{\"@type\":\"BreadcrumbList\",\"@id\":\"https:\/\/lacerretaterme.it\/de\/essere-cerreta\/attivita\/divertimento-e-svago\/#breadcrumb\",\"itemListElement\":[{\"@type\":\"ListItem\",\"position\":1,\"name\":\"Cerreta sein\",\"item\":\"https:\/\/lacerretaterme.it\/de\/essere-cerreta\/\"},{\"@type\":\"ListItem\",\"position\":2,\"name\":\"Aktivit\u00e4ten\",\"item\":\"https:\/\/lacerretaterme.it\/de\/essere-cerreta\/attivita\/\"},{\"@type\":\"ListItem\",\"position\":3,\"name\":\"Spa\u00df und Unterhaltung\"}]},{\"@type\":\"WebSite\",\"@id\":\"https:\/\/lacerretaterme.it\/de\/#website\",\"url\":\"https:\/\/lacerretaterme.it\/de\/\",\"name\":\"La Cerreta\",\"description\":\"Biodynamical thermal farmhouse\",\"potentialAction\":[{\"@type\":\"SearchAction\",\"target\":{\"@type\":\"EntryPoint\",\"urlTemplate\":\"https:\/\/lacerretaterme.it\/de\/?s={search_term_string}\"},\"query-input\":\"required name=search_term_string\"}],\"inLanguage\":\"de\"}]}<\/script>\n<!-- \/ Yoast SEO plugin. -->","yoast_head_json":{"title":"Spa\u00df und Unterhaltung - La Cerreta","robots":{"index":"index","follow":"follow","max-snippet":"max-snippet:-1","max-image-preview":"max-image-preview:large","max-video-preview":"max-video-preview:-1"},"canonical":"https:\/\/lacerretaterme.it\/de\/essere-cerreta\/attivita\/divertimento-e-svago\/","og_locale":"de_DE","og_type":"article","og_title":"Spa\u00df und Unterhaltung - La Cerreta","og_description":"Der Cavallino Matto und Naturpark Poggio Neri F\u00fcr Familien mit Kindern ist unser Bauernhaus mit Thermalbad &#8222;La Cerreta&#8220; der ideale Ausgangspunkt f\u00fcr einen Urlaub zwischen Entspannung und Spa\u00df. Etwa 20 km von den Terme di Sassetta entfernt befindet sich der ber\u00fchmte &#8222;Cavallino Matto&#8222;, der &#8222;gr\u00fcnste Vergn\u00fcgungspark, den es gibt&#8220;. Genau der Vergn\u00fcgungspark, der f\u00fcr Naturliebhaber [&hellip;]","og_url":"https:\/\/lacerretaterme.it\/de\/essere-cerreta\/attivita\/divertimento-e-svago\/","og_site_name":"La Cerreta","article_modified_time":"2020-04-08T10:46:08+00:00","twitter_card":"summary_large_image","twitter_misc":{"Gesch\u00e4tzte Lesezeit":"1\u00a0Minute"},"schema":{"@context":"https:\/\/schema.org","@graph":[{"@type":"WebPage","@id":"https:\/\/lacerretaterme.it\/de\/essere-cerreta\/attivita\/divertimento-e-svago\/","url":"https:\/\/lacerretaterme.it\/de\/essere-cerreta\/attivita\/divertimento-e-svago\/","name":"Spa\u00df und Unterhaltung - La Cerreta","isPartOf":{"@id":"https:\/\/lacerretaterme.it\/de\/#website"},"datePublished":"2020-01-10T09:35:36+00:00","dateModified":"2020-04-08T10:46:08+00:00","breadcrumb":{"@id":"https:\/\/lacerretaterme.it\/de\/essere-cerreta\/attivita\/divertimento-e-svago\/#breadcrumb"},"inLanguage":"de","potentialAction":[{"@type":"ReadAction","target":["https:\/\/lacerretaterme.it\/de\/essere-cerreta\/attivita\/divertimento-e-svago\/"]}]},{"@type":"BreadcrumbList","@id":"https:\/\/lacerretaterme.it\/de\/essere-cerreta\/attivita\/divertimento-e-svago\/#breadcrumb","itemListElement":[{"@type":"ListItem","position":1,"name":"Cerreta sein","item":"https:\/\/lacerretaterme.it\/de\/essere-cerreta\/"},{"@type":"ListItem","position":2,"name":"Aktivit\u00e4ten","item":"https:\/\/lacerretaterme.it\/de\/essere-cerreta\/attivita\/"},{"@type":"ListItem","position":3,"name":"Spa\u00df und Unterhaltung"}]},{"@type":"WebSite","@id":"https:\/\/lacerretaterme.it\/de\/#website","url":"https:\/\/lacerretaterme.it\/de\/","name":"La Cerreta","description":"Biodynamical thermal farmhouse","potentialAction":[{"@type":"SearchAction","target":{"@type":"EntryPoint","urlTemplate":"https:\/\/lacerretaterme.it\/de\/?s={search_term_string}"},"query-input":"required name=search_term_string"}],"inLanguage":"de"}]}},"_links":{"self":[{"href":"https:\/\/lacerretaterme.it\/de\/wp-json\/wp\/v2\/pages\/9392"}],"collection":[{"href":"https:\/\/lacerretaterme.it\/de\/wp-json\/wp\/v2\/pages"}],"about":[{"href":"https:\/\/lacerretaterme.it\/de\/wp-json\/wp\/v2\/types\/page"}],"author":[{"embeddable":true,"href":"https:\/\/lacerretaterme.it\/de\/wp-json\/wp\/v2\/users\/1"}],"replies":[{"embeddable":true,"href":"https:\/\/lacerretaterme.it\/de\/wp-json\/wp\/v2\/comments?post=9392"}],"version-history":[{"count":3,"href":"https:\/\/lacerretaterme.it\/de\/wp-json\/wp\/v2\/pages\/9392\/revisions"}],"predecessor-version":[{"id":9395,"href":"https:\/\/lacerretaterme.it\/de\/wp-json\/wp\/v2\/pages\/9392\/revisions\/9395"}],"up":[{"embeddable":true,"href":"https:\/\/lacerretaterme.it\/de\/wp-json\/wp\/v2\/pages\/9411"}],"wp:attachment":[{"href":"https:\/\/lacerretaterme.it\/de\/wp-json\/wp\/v2\/media?parent=9392"}],"curies":[{"name":"wp","href":"https:\/\/api.w.org\/{rel}","templated":true}]}}