{"id":9389,"date":"2019-12-12T17:30:06","date_gmt":"2019-12-12T16:30:06","guid":{"rendered":"https:\/\/lacerretaterme.it\/luoghi\/"},"modified":"2020-04-14T10:57:31","modified_gmt":"2020-04-14T08:57:31","slug":"luoghi","status":"publish","type":"page","link":"https:\/\/lacerretaterme.it\/de\/essere-cerreta\/luoghi\/","title":{"rendered":"Orte"},"content":{"rendered":"<p>Nur wenige Kilometer von \u201eLa Cerreta\u201c entfernt steht Ihnen eine gro\u00dfe Auswahl an unglaublichen Orten zur Verf\u00fcgung, die Sie mit ihrem Charme und ihrer antiken Geschichte besuchen k\u00f6nnen. Zwischen atemberaubenden Landschaften und unber\u00fchrter Natur k\u00f6nnen Sie leicht die wunderbaren Kunstst\u00e4dte der Toskana oder ihre verzauberten mittelalterlichen D\u00f6rfer entdecken.<\/p> ","protected":false},"excerpt":{"rendered":"<p>Nur wenige Kilometer von \u201eLa Cerreta\u201c entfernt steht Ihnen eine gro\u00dfe Auswahl an unglaublichen Orten zur Verf\u00fcgung, die Sie mit ihrem Charme und ihrer antiken Geschichte besuchen k\u00f6nnen. Zwischen atemberaubenden Landschaften und unber\u00fchrter Natur k\u00f6nnen Sie leicht die wunderbaren Kunstst\u00e4dte der Toskana oder ihre verzauberten mittelalterlichen D\u00f6rfer entdecken.<\/p>\n","protected":false},"author":1,"featured_media":0,"parent":9418,"menu_order":0,"comment_status":"closed","ping_status":"closed","template":"tpl-showcase.php","meta":{"_acf_changed":false,"footnotes":""},"acf":[],"yoast_head":"<!-- This site is optimized with the Yoast SEO plugin v22.7 - https:\/\/yoast.com\/wordpress\/plugins\/seo\/ -->\n<title>Orte - La Cerreta<\/title>\n<meta name=\"robots\" content=\"index, follow, max-snippet:-1, max-image-preview:large, max-video-preview:-1\" \/>\n<link rel=\"canonical\" href=\"https:\/\/lacerretaterme.it\/de\/essere-cerreta\/luoghi\/\" \/>\n<meta property=\"og:locale\" content=\"de_DE\" \/>\n<meta property=\"og:type\" content=\"article\" \/>\n<meta property=\"og:title\" content=\"Orte - La Cerreta\" \/>\n<meta property=\"og:description\" content=\"Nur wenige Kilometer von \u201eLa Cerreta\u201c entfernt steht Ihnen eine gro\u00dfe Auswahl an unglaublichen Orten zur Verf\u00fcgung, die Sie mit ihrem Charme und ihrer antiken Geschichte besuchen k\u00f6nnen. Zwischen atemberaubenden Landschaften und unber\u00fchrter Natur k\u00f6nnen Sie leicht die wunderbaren Kunstst\u00e4dte der Toskana oder ihre verzauberten mittelalterlichen D\u00f6rfer entdecken.\" \/>\n<meta property=\"og:url\" content=\"https:\/\/lacerretaterme.it\/de\/essere-cerreta\/luoghi\/\" \/>\n<meta property=\"og:site_name\" content=\"La Cerreta\" \/>\n<meta property=\"article:modified_time\" content=\"2020-04-14T08:57:31+00:00\" \/>\n<meta name=\"twitter:card\" content=\"summary_large_image\" \/>\n<script type=\"application\/ld+json\" class=\"yoast-schema-graph\">{\"@context\":\"https:\/\/schema.org\",\"@graph\":[{\"@type\":\"WebPage\",\"@id\":\"https:\/\/lacerretaterme.it\/de\/essere-cerreta\/luoghi\/\",\"url\":\"https:\/\/lacerretaterme.it\/de\/essere-cerreta\/luoghi\/\",\"name\":\"Orte - La Cerreta\",\"isPartOf\":{\"@id\":\"https:\/\/lacerretaterme.it\/de\/#website\"},\"datePublished\":\"2019-12-12T16:30:06+00:00\",\"dateModified\":\"2020-04-14T08:57:31+00:00\",\"breadcrumb\":{\"@id\":\"https:\/\/lacerretaterme.it\/de\/essere-cerreta\/luoghi\/#breadcrumb\"},\"inLanguage\":\"de\",\"potentialAction\":[{\"@type\":\"ReadAction\",\"target\":[\"https:\/\/lacerretaterme.it\/de\/essere-cerreta\/luoghi\/\"]}]},{\"@type\":\"BreadcrumbList\",\"@id\":\"https:\/\/lacerretaterme.it\/de\/essere-cerreta\/luoghi\/#breadcrumb\",\"itemListElement\":[{\"@type\":\"ListItem\",\"position\":1,\"name\":\"Cerreta sein\",\"item\":\"https:\/\/lacerretaterme.it\/de\/essere-cerreta\/\"},{\"@type\":\"ListItem\",\"position\":2,\"name\":\"Orte\"}]},{\"@type\":\"WebSite\",\"@id\":\"https:\/\/lacerretaterme.it\/de\/#website\",\"url\":\"https:\/\/lacerretaterme.it\/de\/\",\"name\":\"La Cerreta\",\"description\":\"Biodynamical thermal farmhouse\",\"potentialAction\":[{\"@type\":\"SearchAction\",\"target\":{\"@type\":\"EntryPoint\",\"urlTemplate\":\"https:\/\/lacerretaterme.it\/de\/?s={search_term_string}\"},\"query-input\":\"required name=search_term_string\"}],\"inLanguage\":\"de\"}]}<\/script>\n<!-- \/ Yoast SEO plugin. -->","yoast_head_json":{"title":"Orte - La Cerreta","robots":{"index":"index","follow":"follow","max-snippet":"max-snippet:-1","max-image-preview":"max-image-preview:large","max-video-preview":"max-video-preview:-1"},"canonical":"https:\/\/lacerretaterme.it\/de\/essere-cerreta\/luoghi\/","og_locale":"de_DE","og_type":"article","og_title":"Orte - La Cerreta","og_description":"Nur wenige Kilometer von \u201eLa Cerreta\u201c entfernt steht Ihnen eine gro\u00dfe Auswahl an unglaublichen Orten zur Verf\u00fcgung, die Sie mit ihrem Charme und ihrer antiken Geschichte besuchen k\u00f6nnen. Zwischen atemberaubenden Landschaften und unber\u00fchrter Natur k\u00f6nnen Sie leicht die wunderbaren Kunstst\u00e4dte der Toskana oder ihre verzauberten mittelalterlichen D\u00f6rfer entdecken.","og_url":"https:\/\/lacerretaterme.it\/de\/essere-cerreta\/luoghi\/","og_site_name":"La Cerreta","article_modified_time":"2020-04-14T08:57:31+00:00","twitter_card":"summary_large_image","schema":{"@context":"https:\/\/schema.org","@graph":[{"@type":"WebPage","@id":"https:\/\/lacerretaterme.it\/de\/essere-cerreta\/luoghi\/","url":"https:\/\/lacerretaterme.it\/de\/essere-cerreta\/luoghi\/","name":"Orte - La Cerreta","isPartOf":{"@id":"https:\/\/lacerretaterme.it\/de\/#website"},"datePublished":"2019-12-12T16:30:06+00:00","dateModified":"2020-04-14T08:57:31+00:00","breadcrumb":{"@id":"https:\/\/lacerretaterme.it\/de\/essere-cerreta\/luoghi\/#breadcrumb"},"inLanguage":"de","potentialAction":[{"@type":"ReadAction","target":["https:\/\/lacerretaterme.it\/de\/essere-cerreta\/luoghi\/"]}]},{"@type":"BreadcrumbList","@id":"https:\/\/lacerretaterme.it\/de\/essere-cerreta\/luoghi\/#breadcrumb","itemListElement":[{"@type":"ListItem","position":1,"name":"Cerreta sein","item":"https:\/\/lacerretaterme.it\/de\/essere-cerreta\/"},{"@type":"ListItem","position":2,"name":"Orte"}]},{"@type":"WebSite","@id":"https:\/\/lacerretaterme.it\/de\/#website","url":"https:\/\/lacerretaterme.it\/de\/","name":"La Cerreta","description":"Biodynamical thermal farmhouse","potentialAction":[{"@type":"SearchAction","target":{"@type":"EntryPoint","urlTemplate":"https:\/\/lacerretaterme.it\/de\/?s={search_term_string}"},"query-input":"required name=search_term_string"}],"inLanguage":"de"}]}},"_links":{"self":[{"href":"https:\/\/lacerretaterme.it\/de\/wp-json\/wp\/v2\/pages\/9389"}],"collection":[{"href":"https:\/\/lacerretaterme.it\/de\/wp-json\/wp\/v2\/pages"}],"about":[{"href":"https:\/\/lacerretaterme.it\/de\/wp-json\/wp\/v2\/types\/page"}],"author":[{"embeddable":true,"href":"https:\/\/lacerretaterme.it\/de\/wp-json\/wp\/v2\/users\/1"}],"replies":[{"embeddable":true,"href":"https:\/\/lacerretaterme.it\/de\/wp-json\/wp\/v2\/comments?post=9389"}],"version-history":[{"count":3,"href":"https:\/\/lacerretaterme.it\/de\/wp-json\/wp\/v2\/pages\/9389\/revisions"}],"predecessor-version":[{"id":9534,"href":"https:\/\/lacerretaterme.it\/de\/wp-json\/wp\/v2\/pages\/9389\/revisions\/9534"}],"up":[{"embeddable":true,"href":"https:\/\/lacerretaterme.it\/de\/wp-json\/wp\/v2\/pages\/9418"}],"wp:attachment":[{"href":"https:\/\/lacerretaterme.it\/de\/wp-json\/wp\/v2\/media?parent=9389"}],"curies":[{"name":"wp","href":"https:\/\/api.w.org\/{rel}","templated":true}]}}