{"id":9386,"date":"2020-01-10T09:41:05","date_gmt":"2020-01-10T08:41:05","guid":{"rendered":"https:\/\/lacerretaterme.it\/massa-marittima\/"},"modified":"2020-04-08T12:35:20","modified_gmt":"2020-04-08T10:35:20","slug":"massa-marittima","status":"publish","type":"page","link":"https:\/\/lacerretaterme.it\/de\/essere-cerreta\/luoghi\/massa-marittima\/","title":{"rendered":"Massa Marittima"},"content":{"rendered":"<p>Nicht einmal eine <a href=\"https:\/\/lacerretaterme.it\/de\/\">Autostunde von unserer Ferienanlage &#8222;La Cerreta&#8220;<\/a> entfernt befindet sich das wundersch\u00f6ne <strong>Massa Marittima<\/strong>, das auf einem H\u00fcgel, umgeben von gut erhaltenen Mauern, inmitten der toskanischen Landschaft steht.<\/p> <p>Von gro\u00dfem Interesse f\u00fcr den historischen Teil der Stadt ist die zentrale <strong>Piazza Garibaldi<\/strong> mit ihrem metaphysischen Flair, mit der einzigartigen Kathedrale von <strong>San Cerbone<\/strong>, die diagonal ausgerichtet ist (ein wirklich brillantes urbanes Wagnis!) und, um sie herum, all die anderen typischen Geb\u00e4ude des Stadtplatzes: der Palazzo del Comune, der Palazzo del Podest\u00e0, die Loggia del Mercato, die Fonte Pubblica, die Zecca&#8230; Im oberen Teil der Stadt steht stattdessen eine imposante Festung mit dem <strong>Uhrturm<\/strong>.<\/p> <p>Es gibt auch interessante<strong> Museen<\/strong>, die von der Vergangenheit dieses Landes erz\u00e4hlen, das seit jeher untrennbar mit <strong>dem Bergbau verbunden<\/strong> ist. Dazu geh\u00f6ren das Arch\u00e4ologische Museum, der <strong>Museumskomplex San Pietro all&#8217;Orto<\/strong>, das <strong>Bergbaumuseum<\/strong>, der <strong>Kerzenst\u00e4nderturm<\/strong> und die <strong>alte Schreinerei<\/strong>.<\/p> ","protected":false},"excerpt":{"rendered":"<p>Nicht einmal eine Autostunde von unserer Ferienanlage &#8222;La Cerreta&#8220; entfernt befindet sich das wundersch\u00f6ne Massa Marittima, das auf einem H\u00fcgel, umgeben von gut erhaltenen Mauern, inmitten der toskanischen Landschaft steht. Von gro\u00dfem Interesse f\u00fcr den historischen Teil der Stadt ist die zentrale Piazza Garibaldi mit ihrem metaphysischen Flair, mit der einzigartigen Kathedrale von San Cerbone, [&hellip;]<\/p>\n","protected":false},"author":1,"featured_media":0,"parent":9389,"menu_order":0,"comment_status":"closed","ping_status":"closed","template":"tpl-simplepage.php","meta":{"_acf_changed":false,"footnotes":""},"acf":[],"yoast_head":"<!-- This site is optimized with the Yoast SEO plugin v22.7 - https:\/\/yoast.com\/wordpress\/plugins\/seo\/ -->\n<title>Massa Marittima - La Cerreta<\/title>\n<meta name=\"robots\" content=\"index, follow, max-snippet:-1, max-image-preview:large, max-video-preview:-1\" \/>\n<link rel=\"canonical\" href=\"https:\/\/lacerretaterme.it\/de\/essere-cerreta\/luoghi\/massa-marittima\/\" \/>\n<meta property=\"og:locale\" content=\"de_DE\" \/>\n<meta property=\"og:type\" content=\"article\" \/>\n<meta property=\"og:title\" content=\"Massa Marittima - La Cerreta\" \/>\n<meta property=\"og:description\" content=\"Nicht einmal eine Autostunde von unserer Ferienanlage &#8222;La Cerreta&#8220; entfernt befindet sich das wundersch\u00f6ne Massa Marittima, das auf einem H\u00fcgel, umgeben von gut erhaltenen Mauern, inmitten der toskanischen Landschaft steht. Von gro\u00dfem Interesse f\u00fcr den historischen Teil der Stadt ist die zentrale Piazza Garibaldi mit ihrem metaphysischen Flair, mit der einzigartigen Kathedrale von San Cerbone, [&hellip;]\" \/>\n<meta property=\"og:url\" content=\"https:\/\/lacerretaterme.it\/de\/essere-cerreta\/luoghi\/massa-marittima\/\" \/>\n<meta property=\"og:site_name\" content=\"La Cerreta\" \/>\n<meta property=\"article:modified_time\" content=\"2020-04-08T10:35:20+00:00\" \/>\n<meta name=\"twitter:card\" content=\"summary_large_image\" \/>\n<meta name=\"twitter:label1\" content=\"Gesch\u00e4tzte Lesezeit\" \/>\n\t<meta name=\"twitter:data1\" content=\"1\u00a0Minute\" \/>\n<script type=\"application\/ld+json\" class=\"yoast-schema-graph\">{\"@context\":\"https:\/\/schema.org\",\"@graph\":[{\"@type\":\"WebPage\",\"@id\":\"https:\/\/lacerretaterme.it\/de\/essere-cerreta\/luoghi\/massa-marittima\/\",\"url\":\"https:\/\/lacerretaterme.it\/de\/essere-cerreta\/luoghi\/massa-marittima\/\",\"name\":\"Massa Marittima - La Cerreta\",\"isPartOf\":{\"@id\":\"https:\/\/lacerretaterme.it\/de\/#website\"},\"datePublished\":\"2020-01-10T08:41:05+00:00\",\"dateModified\":\"2020-04-08T10:35:20+00:00\",\"breadcrumb\":{\"@id\":\"https:\/\/lacerretaterme.it\/de\/essere-cerreta\/luoghi\/massa-marittima\/#breadcrumb\"},\"inLanguage\":\"de\",\"potentialAction\":[{\"@type\":\"ReadAction\",\"target\":[\"https:\/\/lacerretaterme.it\/de\/essere-cerreta\/luoghi\/massa-marittima\/\"]}]},{\"@type\":\"BreadcrumbList\",\"@id\":\"https:\/\/lacerretaterme.it\/de\/essere-cerreta\/luoghi\/massa-marittima\/#breadcrumb\",\"itemListElement\":[{\"@type\":\"ListItem\",\"position\":1,\"name\":\"Cerreta sein\",\"item\":\"https:\/\/lacerretaterme.it\/de\/essere-cerreta\/\"},{\"@type\":\"ListItem\",\"position\":2,\"name\":\"Orte\",\"item\":\"https:\/\/lacerretaterme.it\/de\/essere-cerreta\/luoghi\/\"},{\"@type\":\"ListItem\",\"position\":3,\"name\":\"Massa Marittima\"}]},{\"@type\":\"WebSite\",\"@id\":\"https:\/\/lacerretaterme.it\/de\/#website\",\"url\":\"https:\/\/lacerretaterme.it\/de\/\",\"name\":\"La Cerreta\",\"description\":\"Biodynamical thermal farmhouse\",\"potentialAction\":[{\"@type\":\"SearchAction\",\"target\":{\"@type\":\"EntryPoint\",\"urlTemplate\":\"https:\/\/lacerretaterme.it\/de\/?s={search_term_string}\"},\"query-input\":\"required name=search_term_string\"}],\"inLanguage\":\"de\"}]}<\/script>\n<!-- \/ Yoast SEO plugin. -->","yoast_head_json":{"title":"Massa Marittima - La Cerreta","robots":{"index":"index","follow":"follow","max-snippet":"max-snippet:-1","max-image-preview":"max-image-preview:large","max-video-preview":"max-video-preview:-1"},"canonical":"https:\/\/lacerretaterme.it\/de\/essere-cerreta\/luoghi\/massa-marittima\/","og_locale":"de_DE","og_type":"article","og_title":"Massa Marittima - La Cerreta","og_description":"Nicht einmal eine Autostunde von unserer Ferienanlage &#8222;La Cerreta&#8220; entfernt befindet sich das wundersch\u00f6ne Massa Marittima, das auf einem H\u00fcgel, umgeben von gut erhaltenen Mauern, inmitten der toskanischen Landschaft steht. Von gro\u00dfem Interesse f\u00fcr den historischen Teil der Stadt ist die zentrale Piazza Garibaldi mit ihrem metaphysischen Flair, mit der einzigartigen Kathedrale von San Cerbone, [&hellip;]","og_url":"https:\/\/lacerretaterme.it\/de\/essere-cerreta\/luoghi\/massa-marittima\/","og_site_name":"La Cerreta","article_modified_time":"2020-04-08T10:35:20+00:00","twitter_card":"summary_large_image","twitter_misc":{"Gesch\u00e4tzte Lesezeit":"1\u00a0Minute"},"schema":{"@context":"https:\/\/schema.org","@graph":[{"@type":"WebPage","@id":"https:\/\/lacerretaterme.it\/de\/essere-cerreta\/luoghi\/massa-marittima\/","url":"https:\/\/lacerretaterme.it\/de\/essere-cerreta\/luoghi\/massa-marittima\/","name":"Massa Marittima - La Cerreta","isPartOf":{"@id":"https:\/\/lacerretaterme.it\/de\/#website"},"datePublished":"2020-01-10T08:41:05+00:00","dateModified":"2020-04-08T10:35:20+00:00","breadcrumb":{"@id":"https:\/\/lacerretaterme.it\/de\/essere-cerreta\/luoghi\/massa-marittima\/#breadcrumb"},"inLanguage":"de","potentialAction":[{"@type":"ReadAction","target":["https:\/\/lacerretaterme.it\/de\/essere-cerreta\/luoghi\/massa-marittima\/"]}]},{"@type":"BreadcrumbList","@id":"https:\/\/lacerretaterme.it\/de\/essere-cerreta\/luoghi\/massa-marittima\/#breadcrumb","itemListElement":[{"@type":"ListItem","position":1,"name":"Cerreta sein","item":"https:\/\/lacerretaterme.it\/de\/essere-cerreta\/"},{"@type":"ListItem","position":2,"name":"Orte","item":"https:\/\/lacerretaterme.it\/de\/essere-cerreta\/luoghi\/"},{"@type":"ListItem","position":3,"name":"Massa Marittima"}]},{"@type":"WebSite","@id":"https:\/\/lacerretaterme.it\/de\/#website","url":"https:\/\/lacerretaterme.it\/de\/","name":"La Cerreta","description":"Biodynamical thermal farmhouse","potentialAction":[{"@type":"SearchAction","target":{"@type":"EntryPoint","urlTemplate":"https:\/\/lacerretaterme.it\/de\/?s={search_term_string}"},"query-input":"required name=search_term_string"}],"inLanguage":"de"}]}},"_links":{"self":[{"href":"https:\/\/lacerretaterme.it\/de\/wp-json\/wp\/v2\/pages\/9386"}],"collection":[{"href":"https:\/\/lacerretaterme.it\/de\/wp-json\/wp\/v2\/pages"}],"about":[{"href":"https:\/\/lacerretaterme.it\/de\/wp-json\/wp\/v2\/types\/page"}],"author":[{"embeddable":true,"href":"https:\/\/lacerretaterme.it\/de\/wp-json\/wp\/v2\/users\/1"}],"replies":[{"embeddable":true,"href":"https:\/\/lacerretaterme.it\/de\/wp-json\/wp\/v2\/comments?post=9386"}],"version-history":[{"count":2,"href":"https:\/\/lacerretaterme.it\/de\/wp-json\/wp\/v2\/pages\/9386\/revisions"}],"predecessor-version":[{"id":9388,"href":"https:\/\/lacerretaterme.it\/de\/wp-json\/wp\/v2\/pages\/9386\/revisions\/9388"}],"up":[{"embeddable":true,"href":"https:\/\/lacerretaterme.it\/de\/wp-json\/wp\/v2\/pages\/9389"}],"wp:attachment":[{"href":"https:\/\/lacerretaterme.it\/de\/wp-json\/wp\/v2\/media?parent=9386"}],"curies":[{"name":"wp","href":"https:\/\/api.w.org\/{rel}","templated":true}]}}