{"id":9383,"date":"2020-01-10T09:36:02","date_gmt":"2020-01-10T08:36:02","guid":{"rendered":"https:\/\/lacerretaterme.it\/san-galgano\/"},"modified":"2020-04-08T12:31:06","modified_gmt":"2020-04-08T10:31:06","slug":"san-galgano","status":"publish","type":"page","link":"https:\/\/lacerretaterme.it\/de\/essere-cerreta\/luoghi\/san-galgano\/","title":{"rendered":"Parco delle Biancane"},"content":{"rendered":"<p>Auf der Jagd nach ungew\u00f6hnlichen Orten? Etwa drei\u00dfig Autominuten von unserem <a href=\"https:\/\/lacerretaterme.it\/de\/\"><strong>Thermalbad- und Ferienbauernhofkomplex &#8222;La Cerreta&#8220;<\/strong><\/a> entfernt befindet sich ein wirklich erstaunlicher Ort, so sehr, dass sogar der gro\u00dfe Dichter <strong>Dante Alighieri<\/strong> fasziniert war. Wir befinden uns in der N\u00e4he von Monterotondo Marittimo (Gr) und sprechen \u00fcber den <strong>Naturpark Biancane<\/strong>, dessen Name sich auf die charakteristische wei\u00dfe Farbe der Felsen, aus denen er besteht, und auf die seltene und untypische Vegetation bezieht, die in offenem Kontrast zum \u00fcppigen Gr\u00fcn der umliegenden toskanischen Landschaft steht.<\/p> <p>Das Ph\u00e4nomen der <strong>geothermischen Energie<\/strong> hat die gesamte Landschaft auf einzigartige Weise gestaltet und geformt und diese Umgebung in etwas wirklich Einzigartiges und Spektakul\u00e4res mit einem surrealen, fast mond\u00e4hnlichen Geschmack verwandelt. Hier brodelt die Erde, bl\u00e4st und pustet hei\u00dfen Rauch. Tats\u00e4chlich gibt es verschiedene Arten von geothermischen <strong>Erscheinungsformen wie Gebl\u00e4se, aus dem Boden austretender Dampf und Fumarolen<\/strong>. Dazu kommen noch Zischen, seltsame Ger\u00e4usche und ein ganz besonderer Geruch. Kurz gesagt, der ideale Ort f\u00fcr Neugierige, aber auch f\u00fcr <strong>Trekkingliebhaber<\/strong>&#8230; ungew\u00f6hnlich! Und wenn noch etwas Zeit bleibt, lohnt es sich, etwa zwanzig Kilometer vom Park entfernt <strong>Massa Marittima<\/strong>, die Stadt der Metalle, zu besuchen.<\/p> ","protected":false},"excerpt":{"rendered":"<p>Auf der Jagd nach ungew\u00f6hnlichen Orten? Etwa drei\u00dfig Autominuten von unserem Thermalbad- und Ferienbauernhofkomplex &#8222;La Cerreta&#8220; entfernt befindet sich ein wirklich erstaunlicher Ort, so sehr, dass sogar der gro\u00dfe Dichter Dante Alighieri fasziniert war. Wir befinden uns in der N\u00e4he von Monterotondo Marittimo (Gr) und sprechen \u00fcber den Naturpark Biancane, dessen Name sich auf die [&hellip;]<\/p>\n","protected":false},"author":1,"featured_media":0,"parent":9389,"menu_order":0,"comment_status":"closed","ping_status":"closed","template":"tpl-simplepage.php","meta":{"_acf_changed":false,"footnotes":""},"acf":[],"yoast_head":"<!-- This site is optimized with the Yoast SEO plugin v22.7 - https:\/\/yoast.com\/wordpress\/plugins\/seo\/ -->\n<title>Parco delle Biancane - La Cerreta<\/title>\n<meta name=\"robots\" content=\"index, follow, max-snippet:-1, max-image-preview:large, max-video-preview:-1\" \/>\n<link rel=\"canonical\" href=\"https:\/\/lacerretaterme.it\/de\/essere-cerreta\/luoghi\/san-galgano\/\" \/>\n<meta property=\"og:locale\" content=\"de_DE\" \/>\n<meta property=\"og:type\" content=\"article\" \/>\n<meta property=\"og:title\" content=\"Parco delle Biancane - La Cerreta\" \/>\n<meta property=\"og:description\" content=\"Auf der Jagd nach ungew\u00f6hnlichen Orten? Etwa drei\u00dfig Autominuten von unserem Thermalbad- und Ferienbauernhofkomplex &#8222;La Cerreta&#8220; entfernt befindet sich ein wirklich erstaunlicher Ort, so sehr, dass sogar der gro\u00dfe Dichter Dante Alighieri fasziniert war. Wir befinden uns in der N\u00e4he von Monterotondo Marittimo (Gr) und sprechen \u00fcber den Naturpark Biancane, dessen Name sich auf die [&hellip;]\" \/>\n<meta property=\"og:url\" content=\"https:\/\/lacerretaterme.it\/de\/essere-cerreta\/luoghi\/san-galgano\/\" \/>\n<meta property=\"og:site_name\" content=\"La Cerreta\" \/>\n<meta property=\"article:modified_time\" content=\"2020-04-08T10:31:06+00:00\" \/>\n<meta name=\"twitter:card\" content=\"summary_large_image\" \/>\n<meta name=\"twitter:label1\" content=\"Gesch\u00e4tzte Lesezeit\" \/>\n\t<meta name=\"twitter:data1\" content=\"1\u00a0Minute\" \/>\n<script type=\"application\/ld+json\" class=\"yoast-schema-graph\">{\"@context\":\"https:\/\/schema.org\",\"@graph\":[{\"@type\":\"WebPage\",\"@id\":\"https:\/\/lacerretaterme.it\/de\/essere-cerreta\/luoghi\/san-galgano\/\",\"url\":\"https:\/\/lacerretaterme.it\/de\/essere-cerreta\/luoghi\/san-galgano\/\",\"name\":\"Parco delle Biancane - La Cerreta\",\"isPartOf\":{\"@id\":\"https:\/\/lacerretaterme.it\/de\/#website\"},\"datePublished\":\"2020-01-10T08:36:02+00:00\",\"dateModified\":\"2020-04-08T10:31:06+00:00\",\"breadcrumb\":{\"@id\":\"https:\/\/lacerretaterme.it\/de\/essere-cerreta\/luoghi\/san-galgano\/#breadcrumb\"},\"inLanguage\":\"de\",\"potentialAction\":[{\"@type\":\"ReadAction\",\"target\":[\"https:\/\/lacerretaterme.it\/de\/essere-cerreta\/luoghi\/san-galgano\/\"]}]},{\"@type\":\"BreadcrumbList\",\"@id\":\"https:\/\/lacerretaterme.it\/de\/essere-cerreta\/luoghi\/san-galgano\/#breadcrumb\",\"itemListElement\":[{\"@type\":\"ListItem\",\"position\":1,\"name\":\"Cerreta sein\",\"item\":\"https:\/\/lacerretaterme.it\/de\/essere-cerreta\/\"},{\"@type\":\"ListItem\",\"position\":2,\"name\":\"Orte\",\"item\":\"https:\/\/lacerretaterme.it\/de\/essere-cerreta\/luoghi\/\"},{\"@type\":\"ListItem\",\"position\":3,\"name\":\"Parco delle Biancane\"}]},{\"@type\":\"WebSite\",\"@id\":\"https:\/\/lacerretaterme.it\/de\/#website\",\"url\":\"https:\/\/lacerretaterme.it\/de\/\",\"name\":\"La Cerreta\",\"description\":\"Biodynamical thermal farmhouse\",\"potentialAction\":[{\"@type\":\"SearchAction\",\"target\":{\"@type\":\"EntryPoint\",\"urlTemplate\":\"https:\/\/lacerretaterme.it\/de\/?s={search_term_string}\"},\"query-input\":\"required name=search_term_string\"}],\"inLanguage\":\"de\"}]}<\/script>\n<!-- \/ Yoast SEO plugin. -->","yoast_head_json":{"title":"Parco delle Biancane - La Cerreta","robots":{"index":"index","follow":"follow","max-snippet":"max-snippet:-1","max-image-preview":"max-image-preview:large","max-video-preview":"max-video-preview:-1"},"canonical":"https:\/\/lacerretaterme.it\/de\/essere-cerreta\/luoghi\/san-galgano\/","og_locale":"de_DE","og_type":"article","og_title":"Parco delle Biancane - La Cerreta","og_description":"Auf der Jagd nach ungew\u00f6hnlichen Orten? Etwa drei\u00dfig Autominuten von unserem Thermalbad- und Ferienbauernhofkomplex &#8222;La Cerreta&#8220; entfernt befindet sich ein wirklich erstaunlicher Ort, so sehr, dass sogar der gro\u00dfe Dichter Dante Alighieri fasziniert war. Wir befinden uns in der N\u00e4he von Monterotondo Marittimo (Gr) und sprechen \u00fcber den Naturpark Biancane, dessen Name sich auf die [&hellip;]","og_url":"https:\/\/lacerretaterme.it\/de\/essere-cerreta\/luoghi\/san-galgano\/","og_site_name":"La Cerreta","article_modified_time":"2020-04-08T10:31:06+00:00","twitter_card":"summary_large_image","twitter_misc":{"Gesch\u00e4tzte Lesezeit":"1\u00a0Minute"},"schema":{"@context":"https:\/\/schema.org","@graph":[{"@type":"WebPage","@id":"https:\/\/lacerretaterme.it\/de\/essere-cerreta\/luoghi\/san-galgano\/","url":"https:\/\/lacerretaterme.it\/de\/essere-cerreta\/luoghi\/san-galgano\/","name":"Parco delle Biancane - La Cerreta","isPartOf":{"@id":"https:\/\/lacerretaterme.it\/de\/#website"},"datePublished":"2020-01-10T08:36:02+00:00","dateModified":"2020-04-08T10:31:06+00:00","breadcrumb":{"@id":"https:\/\/lacerretaterme.it\/de\/essere-cerreta\/luoghi\/san-galgano\/#breadcrumb"},"inLanguage":"de","potentialAction":[{"@type":"ReadAction","target":["https:\/\/lacerretaterme.it\/de\/essere-cerreta\/luoghi\/san-galgano\/"]}]},{"@type":"BreadcrumbList","@id":"https:\/\/lacerretaterme.it\/de\/essere-cerreta\/luoghi\/san-galgano\/#breadcrumb","itemListElement":[{"@type":"ListItem","position":1,"name":"Cerreta sein","item":"https:\/\/lacerretaterme.it\/de\/essere-cerreta\/"},{"@type":"ListItem","position":2,"name":"Orte","item":"https:\/\/lacerretaterme.it\/de\/essere-cerreta\/luoghi\/"},{"@type":"ListItem","position":3,"name":"Parco delle Biancane"}]},{"@type":"WebSite","@id":"https:\/\/lacerretaterme.it\/de\/#website","url":"https:\/\/lacerretaterme.it\/de\/","name":"La Cerreta","description":"Biodynamical thermal farmhouse","potentialAction":[{"@type":"SearchAction","target":{"@type":"EntryPoint","urlTemplate":"https:\/\/lacerretaterme.it\/de\/?s={search_term_string}"},"query-input":"required name=search_term_string"}],"inLanguage":"de"}]}},"_links":{"self":[{"href":"https:\/\/lacerretaterme.it\/de\/wp-json\/wp\/v2\/pages\/9383"}],"collection":[{"href":"https:\/\/lacerretaterme.it\/de\/wp-json\/wp\/v2\/pages"}],"about":[{"href":"https:\/\/lacerretaterme.it\/de\/wp-json\/wp\/v2\/types\/page"}],"author":[{"embeddable":true,"href":"https:\/\/lacerretaterme.it\/de\/wp-json\/wp\/v2\/users\/1"}],"replies":[{"embeddable":true,"href":"https:\/\/lacerretaterme.it\/de\/wp-json\/wp\/v2\/comments?post=9383"}],"version-history":[{"count":2,"href":"https:\/\/lacerretaterme.it\/de\/wp-json\/wp\/v2\/pages\/9383\/revisions"}],"predecessor-version":[{"id":9385,"href":"https:\/\/lacerretaterme.it\/de\/wp-json\/wp\/v2\/pages\/9383\/revisions\/9385"}],"up":[{"embeddable":true,"href":"https:\/\/lacerretaterme.it\/de\/wp-json\/wp\/v2\/pages\/9389"}],"wp:attachment":[{"href":"https:\/\/lacerretaterme.it\/de\/wp-json\/wp\/v2\/media?parent=9383"}],"curies":[{"name":"wp","href":"https:\/\/api.w.org\/{rel}","templated":true}]}}