{"id":9380,"date":"2020-01-10T09:38:55","date_gmt":"2020-01-10T08:38:55","guid":{"rendered":"https:\/\/lacerretaterme.it\/citta-d-arte\/"},"modified":"2020-04-08T12:26:33","modified_gmt":"2020-04-08T10:26:33","slug":"citta-d-arte","status":"publish","type":"page","link":"https:\/\/lacerretaterme.it\/de\/essere-cerreta\/luoghi\/citta-d-arte\/","title":{"rendered":"Suvereto"},"content":{"rendered":"<p>Wie sch\u00f6n ist<strong> Suvereto<\/strong>? Ein bezauberndes mittelalterliches Dorf, das es zu entdecken gilt, mit einem langsamen und entspannten Lebensrhythmus, genau wie wir es m\u00f6gen. Etwa zwanzig Autominuten von unserem <a href=\"https:\/\/lacerretaterme.it\/de\/\"><strong>Kur- und Ferienbauernhof &#8222;La Cerreta&#8220;<\/strong><\/a> entfernt, zwischen der Landschaft und dem Meer der Etruskerk\u00fcste gelegen, bietet Suvereto den Liebhabern von Wanderungen, Mountainbiken oder Reiten viel&#8230; Aber auch denjenigen, die sich f\u00fcr Essen und Wein begeistern.<\/p> <p>Dieses Dorf im Gr\u00fcnen des <a href=\"https:\/\/lacerretaterme.it\/de\/sassetta\/\">Val di Cornia<\/a> ist in der Tat gut in die nationalen Kreisl\u00e4ufe der <strong>St\u00e4dte des Weins<\/strong>, der <strong>St\u00e4dte des \u00d6ls<\/strong> und der <strong>langsamen St\u00e4dte<\/strong> eingef\u00fcgt. Im Inneren der massiven, fast intakten Mauern, die von acht T\u00fcrmen gekr\u00f6nt werden, gibt es viele Gesch\u00e4fte, die noch immer dieses kleine Dorf beleben, in dem die Zeit stehen geblieben zu sein scheint: Es gibt den Schmied, den Korkarbeiter, den Stroharbeiter, den K\u00f6hler und viele Handwerker, die noch heute von der alten und kostbaren Kunst zeugen, die Dinge mit den eigenen H\u00e4nden zu erledigen&#8230; Der h\u00f6chste Punkt des Dorfes, das mittelalterliche Symbol schlechthin, ist die <strong>Festung Aldobrandesca<\/strong>, die wahrscheinlich auf das Ende des 9. Jahrhunderts zur\u00fcckgeht. Es gibt viele Kirchen und historische Geb\u00e4ude zu bewundern.<\/p> <p>F\u00fcr die Kleinen (oder f\u00fcr die \u00c4lteren, die wieder Kinder werden wollen) ist das <strong>Puppenmuseum<\/strong> einen Besuch wert, das mit einer gro\u00dfen Sammlung die Geschichte und die Kost\u00fcme der Puppen nachzeichnet. Eine Kuriosit\u00e4t? Der Name Suvereto! Es scheint von den knorrigen B\u00e4umen abzuleiten, die in der Vergangenheit die W\u00e4lder um das Dorf herum bedeckten und aus denen Kork hergestellt wird.<\/p> ","protected":false},"excerpt":{"rendered":"<p>Wie sch\u00f6n ist Suvereto? Ein bezauberndes mittelalterliches Dorf, das es zu entdecken gilt, mit einem langsamen und entspannten Lebensrhythmus, genau wie wir es m\u00f6gen. Etwa zwanzig Autominuten von unserem Kur- und Ferienbauernhof &#8222;La Cerreta&#8220; entfernt, zwischen der Landschaft und dem Meer der Etruskerk\u00fcste gelegen, bietet Suvereto den Liebhabern von Wanderungen, Mountainbiken oder Reiten viel&#8230; Aber [&hellip;]<\/p>\n","protected":false},"author":1,"featured_media":0,"parent":9389,"menu_order":0,"comment_status":"closed","ping_status":"closed","template":"tpl-simplepage.php","meta":{"_acf_changed":false,"footnotes":""},"acf":[],"yoast_head":"<!-- This site is optimized with the Yoast SEO plugin v22.7 - https:\/\/yoast.com\/wordpress\/plugins\/seo\/ -->\n<title>Suvereto - La Cerreta<\/title>\n<meta name=\"robots\" content=\"index, follow, max-snippet:-1, max-image-preview:large, max-video-preview:-1\" \/>\n<link rel=\"canonical\" href=\"https:\/\/lacerretaterme.it\/de\/essere-cerreta\/luoghi\/citta-d-arte\/\" \/>\n<meta property=\"og:locale\" content=\"de_DE\" \/>\n<meta property=\"og:type\" content=\"article\" \/>\n<meta property=\"og:title\" content=\"Suvereto - La Cerreta\" \/>\n<meta property=\"og:description\" content=\"Wie sch\u00f6n ist Suvereto? Ein bezauberndes mittelalterliches Dorf, das es zu entdecken gilt, mit einem langsamen und entspannten Lebensrhythmus, genau wie wir es m\u00f6gen. Etwa zwanzig Autominuten von unserem Kur- und Ferienbauernhof &#8222;La Cerreta&#8220; entfernt, zwischen der Landschaft und dem Meer der Etruskerk\u00fcste gelegen, bietet Suvereto den Liebhabern von Wanderungen, Mountainbiken oder Reiten viel&#8230; Aber [&hellip;]\" \/>\n<meta property=\"og:url\" content=\"https:\/\/lacerretaterme.it\/de\/essere-cerreta\/luoghi\/citta-d-arte\/\" \/>\n<meta property=\"og:site_name\" content=\"La Cerreta\" \/>\n<meta property=\"article:modified_time\" content=\"2020-04-08T10:26:33+00:00\" \/>\n<meta name=\"twitter:card\" content=\"summary_large_image\" \/>\n<meta name=\"twitter:label1\" content=\"Gesch\u00e4tzte Lesezeit\" \/>\n\t<meta name=\"twitter:data1\" content=\"1\u00a0Minute\" \/>\n<script type=\"application\/ld+json\" class=\"yoast-schema-graph\">{\"@context\":\"https:\/\/schema.org\",\"@graph\":[{\"@type\":\"WebPage\",\"@id\":\"https:\/\/lacerretaterme.it\/de\/essere-cerreta\/luoghi\/citta-d-arte\/\",\"url\":\"https:\/\/lacerretaterme.it\/de\/essere-cerreta\/luoghi\/citta-d-arte\/\",\"name\":\"Suvereto - La Cerreta\",\"isPartOf\":{\"@id\":\"https:\/\/lacerretaterme.it\/de\/#website\"},\"datePublished\":\"2020-01-10T08:38:55+00:00\",\"dateModified\":\"2020-04-08T10:26:33+00:00\",\"breadcrumb\":{\"@id\":\"https:\/\/lacerretaterme.it\/de\/essere-cerreta\/luoghi\/citta-d-arte\/#breadcrumb\"},\"inLanguage\":\"de\",\"potentialAction\":[{\"@type\":\"ReadAction\",\"target\":[\"https:\/\/lacerretaterme.it\/de\/essere-cerreta\/luoghi\/citta-d-arte\/\"]}]},{\"@type\":\"BreadcrumbList\",\"@id\":\"https:\/\/lacerretaterme.it\/de\/essere-cerreta\/luoghi\/citta-d-arte\/#breadcrumb\",\"itemListElement\":[{\"@type\":\"ListItem\",\"position\":1,\"name\":\"Cerreta sein\",\"item\":\"https:\/\/lacerretaterme.it\/de\/essere-cerreta\/\"},{\"@type\":\"ListItem\",\"position\":2,\"name\":\"Orte\",\"item\":\"https:\/\/lacerretaterme.it\/de\/essere-cerreta\/luoghi\/\"},{\"@type\":\"ListItem\",\"position\":3,\"name\":\"Suvereto\"}]},{\"@type\":\"WebSite\",\"@id\":\"https:\/\/lacerretaterme.it\/de\/#website\",\"url\":\"https:\/\/lacerretaterme.it\/de\/\",\"name\":\"La Cerreta\",\"description\":\"Biodynamical thermal farmhouse\",\"potentialAction\":[{\"@type\":\"SearchAction\",\"target\":{\"@type\":\"EntryPoint\",\"urlTemplate\":\"https:\/\/lacerretaterme.it\/de\/?s={search_term_string}\"},\"query-input\":\"required name=search_term_string\"}],\"inLanguage\":\"de\"}]}<\/script>\n<!-- \/ Yoast SEO plugin. -->","yoast_head_json":{"title":"Suvereto - La Cerreta","robots":{"index":"index","follow":"follow","max-snippet":"max-snippet:-1","max-image-preview":"max-image-preview:large","max-video-preview":"max-video-preview:-1"},"canonical":"https:\/\/lacerretaterme.it\/de\/essere-cerreta\/luoghi\/citta-d-arte\/","og_locale":"de_DE","og_type":"article","og_title":"Suvereto - La Cerreta","og_description":"Wie sch\u00f6n ist Suvereto? Ein bezauberndes mittelalterliches Dorf, das es zu entdecken gilt, mit einem langsamen und entspannten Lebensrhythmus, genau wie wir es m\u00f6gen. Etwa zwanzig Autominuten von unserem Kur- und Ferienbauernhof &#8222;La Cerreta&#8220; entfernt, zwischen der Landschaft und dem Meer der Etruskerk\u00fcste gelegen, bietet Suvereto den Liebhabern von Wanderungen, Mountainbiken oder Reiten viel&#8230; Aber [&hellip;]","og_url":"https:\/\/lacerretaterme.it\/de\/essere-cerreta\/luoghi\/citta-d-arte\/","og_site_name":"La Cerreta","article_modified_time":"2020-04-08T10:26:33+00:00","twitter_card":"summary_large_image","twitter_misc":{"Gesch\u00e4tzte Lesezeit":"1\u00a0Minute"},"schema":{"@context":"https:\/\/schema.org","@graph":[{"@type":"WebPage","@id":"https:\/\/lacerretaterme.it\/de\/essere-cerreta\/luoghi\/citta-d-arte\/","url":"https:\/\/lacerretaterme.it\/de\/essere-cerreta\/luoghi\/citta-d-arte\/","name":"Suvereto - La Cerreta","isPartOf":{"@id":"https:\/\/lacerretaterme.it\/de\/#website"},"datePublished":"2020-01-10T08:38:55+00:00","dateModified":"2020-04-08T10:26:33+00:00","breadcrumb":{"@id":"https:\/\/lacerretaterme.it\/de\/essere-cerreta\/luoghi\/citta-d-arte\/#breadcrumb"},"inLanguage":"de","potentialAction":[{"@type":"ReadAction","target":["https:\/\/lacerretaterme.it\/de\/essere-cerreta\/luoghi\/citta-d-arte\/"]}]},{"@type":"BreadcrumbList","@id":"https:\/\/lacerretaterme.it\/de\/essere-cerreta\/luoghi\/citta-d-arte\/#breadcrumb","itemListElement":[{"@type":"ListItem","position":1,"name":"Cerreta sein","item":"https:\/\/lacerretaterme.it\/de\/essere-cerreta\/"},{"@type":"ListItem","position":2,"name":"Orte","item":"https:\/\/lacerretaterme.it\/de\/essere-cerreta\/luoghi\/"},{"@type":"ListItem","position":3,"name":"Suvereto"}]},{"@type":"WebSite","@id":"https:\/\/lacerretaterme.it\/de\/#website","url":"https:\/\/lacerretaterme.it\/de\/","name":"La Cerreta","description":"Biodynamical thermal farmhouse","potentialAction":[{"@type":"SearchAction","target":{"@type":"EntryPoint","urlTemplate":"https:\/\/lacerretaterme.it\/de\/?s={search_term_string}"},"query-input":"required name=search_term_string"}],"inLanguage":"de"}]}},"_links":{"self":[{"href":"https:\/\/lacerretaterme.it\/de\/wp-json\/wp\/v2\/pages\/9380"}],"collection":[{"href":"https:\/\/lacerretaterme.it\/de\/wp-json\/wp\/v2\/pages"}],"about":[{"href":"https:\/\/lacerretaterme.it\/de\/wp-json\/wp\/v2\/types\/page"}],"author":[{"embeddable":true,"href":"https:\/\/lacerretaterme.it\/de\/wp-json\/wp\/v2\/users\/1"}],"replies":[{"embeddable":true,"href":"https:\/\/lacerretaterme.it\/de\/wp-json\/wp\/v2\/comments?post=9380"}],"version-history":[{"count":2,"href":"https:\/\/lacerretaterme.it\/de\/wp-json\/wp\/v2\/pages\/9380\/revisions"}],"predecessor-version":[{"id":9382,"href":"https:\/\/lacerretaterme.it\/de\/wp-json\/wp\/v2\/pages\/9380\/revisions\/9382"}],"up":[{"embeddable":true,"href":"https:\/\/lacerretaterme.it\/de\/wp-json\/wp\/v2\/pages\/9389"}],"wp:attachment":[{"href":"https:\/\/lacerretaterme.it\/de\/wp-json\/wp\/v2\/media?parent=9380"}],"curies":[{"name":"wp","href":"https:\/\/api.w.org\/{rel}","templated":true}]}}