{"id":9377,"date":"2020-01-10T09:37:06","date_gmt":"2020-01-10T08:37:06","guid":{"rendered":"https:\/\/lacerretaterme.it\/san-gimignano\/"},"modified":"2020-04-08T12:21:42","modified_gmt":"2020-04-08T10:21:42","slug":"san-gimignano","status":"publish","type":"page","link":"https:\/\/lacerretaterme.it\/de\/essere-cerreta\/luoghi\/san-gimignano\/","title":{"rendered":"Bolgheri und Castagneto Carducci"},"content":{"rendered":"<p><img loading=\"lazy\" decoding=\"async\" class=\"alignnone wp-image-2576\" src=\"https:\/\/lacerretaterme.it\/wp-content\/uploads\/2020\/01\/bolgheri-vigneti-scaled.jpg\" alt=\"\" width=\"1095\" height=\"229\" srcset=\"https:\/\/lacerretaterme.it\/wp-content\/uploads\/2020\/01\/bolgheri-vigneti-scaled.jpg 2560w, https:\/\/lacerretaterme.it\/wp-content\/uploads\/2020\/01\/bolgheri-vigneti-768x161.jpg 768w, https:\/\/lacerretaterme.it\/wp-content\/uploads\/2020\/01\/bolgheri-vigneti-1536x321.jpg 1536w, https:\/\/lacerretaterme.it\/wp-content\/uploads\/2020\/01\/bolgheri-vigneti-2048x428.jpg 2048w, https:\/\/lacerretaterme.it\/wp-content\/uploads\/2020\/01\/bolgheri-vigneti-600x125.jpg 600w, https:\/\/lacerretaterme.it\/wp-content\/uploads\/2020\/01\/bolgheri-vigneti-100x21.jpg 100w\" sizes=\"(max-width: 1095px) 100vw, 1095px\" \/><\/p> <p>Auf dem Land der <strong>Etruskerk\u00fcste<\/strong> werden einige der bekanntesten toskanischen Weine der Welt hergestellt, von Sassicaia \u00fcber Ornellia bis hin zu Masseto. Die <strong>Weinstra\u00dfe<\/strong> zu bereisen und die Verkostung eines Glases, das in diese Landschaften eingetaucht ist, hat einen wirklich einzigartigen Geschmack. Nur 12 km von unserem Kur- und <strong><a href=\"https:\/\/lacerretaterme.it\/de\/\">Agritourismuskomplex &#8222;La Cerreta&#8220;<\/a><\/strong> entfernt liegt <strong>Castagneto Carducci<\/strong> mit seinem gem\u00fctlichen Dorf am Berghang, etwa f\u00fcnfzehn Autominuten von einem kristallklaren Meer entfernt.<\/p> <p>Wenn man hier durch die gepflasterten Gassen geht, findet man die <strong>Casa Carducci<\/strong>, in der Gedichte und Dokumente des Dichters Giosu\u00e8 Carducci aufbewahrt werden, den <strong>Palazzo Comunale<\/strong> und viele alte Kirchen wie die <strong>Kirche des Santissimo Crocifisso<\/strong>&#8230; Aber was den Besucher fasziniert, ist auch die entspannte und urlaubs\u00e4hnliche Atmosph\u00e4re mit der ungew\u00f6hnlichen Meeresbrise, die in die Landschaft weht. Nicht zu verpassen, etwas weiter n\u00f6rdlich, <strong>Bolgheri,<\/strong> ein Dorf, das durch die ber\u00fchmte <strong>Viale dei Cipressi<\/strong> &#8222;hoch und geradlinig&#8220; eingef\u00fchrt wurde, die von Carducci gefeiert wird. Das Zentrum schl\u00e4ngelt sich durch das charakteristische <strong>Schloss<\/strong> aus rotem Backstein. Sich in den engen Gassen zu verlaufen, ist die sch\u00f6nste Art, Bolgheri zu besuchen, und man findet sich leicht vor dem Haus wieder, in dem Carducci als Kind lebte&#8230;<\/p> ","protected":false},"excerpt":{"rendered":"<p>Auf dem Land der Etruskerk\u00fcste werden einige der bekanntesten toskanischen Weine der Welt hergestellt, von Sassicaia \u00fcber Ornellia bis hin zu Masseto. Die Weinstra\u00dfe zu bereisen und die Verkostung eines Glases, das in diese Landschaften eingetaucht ist, hat einen wirklich einzigartigen Geschmack. Nur 12 km von unserem Kur- und Agritourismuskomplex &#8222;La Cerreta&#8220; entfernt liegt Castagneto [&hellip;]<\/p>\n","protected":false},"author":1,"featured_media":0,"parent":9389,"menu_order":0,"comment_status":"closed","ping_status":"closed","template":"tpl-simplepage.php","meta":{"_acf_changed":false,"footnotes":""},"acf":[],"yoast_head":"<!-- This site is optimized with the Yoast SEO plugin v22.7 - https:\/\/yoast.com\/wordpress\/plugins\/seo\/ -->\n<title>Bolgheri und Castagneto Carducci - La Cerreta<\/title>\n<meta name=\"robots\" content=\"index, follow, max-snippet:-1, max-image-preview:large, max-video-preview:-1\" \/>\n<link rel=\"canonical\" href=\"https:\/\/lacerretaterme.it\/de\/essere-cerreta\/luoghi\/san-gimignano\/\" \/>\n<meta property=\"og:locale\" content=\"de_DE\" \/>\n<meta property=\"og:type\" content=\"article\" \/>\n<meta property=\"og:title\" content=\"Bolgheri und Castagneto Carducci - La Cerreta\" \/>\n<meta property=\"og:description\" content=\"Auf dem Land der Etruskerk\u00fcste werden einige der bekanntesten toskanischen Weine der Welt hergestellt, von Sassicaia \u00fcber Ornellia bis hin zu Masseto. Die Weinstra\u00dfe zu bereisen und die Verkostung eines Glases, das in diese Landschaften eingetaucht ist, hat einen wirklich einzigartigen Geschmack. Nur 12 km von unserem Kur- und Agritourismuskomplex &#8222;La Cerreta&#8220; entfernt liegt Castagneto [&hellip;]\" \/>\n<meta property=\"og:url\" content=\"https:\/\/lacerretaterme.it\/de\/essere-cerreta\/luoghi\/san-gimignano\/\" \/>\n<meta property=\"og:site_name\" content=\"La Cerreta\" \/>\n<meta property=\"article:modified_time\" content=\"2020-04-08T10:21:42+00:00\" \/>\n<meta property=\"og:image\" content=\"https:\/\/lacerretaterme.it\/wp-content\/uploads\/2020\/01\/bolgheri-vigneti-scaled.jpg\" \/>\n<meta name=\"twitter:card\" content=\"summary_large_image\" \/>\n<meta name=\"twitter:label1\" content=\"Gesch\u00e4tzte Lesezeit\" \/>\n\t<meta name=\"twitter:data1\" content=\"1\u00a0Minute\" \/>\n<script type=\"application\/ld+json\" class=\"yoast-schema-graph\">{\"@context\":\"https:\/\/schema.org\",\"@graph\":[{\"@type\":\"WebPage\",\"@id\":\"https:\/\/lacerretaterme.it\/de\/essere-cerreta\/luoghi\/san-gimignano\/\",\"url\":\"https:\/\/lacerretaterme.it\/de\/essere-cerreta\/luoghi\/san-gimignano\/\",\"name\":\"Bolgheri und Castagneto Carducci - La Cerreta\",\"isPartOf\":{\"@id\":\"https:\/\/lacerretaterme.it\/de\/#website\"},\"primaryImageOfPage\":{\"@id\":\"https:\/\/lacerretaterme.it\/de\/essere-cerreta\/luoghi\/san-gimignano\/#primaryimage\"},\"image\":{\"@id\":\"https:\/\/lacerretaterme.it\/de\/essere-cerreta\/luoghi\/san-gimignano\/#primaryimage\"},\"thumbnailUrl\":\"https:\/\/lacerretaterme.it\/wp-content\/uploads\/2020\/01\/bolgheri-vigneti-scaled.jpg\",\"datePublished\":\"2020-01-10T08:37:06+00:00\",\"dateModified\":\"2020-04-08T10:21:42+00:00\",\"breadcrumb\":{\"@id\":\"https:\/\/lacerretaterme.it\/de\/essere-cerreta\/luoghi\/san-gimignano\/#breadcrumb\"},\"inLanguage\":\"de\",\"potentialAction\":[{\"@type\":\"ReadAction\",\"target\":[\"https:\/\/lacerretaterme.it\/de\/essere-cerreta\/luoghi\/san-gimignano\/\"]}]},{\"@type\":\"ImageObject\",\"inLanguage\":\"de\",\"@id\":\"https:\/\/lacerretaterme.it\/de\/essere-cerreta\/luoghi\/san-gimignano\/#primaryimage\",\"url\":\"https:\/\/lacerretaterme.it\/wp-content\/uploads\/2020\/01\/bolgheri-vigneti-scaled.jpg\",\"contentUrl\":\"https:\/\/lacerretaterme.it\/wp-content\/uploads\/2020\/01\/bolgheri-vigneti-scaled.jpg\"},{\"@type\":\"BreadcrumbList\",\"@id\":\"https:\/\/lacerretaterme.it\/de\/essere-cerreta\/luoghi\/san-gimignano\/#breadcrumb\",\"itemListElement\":[{\"@type\":\"ListItem\",\"position\":1,\"name\":\"Cerreta sein\",\"item\":\"https:\/\/lacerretaterme.it\/de\/essere-cerreta\/\"},{\"@type\":\"ListItem\",\"position\":2,\"name\":\"Orte\",\"item\":\"https:\/\/lacerretaterme.it\/de\/essere-cerreta\/luoghi\/\"},{\"@type\":\"ListItem\",\"position\":3,\"name\":\"Bolgheri und Castagneto Carducci\"}]},{\"@type\":\"WebSite\",\"@id\":\"https:\/\/lacerretaterme.it\/de\/#website\",\"url\":\"https:\/\/lacerretaterme.it\/de\/\",\"name\":\"La Cerreta\",\"description\":\"Biodynamical thermal farmhouse\",\"potentialAction\":[{\"@type\":\"SearchAction\",\"target\":{\"@type\":\"EntryPoint\",\"urlTemplate\":\"https:\/\/lacerretaterme.it\/de\/?s={search_term_string}\"},\"query-input\":\"required name=search_term_string\"}],\"inLanguage\":\"de\"}]}<\/script>\n<!-- \/ Yoast SEO plugin. -->","yoast_head_json":{"title":"Bolgheri und Castagneto Carducci - La Cerreta","robots":{"index":"index","follow":"follow","max-snippet":"max-snippet:-1","max-image-preview":"max-image-preview:large","max-video-preview":"max-video-preview:-1"},"canonical":"https:\/\/lacerretaterme.it\/de\/essere-cerreta\/luoghi\/san-gimignano\/","og_locale":"de_DE","og_type":"article","og_title":"Bolgheri und Castagneto Carducci - La Cerreta","og_description":"Auf dem Land der Etruskerk\u00fcste werden einige der bekanntesten toskanischen Weine der Welt hergestellt, von Sassicaia \u00fcber Ornellia bis hin zu Masseto. Die Weinstra\u00dfe zu bereisen und die Verkostung eines Glases, das in diese Landschaften eingetaucht ist, hat einen wirklich einzigartigen Geschmack. Nur 12 km von unserem Kur- und Agritourismuskomplex &#8222;La Cerreta&#8220; entfernt liegt Castagneto [&hellip;]","og_url":"https:\/\/lacerretaterme.it\/de\/essere-cerreta\/luoghi\/san-gimignano\/","og_site_name":"La Cerreta","article_modified_time":"2020-04-08T10:21:42+00:00","og_image":[{"url":"https:\/\/lacerretaterme.it\/wp-content\/uploads\/2020\/01\/bolgheri-vigneti-scaled.jpg"}],"twitter_card":"summary_large_image","twitter_misc":{"Gesch\u00e4tzte Lesezeit":"1\u00a0Minute"},"schema":{"@context":"https:\/\/schema.org","@graph":[{"@type":"WebPage","@id":"https:\/\/lacerretaterme.it\/de\/essere-cerreta\/luoghi\/san-gimignano\/","url":"https:\/\/lacerretaterme.it\/de\/essere-cerreta\/luoghi\/san-gimignano\/","name":"Bolgheri und Castagneto Carducci - La Cerreta","isPartOf":{"@id":"https:\/\/lacerretaterme.it\/de\/#website"},"primaryImageOfPage":{"@id":"https:\/\/lacerretaterme.it\/de\/essere-cerreta\/luoghi\/san-gimignano\/#primaryimage"},"image":{"@id":"https:\/\/lacerretaterme.it\/de\/essere-cerreta\/luoghi\/san-gimignano\/#primaryimage"},"thumbnailUrl":"https:\/\/lacerretaterme.it\/wp-content\/uploads\/2020\/01\/bolgheri-vigneti-scaled.jpg","datePublished":"2020-01-10T08:37:06+00:00","dateModified":"2020-04-08T10:21:42+00:00","breadcrumb":{"@id":"https:\/\/lacerretaterme.it\/de\/essere-cerreta\/luoghi\/san-gimignano\/#breadcrumb"},"inLanguage":"de","potentialAction":[{"@type":"ReadAction","target":["https:\/\/lacerretaterme.it\/de\/essere-cerreta\/luoghi\/san-gimignano\/"]}]},{"@type":"ImageObject","inLanguage":"de","@id":"https:\/\/lacerretaterme.it\/de\/essere-cerreta\/luoghi\/san-gimignano\/#primaryimage","url":"https:\/\/lacerretaterme.it\/wp-content\/uploads\/2020\/01\/bolgheri-vigneti-scaled.jpg","contentUrl":"https:\/\/lacerretaterme.it\/wp-content\/uploads\/2020\/01\/bolgheri-vigneti-scaled.jpg"},{"@type":"BreadcrumbList","@id":"https:\/\/lacerretaterme.it\/de\/essere-cerreta\/luoghi\/san-gimignano\/#breadcrumb","itemListElement":[{"@type":"ListItem","position":1,"name":"Cerreta sein","item":"https:\/\/lacerretaterme.it\/de\/essere-cerreta\/"},{"@type":"ListItem","position":2,"name":"Orte","item":"https:\/\/lacerretaterme.it\/de\/essere-cerreta\/luoghi\/"},{"@type":"ListItem","position":3,"name":"Bolgheri und Castagneto Carducci"}]},{"@type":"WebSite","@id":"https:\/\/lacerretaterme.it\/de\/#website","url":"https:\/\/lacerretaterme.it\/de\/","name":"La Cerreta","description":"Biodynamical thermal farmhouse","potentialAction":[{"@type":"SearchAction","target":{"@type":"EntryPoint","urlTemplate":"https:\/\/lacerretaterme.it\/de\/?s={search_term_string}"},"query-input":"required name=search_term_string"}],"inLanguage":"de"}]}},"_links":{"self":[{"href":"https:\/\/lacerretaterme.it\/de\/wp-json\/wp\/v2\/pages\/9377"}],"collection":[{"href":"https:\/\/lacerretaterme.it\/de\/wp-json\/wp\/v2\/pages"}],"about":[{"href":"https:\/\/lacerretaterme.it\/de\/wp-json\/wp\/v2\/types\/page"}],"author":[{"embeddable":true,"href":"https:\/\/lacerretaterme.it\/de\/wp-json\/wp\/v2\/users\/1"}],"replies":[{"embeddable":true,"href":"https:\/\/lacerretaterme.it\/de\/wp-json\/wp\/v2\/comments?post=9377"}],"version-history":[{"count":2,"href":"https:\/\/lacerretaterme.it\/de\/wp-json\/wp\/v2\/pages\/9377\/revisions"}],"predecessor-version":[{"id":9379,"href":"https:\/\/lacerretaterme.it\/de\/wp-json\/wp\/v2\/pages\/9377\/revisions\/9379"}],"up":[{"embeddable":true,"href":"https:\/\/lacerretaterme.it\/de\/wp-json\/wp\/v2\/pages\/9389"}],"wp:attachment":[{"href":"https:\/\/lacerretaterme.it\/de\/wp-json\/wp\/v2\/media?parent=9377"}],"curies":[{"name":"wp","href":"https:\/\/api.w.org\/{rel}","templated":true}]}}