{"id":9374,"date":"2020-01-10T09:24:00","date_gmt":"2020-01-10T08:24:00","guid":{"rendered":"https:\/\/lacerretaterme.it\/volterra\/"},"modified":"2020-04-08T12:18:09","modified_gmt":"2020-04-08T10:18:09","slug":"volterra","status":"publish","type":"page","link":"https:\/\/lacerretaterme.it\/de\/essere-cerreta\/luoghi\/volterra\/","title":{"rendered":"Kunstst\u00e4dte: Siena und Pisa"},"content":{"rendered":"<p><img loading=\"lazy\" decoding=\"async\" class=\"alignnone wp-image-2284\" src=\"https:\/\/lacerretaterme.it\/wp-content\/uploads\/2020\/01\/Piazza_dei_miracoli_-_Pisa-scaled.jpg\" alt=\"\" width=\"1092\" height=\"234\" \/><\/p> <p>F\u00fcr diejenigen, die in die Toskana kommen, ist eine unumg\u00e4ngliche Verabredung die mit den Kunstst\u00e4dten. Weniger als zwei Autostunden von unseren <a href=\"https:\/\/lacerretaterme.it\/de\/\">Thermalb\u00e4dern und unserem Agritourismuskomplex &#8222;La Cerreta&#8220;<\/a> entfernt befinden sich einige der wichtigsten toskanischen Reiseziele, kunst- und geschichtstr\u00e4chtige St\u00e4dte, die auf der ganzen Welt f\u00fcr ihre Sch\u00f6nheit ber\u00fchmt sind. In Richtung Norden liegt <strong>Pisa<\/strong> mit seinem ikonischen <strong>Schiefen Turm<\/strong> und der sch\u00f6nen <strong>Piazza dei Miracoli<\/strong>.<\/p> <p>Wenn man einmal das unvermeidliche Foto vor dem Turm gemacht hat, bietet Pisa denjenigen, die es besuchen, immer noch eine Menge. Einige Zeit ist zum Beispiel einem Spaziergang entlang der <strong>Lungarni<\/strong> wert. Aber auch die <strong>Piazza dei Cavalieri<\/strong> ist eine un\u00fcbersehbare Station: Ihr <strong>Palazzo della Carovana<\/strong>, einst Sitz der Ritter des Heiligen Geistes und von Vasari wieder aufgebaut, beherbergt heute die angesehene Scuola Normale di Pisa. Hier sind der <strong>Palazzo dell&#8217;Orologio<\/strong> und die <strong>Kirche Santo Stefano dei Cavalieri<\/strong> zu bewundern. Und um spazieren zu gehen und einen guten Kaffee zu trinken, ist der <strong>Borgo Stretto<\/strong> mit seinen mittelalterlichen Arkaden das Ideal.<\/p> <p>Wenn Sie stattdessen lieber <strong>Siena<\/strong> mit seinen mittelalterlichen Backsteinbauten besuchen m\u00f6chten, ist die richtige Richtung nach Osten. Diese Stadt wird Sie erstaunen, denn die Farbe des &#8222;Landes Siena&#8220; durchdringt die meisten st\u00e4dtischen Umgebungen wie eine Harmonie. Die <strong>Piazza del Campo mit ihrem leichten und charakteristischen Hang<\/strong>, dem <strong>Palazzo Pubblico und dem Torre del Mangia<\/strong>, von dem aus man eine spektakul\u00e4re Aussicht bewundern kann, ist absolut sehenswert. Aber auch der <strong>Dom<\/strong> mit seiner schwarz-wei\u00dfen Fassade und das <strong>Baptisterium<\/strong> sind nicht zu \u00fcbersehen. Und die <strong>Feinschmecker<\/strong> haben die Qual der Wahl. Irgendwelche Ratschl\u00e4ge? Cantucci, Ricciarelli, Cavallucci, Panforte&#8230; Begleitet von dem unvermeidlichen Vin Santo.<\/p> ","protected":false},"excerpt":{"rendered":"<p>F\u00fcr diejenigen, die in die Toskana kommen, ist eine unumg\u00e4ngliche Verabredung die mit den Kunstst\u00e4dten. Weniger als zwei Autostunden von unseren Thermalb\u00e4dern und unserem Agritourismuskomplex &#8222;La Cerreta&#8220; entfernt befinden sich einige der wichtigsten toskanischen Reiseziele, kunst- und geschichtstr\u00e4chtige St\u00e4dte, die auf der ganzen Welt f\u00fcr ihre Sch\u00f6nheit ber\u00fchmt sind. In Richtung Norden liegt Pisa mit [&hellip;]<\/p>\n","protected":false},"author":1,"featured_media":0,"parent":9389,"menu_order":0,"comment_status":"closed","ping_status":"closed","template":"tpl-simplepage.php","meta":{"_acf_changed":false,"footnotes":""},"acf":[],"yoast_head":"<!-- This site is optimized with the Yoast SEO plugin v22.7 - https:\/\/yoast.com\/wordpress\/plugins\/seo\/ -->\n<title>Kunstst\u00e4dte: Siena und Pisa - La Cerreta<\/title>\n<meta name=\"robots\" content=\"index, follow, max-snippet:-1, max-image-preview:large, max-video-preview:-1\" \/>\n<link rel=\"canonical\" href=\"https:\/\/lacerretaterme.it\/de\/essere-cerreta\/luoghi\/volterra\/\" \/>\n<meta property=\"og:locale\" content=\"de_DE\" \/>\n<meta property=\"og:type\" content=\"article\" \/>\n<meta property=\"og:title\" content=\"Kunstst\u00e4dte: Siena und Pisa - La Cerreta\" \/>\n<meta property=\"og:description\" content=\"F\u00fcr diejenigen, die in die Toskana kommen, ist eine unumg\u00e4ngliche Verabredung die mit den Kunstst\u00e4dten. Weniger als zwei Autostunden von unseren Thermalb\u00e4dern und unserem Agritourismuskomplex &#8222;La Cerreta&#8220; entfernt befinden sich einige der wichtigsten toskanischen Reiseziele, kunst- und geschichtstr\u00e4chtige St\u00e4dte, die auf der ganzen Welt f\u00fcr ihre Sch\u00f6nheit ber\u00fchmt sind. In Richtung Norden liegt Pisa mit [&hellip;]\" \/>\n<meta property=\"og:url\" content=\"https:\/\/lacerretaterme.it\/de\/essere-cerreta\/luoghi\/volterra\/\" \/>\n<meta property=\"og:site_name\" content=\"La Cerreta\" \/>\n<meta property=\"article:modified_time\" content=\"2020-04-08T10:18:09+00:00\" \/>\n<meta property=\"og:image\" content=\"https:\/\/lacerretaterme.it\/wp-content\/uploads\/2020\/01\/Piazza_dei_miracoli_-_Pisa-scaled.jpg\" \/>\n<meta name=\"twitter:card\" content=\"summary_large_image\" \/>\n<meta name=\"twitter:label1\" content=\"Gesch\u00e4tzte Lesezeit\" \/>\n\t<meta name=\"twitter:data1\" content=\"1\u00a0Minute\" \/>\n<script type=\"application\/ld+json\" class=\"yoast-schema-graph\">{\"@context\":\"https:\/\/schema.org\",\"@graph\":[{\"@type\":\"WebPage\",\"@id\":\"https:\/\/lacerretaterme.it\/de\/essere-cerreta\/luoghi\/volterra\/\",\"url\":\"https:\/\/lacerretaterme.it\/de\/essere-cerreta\/luoghi\/volterra\/\",\"name\":\"Kunstst\u00e4dte: Siena und Pisa - La Cerreta\",\"isPartOf\":{\"@id\":\"https:\/\/lacerretaterme.it\/de\/#website\"},\"primaryImageOfPage\":{\"@id\":\"https:\/\/lacerretaterme.it\/de\/essere-cerreta\/luoghi\/volterra\/#primaryimage\"},\"image\":{\"@id\":\"https:\/\/lacerretaterme.it\/de\/essere-cerreta\/luoghi\/volterra\/#primaryimage\"},\"thumbnailUrl\":\"https:\/\/lacerretaterme.it\/wp-content\/uploads\/2020\/01\/Piazza_dei_miracoli_-_Pisa-scaled.jpg\",\"datePublished\":\"2020-01-10T08:24:00+00:00\",\"dateModified\":\"2020-04-08T10:18:09+00:00\",\"breadcrumb\":{\"@id\":\"https:\/\/lacerretaterme.it\/de\/essere-cerreta\/luoghi\/volterra\/#breadcrumb\"},\"inLanguage\":\"de\",\"potentialAction\":[{\"@type\":\"ReadAction\",\"target\":[\"https:\/\/lacerretaterme.it\/de\/essere-cerreta\/luoghi\/volterra\/\"]}]},{\"@type\":\"ImageObject\",\"inLanguage\":\"de\",\"@id\":\"https:\/\/lacerretaterme.it\/de\/essere-cerreta\/luoghi\/volterra\/#primaryimage\",\"url\":\"https:\/\/lacerretaterme.it\/wp-content\/uploads\/2020\/01\/Piazza_dei_miracoli_-_Pisa-scaled.jpg\",\"contentUrl\":\"https:\/\/lacerretaterme.it\/wp-content\/uploads\/2020\/01\/Piazza_dei_miracoli_-_Pisa-scaled.jpg\"},{\"@type\":\"BreadcrumbList\",\"@id\":\"https:\/\/lacerretaterme.it\/de\/essere-cerreta\/luoghi\/volterra\/#breadcrumb\",\"itemListElement\":[{\"@type\":\"ListItem\",\"position\":1,\"name\":\"Cerreta sein\",\"item\":\"https:\/\/lacerretaterme.it\/de\/essere-cerreta\/\"},{\"@type\":\"ListItem\",\"position\":2,\"name\":\"Orte\",\"item\":\"https:\/\/lacerretaterme.it\/de\/essere-cerreta\/luoghi\/\"},{\"@type\":\"ListItem\",\"position\":3,\"name\":\"Kunstst\u00e4dte: Siena und Pisa\"}]},{\"@type\":\"WebSite\",\"@id\":\"https:\/\/lacerretaterme.it\/de\/#website\",\"url\":\"https:\/\/lacerretaterme.it\/de\/\",\"name\":\"La Cerreta\",\"description\":\"Biodynamical thermal farmhouse\",\"potentialAction\":[{\"@type\":\"SearchAction\",\"target\":{\"@type\":\"EntryPoint\",\"urlTemplate\":\"https:\/\/lacerretaterme.it\/de\/?s={search_term_string}\"},\"query-input\":\"required name=search_term_string\"}],\"inLanguage\":\"de\"}]}<\/script>\n<!-- \/ Yoast SEO plugin. -->","yoast_head_json":{"title":"Kunstst\u00e4dte: Siena und Pisa - La Cerreta","robots":{"index":"index","follow":"follow","max-snippet":"max-snippet:-1","max-image-preview":"max-image-preview:large","max-video-preview":"max-video-preview:-1"},"canonical":"https:\/\/lacerretaterme.it\/de\/essere-cerreta\/luoghi\/volterra\/","og_locale":"de_DE","og_type":"article","og_title":"Kunstst\u00e4dte: Siena und Pisa - La Cerreta","og_description":"F\u00fcr diejenigen, die in die Toskana kommen, ist eine unumg\u00e4ngliche Verabredung die mit den Kunstst\u00e4dten. Weniger als zwei Autostunden von unseren Thermalb\u00e4dern und unserem Agritourismuskomplex &#8222;La Cerreta&#8220; entfernt befinden sich einige der wichtigsten toskanischen Reiseziele, kunst- und geschichtstr\u00e4chtige St\u00e4dte, die auf der ganzen Welt f\u00fcr ihre Sch\u00f6nheit ber\u00fchmt sind. In Richtung Norden liegt Pisa mit [&hellip;]","og_url":"https:\/\/lacerretaterme.it\/de\/essere-cerreta\/luoghi\/volterra\/","og_site_name":"La Cerreta","article_modified_time":"2020-04-08T10:18:09+00:00","og_image":[{"url":"https:\/\/lacerretaterme.it\/wp-content\/uploads\/2020\/01\/Piazza_dei_miracoli_-_Pisa-scaled.jpg"}],"twitter_card":"summary_large_image","twitter_misc":{"Gesch\u00e4tzte Lesezeit":"1\u00a0Minute"},"schema":{"@context":"https:\/\/schema.org","@graph":[{"@type":"WebPage","@id":"https:\/\/lacerretaterme.it\/de\/essere-cerreta\/luoghi\/volterra\/","url":"https:\/\/lacerretaterme.it\/de\/essere-cerreta\/luoghi\/volterra\/","name":"Kunstst\u00e4dte: Siena und Pisa - La Cerreta","isPartOf":{"@id":"https:\/\/lacerretaterme.it\/de\/#website"},"primaryImageOfPage":{"@id":"https:\/\/lacerretaterme.it\/de\/essere-cerreta\/luoghi\/volterra\/#primaryimage"},"image":{"@id":"https:\/\/lacerretaterme.it\/de\/essere-cerreta\/luoghi\/volterra\/#primaryimage"},"thumbnailUrl":"https:\/\/lacerretaterme.it\/wp-content\/uploads\/2020\/01\/Piazza_dei_miracoli_-_Pisa-scaled.jpg","datePublished":"2020-01-10T08:24:00+00:00","dateModified":"2020-04-08T10:18:09+00:00","breadcrumb":{"@id":"https:\/\/lacerretaterme.it\/de\/essere-cerreta\/luoghi\/volterra\/#breadcrumb"},"inLanguage":"de","potentialAction":[{"@type":"ReadAction","target":["https:\/\/lacerretaterme.it\/de\/essere-cerreta\/luoghi\/volterra\/"]}]},{"@type":"ImageObject","inLanguage":"de","@id":"https:\/\/lacerretaterme.it\/de\/essere-cerreta\/luoghi\/volterra\/#primaryimage","url":"https:\/\/lacerretaterme.it\/wp-content\/uploads\/2020\/01\/Piazza_dei_miracoli_-_Pisa-scaled.jpg","contentUrl":"https:\/\/lacerretaterme.it\/wp-content\/uploads\/2020\/01\/Piazza_dei_miracoli_-_Pisa-scaled.jpg"},{"@type":"BreadcrumbList","@id":"https:\/\/lacerretaterme.it\/de\/essere-cerreta\/luoghi\/volterra\/#breadcrumb","itemListElement":[{"@type":"ListItem","position":1,"name":"Cerreta sein","item":"https:\/\/lacerretaterme.it\/de\/essere-cerreta\/"},{"@type":"ListItem","position":2,"name":"Orte","item":"https:\/\/lacerretaterme.it\/de\/essere-cerreta\/luoghi\/"},{"@type":"ListItem","position":3,"name":"Kunstst\u00e4dte: Siena und Pisa"}]},{"@type":"WebSite","@id":"https:\/\/lacerretaterme.it\/de\/#website","url":"https:\/\/lacerretaterme.it\/de\/","name":"La Cerreta","description":"Biodynamical thermal farmhouse","potentialAction":[{"@type":"SearchAction","target":{"@type":"EntryPoint","urlTemplate":"https:\/\/lacerretaterme.it\/de\/?s={search_term_string}"},"query-input":"required name=search_term_string"}],"inLanguage":"de"}]}},"_links":{"self":[{"href":"https:\/\/lacerretaterme.it\/de\/wp-json\/wp\/v2\/pages\/9374"}],"collection":[{"href":"https:\/\/lacerretaterme.it\/de\/wp-json\/wp\/v2\/pages"}],"about":[{"href":"https:\/\/lacerretaterme.it\/de\/wp-json\/wp\/v2\/types\/page"}],"author":[{"embeddable":true,"href":"https:\/\/lacerretaterme.it\/de\/wp-json\/wp\/v2\/users\/1"}],"replies":[{"embeddable":true,"href":"https:\/\/lacerretaterme.it\/de\/wp-json\/wp\/v2\/comments?post=9374"}],"version-history":[{"count":2,"href":"https:\/\/lacerretaterme.it\/de\/wp-json\/wp\/v2\/pages\/9374\/revisions"}],"predecessor-version":[{"id":9376,"href":"https:\/\/lacerretaterme.it\/de\/wp-json\/wp\/v2\/pages\/9374\/revisions\/9376"}],"up":[{"embeddable":true,"href":"https:\/\/lacerretaterme.it\/de\/wp-json\/wp\/v2\/pages\/9389"}],"wp:attachment":[{"href":"https:\/\/lacerretaterme.it\/de\/wp-json\/wp\/v2\/media?parent=9374"}],"curies":[{"name":"wp","href":"https:\/\/api.w.org\/{rel}","templated":true}]}}