{"id":9371,"date":"2020-01-09T17:42:10","date_gmt":"2020-01-09T16:42:10","guid":{"rendered":"https:\/\/lacerretaterme.it\/sassetta\/"},"modified":"2020-04-08T12:13:52","modified_gmt":"2020-04-08T10:13:52","slug":"sassetta","status":"publish","type":"page","link":"https:\/\/lacerretaterme.it\/de\/essere-cerreta\/luoghi\/sassetta\/","title":{"rendered":"Sassetta"},"content":{"rendered":"<p>Nur wenige Minuten von unserem <a href=\"https:\/\/lacerretaterme.it\/de\/\">Thermalbad- und Ferienbauernhofkomplex &#8222;La Cerreta&#8220;<\/a> entfernt, liegt das <strong>kleine Dorf Sassetta<\/strong>, dessen Name 1115 zum ersten Mal bezeugt wird und das majest\u00e4tisch auf dem H\u00fcgel thront.<\/p> <p>Es ist ein Dorf fernab von den Kreisl\u00e4ufen des Massentourismus, aber vielleicht gerade deshalb besonders sch\u00f6n und authentisch: auch heute noch ist es in der Tat ein Sprecher der authentischsten und echtesten toskanischen Tradition.<\/p> <p>Sassetta ist ein schroffer und wilder, poetisch-rustikaler Ort, an dem die Zeit auf magische Weise stehen geblieben zu sein scheint, um das Geheimnis eines <strong>archaischen Gleichgewichts zwischen Erde, Mensch und Natur zu verbergen<\/strong>. Wir befinden uns in der Mitte des <strong>Val di Cornia<\/strong>, im n\u00f6rdlichsten Teil der <strong>toskanischen Maremma<\/strong>.<\/p> <p>Unter den H\u00e4usern, die teilweise aus dem ber\u00fchmten rosa Marmor aus dem Steinbruch, der vor Ort abgebaut wurde, gibt es noch alte Handwerksberufe wie Steinmetze, K\u00f6hler, Holzf\u00e4ller, Handwerker &#8230; Und es gibt so viel Wald, so viel gr\u00fcn, so viel \u00fcppige Natur.<\/p> <p>Wir von Cerreta sind in diese faszinierende Umgebung eingetaucht: Wir befinden uns mitten im <strong>Park Poggio Neri<\/strong>, der aus etwa siebenhundert Hektar Wald besteht und der etwa vierzig Wege einschlie\u00dft, die mit dem Fahrrad, zu Fu\u00df oder sogar zu Pferd zur\u00fcckgelegt werden k\u00f6nnen.<\/p> <p>Hier k\u00f6nnen die Neugierigsten einen Gro\u00dfteil des Gebiets und seiner Traditionen entdecken, indem sie das <strong>Waldmuseum<\/strong> besuchen oder vielleicht entlang der <strong>Via del Castagno<\/strong> streifen, die erz\u00e4hlt, wie viel unser Land dieser gro\u00dfz\u00fcgigen Pflanze verdankt.<\/p> <p>Und eine gro\u00dfe Attraktion f\u00fcr Sassetta sind nat\u00fcrlich unsere <strong>Thermalw\u00e4sser<\/strong>, die mit einer Temperatur von 51\u00b0C aus dem Untergrund austreten und ein wahres Geschenk der Natur sind. Nach einem Ausflug in die Umgebung ist ein Bad in unserem nat\u00fcrlich warmen Wasser das, was Sie brauchen, um sich zu regenerieren.<\/p> ","protected":false},"excerpt":{"rendered":"<p>Nur wenige Minuten von unserem Thermalbad- und Ferienbauernhofkomplex &#8222;La Cerreta&#8220; entfernt, liegt das kleine Dorf Sassetta, dessen Name 1115 zum ersten Mal bezeugt wird und das majest\u00e4tisch auf dem H\u00fcgel thront. Es ist ein Dorf fernab von den Kreisl\u00e4ufen des Massentourismus, aber vielleicht gerade deshalb besonders sch\u00f6n und authentisch: auch heute noch ist es in [&hellip;]<\/p>\n","protected":false},"author":1,"featured_media":0,"parent":9389,"menu_order":0,"comment_status":"closed","ping_status":"closed","template":"tpl-simplepage.php","meta":{"_acf_changed":false,"footnotes":""},"acf":[],"yoast_head":"<!-- This site is optimized with the Yoast SEO plugin v22.7 - https:\/\/yoast.com\/wordpress\/plugins\/seo\/ -->\n<title>Sassetta - La Cerreta<\/title>\n<meta name=\"robots\" content=\"index, follow, max-snippet:-1, max-image-preview:large, max-video-preview:-1\" \/>\n<link rel=\"canonical\" href=\"https:\/\/lacerretaterme.it\/de\/essere-cerreta\/luoghi\/sassetta\/\" \/>\n<meta property=\"og:locale\" content=\"de_DE\" \/>\n<meta property=\"og:type\" content=\"article\" \/>\n<meta property=\"og:title\" content=\"Sassetta - La Cerreta\" \/>\n<meta property=\"og:description\" content=\"Nur wenige Minuten von unserem Thermalbad- und Ferienbauernhofkomplex &#8222;La Cerreta&#8220; entfernt, liegt das kleine Dorf Sassetta, dessen Name 1115 zum ersten Mal bezeugt wird und das majest\u00e4tisch auf dem H\u00fcgel thront. Es ist ein Dorf fernab von den Kreisl\u00e4ufen des Massentourismus, aber vielleicht gerade deshalb besonders sch\u00f6n und authentisch: auch heute noch ist es in [&hellip;]\" \/>\n<meta property=\"og:url\" content=\"https:\/\/lacerretaterme.it\/de\/essere-cerreta\/luoghi\/sassetta\/\" \/>\n<meta property=\"og:site_name\" content=\"La Cerreta\" \/>\n<meta property=\"article:modified_time\" content=\"2020-04-08T10:13:52+00:00\" \/>\n<meta name=\"twitter:card\" content=\"summary_large_image\" \/>\n<meta name=\"twitter:label1\" content=\"Gesch\u00e4tzte Lesezeit\" \/>\n\t<meta name=\"twitter:data1\" content=\"2\u00a0Minuten\" \/>\n<script type=\"application\/ld+json\" class=\"yoast-schema-graph\">{\"@context\":\"https:\/\/schema.org\",\"@graph\":[{\"@type\":\"WebPage\",\"@id\":\"https:\/\/lacerretaterme.it\/de\/essere-cerreta\/luoghi\/sassetta\/\",\"url\":\"https:\/\/lacerretaterme.it\/de\/essere-cerreta\/luoghi\/sassetta\/\",\"name\":\"Sassetta - La Cerreta\",\"isPartOf\":{\"@id\":\"https:\/\/lacerretaterme.it\/de\/#website\"},\"datePublished\":\"2020-01-09T16:42:10+00:00\",\"dateModified\":\"2020-04-08T10:13:52+00:00\",\"breadcrumb\":{\"@id\":\"https:\/\/lacerretaterme.it\/de\/essere-cerreta\/luoghi\/sassetta\/#breadcrumb\"},\"inLanguage\":\"de\",\"potentialAction\":[{\"@type\":\"ReadAction\",\"target\":[\"https:\/\/lacerretaterme.it\/de\/essere-cerreta\/luoghi\/sassetta\/\"]}]},{\"@type\":\"BreadcrumbList\",\"@id\":\"https:\/\/lacerretaterme.it\/de\/essere-cerreta\/luoghi\/sassetta\/#breadcrumb\",\"itemListElement\":[{\"@type\":\"ListItem\",\"position\":1,\"name\":\"Cerreta sein\",\"item\":\"https:\/\/lacerretaterme.it\/de\/essere-cerreta\/\"},{\"@type\":\"ListItem\",\"position\":2,\"name\":\"Orte\",\"item\":\"https:\/\/lacerretaterme.it\/de\/essere-cerreta\/luoghi\/\"},{\"@type\":\"ListItem\",\"position\":3,\"name\":\"Sassetta\"}]},{\"@type\":\"WebSite\",\"@id\":\"https:\/\/lacerretaterme.it\/de\/#website\",\"url\":\"https:\/\/lacerretaterme.it\/de\/\",\"name\":\"La Cerreta\",\"description\":\"Biodynamical thermal farmhouse\",\"potentialAction\":[{\"@type\":\"SearchAction\",\"target\":{\"@type\":\"EntryPoint\",\"urlTemplate\":\"https:\/\/lacerretaterme.it\/de\/?s={search_term_string}\"},\"query-input\":\"required name=search_term_string\"}],\"inLanguage\":\"de\"}]}<\/script>\n<!-- \/ Yoast SEO plugin. -->","yoast_head_json":{"title":"Sassetta - La Cerreta","robots":{"index":"index","follow":"follow","max-snippet":"max-snippet:-1","max-image-preview":"max-image-preview:large","max-video-preview":"max-video-preview:-1"},"canonical":"https:\/\/lacerretaterme.it\/de\/essere-cerreta\/luoghi\/sassetta\/","og_locale":"de_DE","og_type":"article","og_title":"Sassetta - La Cerreta","og_description":"Nur wenige Minuten von unserem Thermalbad- und Ferienbauernhofkomplex &#8222;La Cerreta&#8220; entfernt, liegt das kleine Dorf Sassetta, dessen Name 1115 zum ersten Mal bezeugt wird und das majest\u00e4tisch auf dem H\u00fcgel thront. Es ist ein Dorf fernab von den Kreisl\u00e4ufen des Massentourismus, aber vielleicht gerade deshalb besonders sch\u00f6n und authentisch: auch heute noch ist es in [&hellip;]","og_url":"https:\/\/lacerretaterme.it\/de\/essere-cerreta\/luoghi\/sassetta\/","og_site_name":"La Cerreta","article_modified_time":"2020-04-08T10:13:52+00:00","twitter_card":"summary_large_image","twitter_misc":{"Gesch\u00e4tzte Lesezeit":"2\u00a0Minuten"},"schema":{"@context":"https:\/\/schema.org","@graph":[{"@type":"WebPage","@id":"https:\/\/lacerretaterme.it\/de\/essere-cerreta\/luoghi\/sassetta\/","url":"https:\/\/lacerretaterme.it\/de\/essere-cerreta\/luoghi\/sassetta\/","name":"Sassetta - La Cerreta","isPartOf":{"@id":"https:\/\/lacerretaterme.it\/de\/#website"},"datePublished":"2020-01-09T16:42:10+00:00","dateModified":"2020-04-08T10:13:52+00:00","breadcrumb":{"@id":"https:\/\/lacerretaterme.it\/de\/essere-cerreta\/luoghi\/sassetta\/#breadcrumb"},"inLanguage":"de","potentialAction":[{"@type":"ReadAction","target":["https:\/\/lacerretaterme.it\/de\/essere-cerreta\/luoghi\/sassetta\/"]}]},{"@type":"BreadcrumbList","@id":"https:\/\/lacerretaterme.it\/de\/essere-cerreta\/luoghi\/sassetta\/#breadcrumb","itemListElement":[{"@type":"ListItem","position":1,"name":"Cerreta sein","item":"https:\/\/lacerretaterme.it\/de\/essere-cerreta\/"},{"@type":"ListItem","position":2,"name":"Orte","item":"https:\/\/lacerretaterme.it\/de\/essere-cerreta\/luoghi\/"},{"@type":"ListItem","position":3,"name":"Sassetta"}]},{"@type":"WebSite","@id":"https:\/\/lacerretaterme.it\/de\/#website","url":"https:\/\/lacerretaterme.it\/de\/","name":"La Cerreta","description":"Biodynamical thermal farmhouse","potentialAction":[{"@type":"SearchAction","target":{"@type":"EntryPoint","urlTemplate":"https:\/\/lacerretaterme.it\/de\/?s={search_term_string}"},"query-input":"required name=search_term_string"}],"inLanguage":"de"}]}},"_links":{"self":[{"href":"https:\/\/lacerretaterme.it\/de\/wp-json\/wp\/v2\/pages\/9371"}],"collection":[{"href":"https:\/\/lacerretaterme.it\/de\/wp-json\/wp\/v2\/pages"}],"about":[{"href":"https:\/\/lacerretaterme.it\/de\/wp-json\/wp\/v2\/types\/page"}],"author":[{"embeddable":true,"href":"https:\/\/lacerretaterme.it\/de\/wp-json\/wp\/v2\/users\/1"}],"replies":[{"embeddable":true,"href":"https:\/\/lacerretaterme.it\/de\/wp-json\/wp\/v2\/comments?post=9371"}],"version-history":[{"count":2,"href":"https:\/\/lacerretaterme.it\/de\/wp-json\/wp\/v2\/pages\/9371\/revisions"}],"predecessor-version":[{"id":9373,"href":"https:\/\/lacerretaterme.it\/de\/wp-json\/wp\/v2\/pages\/9371\/revisions\/9373"}],"up":[{"embeddable":true,"href":"https:\/\/lacerretaterme.it\/de\/wp-json\/wp\/v2\/pages\/9389"}],"wp:attachment":[{"href":"https:\/\/lacerretaterme.it\/de\/wp-json\/wp\/v2\/media?parent=9371"}],"curies":[{"name":"wp","href":"https:\/\/api.w.org\/{rel}","templated":true}]}}